{"id":2773,"date":"2015-09-04T23:39:26","date_gmt":"2015-09-04T21:39:26","guid":{"rendered":"http:\/\/blog-bobika.eu\/?page_id=2773"},"modified":"2015-09-04T23:39:26","modified_gmt":"2015-09-04T21:39:26","slug":"zeen-kolyma","status":"publish","type":"page","link":"https:\/\/blog-bobika.eu\/?page_id=2773","title":{"rendered":"Zeen Ko\u0142yma"},"content":{"rendered":"<p>Od lat zeen siedzi na Ko\u0142ymie,<br \/>\nczasem si\u0119 budzi, czasem drzymie<br \/>\n(na tyle cz\u0119sto, \u017ce w\u015br\u00f3d zony<br \/>\nma w\u00f3z Drzyma\u0142y postawiony),<br \/>\nczasem z nied\u017awiedziem si\u0119 poprztyka,<br \/>\nwyci\u0105gnie rybk\u0119 ze strumyka,<br \/>\nalbo po\u017cywi si\u0119 porostem,<br \/>\nczasem wyci\u015bnie jak\u0105\u015b krost\u0119,<br \/>\n\u017ceby tak ca\u0142kiem nie wyj\u015b\u0107 z wprawy,<br \/>\nmuchom urz\u0105dzi pogrom krwawy,<br \/>\npomacha lodo\u0142amaczowi,<br \/>\nw dw\u00f3ch s\u0142owach, prosto si\u0119 wys\u0142owi,<br \/>\nmatuszk\u0119 wspomni z sentymentem,<br \/>\np\u0142omiennym darz\u0105c j\u0105 zakr\u0119tem&#8230;<br \/>\nI s\u0142ycha\u0107 nawet z dalszej dali,<br \/>\n\u017ce wci\u0105\u017c dobrego w\u0142adc\u0119 chwali,<br \/>\nco &#8211; zamiast wsadzi\u0107 go do kicia &#8211;<br \/>\nzdrowy zapewni\u0142 mu tryb \u017cycia.<\/p>\n","protected":false},"excerpt":{"rendered":"<p>Od lat zeen siedzi na Ko\u0142ymie, czasem si\u0119 budzi, czasem drzymie (na tyle cz\u0119sto, \u017ce w\u015br\u00f3d zony ma w\u00f3z Drzyma\u0142y postawiony), czasem z nied\u017awiedziem si\u0119 poprztyka, wyci\u0105gnie rybk\u0119 ze strumyka, albo po\u017cywi si\u0119 porostem, czasem wyci\u015bnie jak\u0105\u015b krost\u0119, \u017ceby tak ca\u0142kiem nie wyj\u015b\u0107 z wprawy, muchom urz\u0105dzi pogrom krwawy, pomacha lodo\u0142amaczowi, w dw\u00f3ch s\u0142owach, prosto si\u0119 wys\u0142owi, matuszk\u0119 wspomni z sentymentem, p\u0142omiennym darz\u0105c j\u0105 zakr\u0119tem&#8230; I s\u0142ycha\u0107 nawet z dalszej dali, \u017ce wci\u0105\u017c dobrego w\u0142adc\u0119 chwali, co &#8211; zamiast wsadzi\u0107 go do kicia &#8211; zdrowy zapewni\u0142 mu tryb \u017cycia.<\/p>\n","protected":false},"author":274,"featured_media":0,"parent":2573,"menu_order":0,"comment_status":"open","ping_status":"open","template":"wiersze_osobowosci.php","meta":{"footnotes":""},"class_list":["post-2773","page","type-page","status-publish","hentry"],"_links":{"self":[{"href":"https:\/\/blog-bobika.eu\/index.php?rest_route=\/wp\/v2\/pages\/2773","targetHints":{"allow":["GET"]}}],"collection":[{"href":"https:\/\/blog-bobika.eu\/index.php?rest_route=\/wp\/v2\/pages"}],"about":[{"href":"https:\/\/blog-bobika.eu\/index.php?rest_route=\/wp\/v2\/types\/page"}],"author":[{"embeddable":true,"href":"https:\/\/blog-bobika.eu\/index.php?rest_route=\/wp\/v2\/users\/274"}],"replies":[{"embeddable":true,"href":"https:\/\/blog-bobika.eu\/index.php?rest_route=%2Fwp%2Fv2%2Fcomments&post=2773"}],"version-history":[{"count":1,"href":"https:\/\/blog-bobika.eu\/index.php?rest_route=\/wp\/v2\/pages\/2773\/revisions"}],"predecessor-version":[{"id":2774,"href":"https:\/\/blog-bobika.eu\/index.php?rest_route=\/wp\/v2\/pages\/2773\/revisions\/2774"}],"up":[{"embeddable":true,"href":"https:\/\/blog-bobika.eu\/index.php?rest_route=\/wp\/v2\/pages\/2573"}],"wp:attachment":[{"href":"https:\/\/blog-bobika.eu\/index.php?rest_route=%2Fwp%2Fv2%2Fmedia&parent=2773"}],"curies":[{"name":"wp","href":"https:\/\/api.w.org\/{rel}","templated":true}]}}