{"id":2771,"date":"2015-09-04T23:38:36","date_gmt":"2015-09-04T21:38:36","guid":{"rendered":"http:\/\/blog-bobika.eu\/?page_id=2771"},"modified":"2015-09-04T23:38:36","modified_gmt":"2015-09-04T21:38:36","slug":"zeelona-wiez","status":"publish","type":"page","link":"https:\/\/blog-bobika.eu\/?page_id=2771","title":{"rendered":"Zeelona Wi\u0119\u017a"},"content":{"rendered":"<p>Teatrzyk Zeelona Wi\u0119\u017a ma zaszczyt przedstawi\u0107<br \/>\nsztuk\u0119 pt.<\/p>\n<p>NOWO\u015aCI KWIAT<\/p>\n<p>Wyst\u0119puj\u0105:<br \/>\nKomisarz &#8211; z braku inwencji<br \/>\nzeen &#8211; w znanej konwencji<br \/>\nG\u0142owa &#8211; bez subwencji<br \/>\nOgon &#8211; dla towarzystwa<br \/>\nCh\u00f3r Glosator\u00f3w &#8211; w dobrej intencji<br \/>\nKomisarz:<br \/>\nAch, jak nudno w roku nowym,<br \/>\nnic nowego si\u0119 nie \u015bwi\u0119ci,<br \/>\n\u017ceby mie\u0107 te nudy z g\u0142owy,<br \/>\nmo\u017ce komu\u015b j\u0105 ukr\u0119ci\u0107?<\/p>\n<p>zeen:<br \/>\nBardzo prosz\u0119, ju\u017c si\u0119 robi.<br \/>\n(robi)<br \/>\nB. dzi\u0119kuj\u0119. B jak Bobik.<\/p>\n<p>G\u0142owa:<br \/>\n(nie znajduj\u0105c s\u0142\u00f3w oburzenia chroni si\u0119 w oburzone milczenie)<\/p>\n<p>Ogon:<br \/>\n(bez dyrektyw G\u0142owy gubi si\u0119 kompletnie)<\/p>\n<p>Ch\u00f3r Glosator\u00f3w:<br \/>\nZbudujmy stos<br \/>\nz ofiarnych glos<br \/>\nniech bucha my\u015bli kwiatem,<br \/>\ndo\u015b\u0107 starych g\u0142\u00f3w<br \/>\nwolimy n\u00f3w-<br \/>\nk\u0119, jak si\u0119 da z rabatem!<\/p>\n<p>zeen:<br \/>\nPrzykro mi, ale Rabat w tym roku pozostaje w Maroku. Jak kogo nie sta\u0107, \u017ceby zap\u0142aci\u0107 pe\u0142n\u0105 cen\u0119 za dobr\u0105 g\u0142ow\u0119, to niech se radzi bez. Ja mam g\u0142ow\u0119 bez \u017cadnych upust\u00f3w i nie \u017ca\u0142uj\u0119.<\/p>\n<p>Kurtyna (dochodzi do wniosku, \u017ce bez rabatu nie op\u0142aca jej si\u0119 spada\u0107)<\/p>\n<p>&nbsp;<\/p>\n","protected":false},"excerpt":{"rendered":"<p>Teatrzyk Zeelona Wi\u0119\u017a ma zaszczyt przedstawi\u0107 sztuk\u0119 pt. NOWO\u015aCI KWIAT Wyst\u0119puj\u0105: Komisarz &#8211; z braku inwencji zeen &#8211; w znanej konwencji G\u0142owa &#8211; bez subwencji Ogon &#8211; dla towarzystwa Ch\u00f3r Glosator\u00f3w &#8211; w dobrej intencji Komisarz: Ach, jak nudno w roku nowym, nic nowego si\u0119 nie \u015bwi\u0119ci, \u017ceby mie\u0107 te nudy z g\u0142owy, mo\u017ce komu\u015b j\u0105 ukr\u0119ci\u0107? zeen: Bardzo prosz\u0119, ju\u017c si\u0119 robi. (robi) B. dzi\u0119kuj\u0119. B jak Bobik. G\u0142owa: (nie znajduj\u0105c s\u0142\u00f3w oburzenia chroni si\u0119 w oburzone milczenie) Ogon: (bez dyrektyw G\u0142owy gubi si\u0119 kompletnie) Ch\u00f3r Glosator\u00f3w: Zbudujmy stos z ofiarnych glos niech bucha my\u015bli kwiatem, do\u015b\u0107 starych g\u0142\u00f3w [&hellip;]<\/p>\n","protected":false},"author":274,"featured_media":0,"parent":2573,"menu_order":0,"comment_status":"open","ping_status":"open","template":"wiersze_osobowosci.php","meta":{"footnotes":""},"class_list":["post-2771","page","type-page","status-publish","hentry"],"_links":{"self":[{"href":"https:\/\/blog-bobika.eu\/index.php?rest_route=\/wp\/v2\/pages\/2771","targetHints":{"allow":["GET"]}}],"collection":[{"href":"https:\/\/blog-bobika.eu\/index.php?rest_route=\/wp\/v2\/pages"}],"about":[{"href":"https:\/\/blog-bobika.eu\/index.php?rest_route=\/wp\/v2\/types\/page"}],"author":[{"embeddable":true,"href":"https:\/\/blog-bobika.eu\/index.php?rest_route=\/wp\/v2\/users\/274"}],"replies":[{"embeddable":true,"href":"https:\/\/blog-bobika.eu\/index.php?rest_route=%2Fwp%2Fv2%2Fcomments&post=2771"}],"version-history":[{"count":1,"href":"https:\/\/blog-bobika.eu\/index.php?rest_route=\/wp\/v2\/pages\/2771\/revisions"}],"predecessor-version":[{"id":2772,"href":"https:\/\/blog-bobika.eu\/index.php?rest_route=\/wp\/v2\/pages\/2771\/revisions\/2772"}],"up":[{"embeddable":true,"href":"https:\/\/blog-bobika.eu\/index.php?rest_route=\/wp\/v2\/pages\/2573"}],"wp:attachment":[{"href":"https:\/\/blog-bobika.eu\/index.php?rest_route=%2Fwp%2Fv2%2Fmedia&parent=2771"}],"curies":[{"name":"wp","href":"https:\/\/api.w.org\/{rel}","templated":true}]}}