{"id":2769,"date":"2015-09-04T23:37:37","date_gmt":"2015-09-04T21:37:37","guid":{"rendered":"http:\/\/blog-bobika.eu\/?page_id=2769"},"modified":"2015-09-04T23:37:37","modified_gmt":"2015-09-04T21:37:37","slug":"zaba","status":"publish","type":"page","link":"https:\/\/blog-bobika.eu\/?page_id=2769","title":{"rendered":"\u017baba"},"content":{"rendered":"<p>Biedna Jotka w szponach \u017bABY\u2026<br \/>\nNo, doprawdy, szkoda baby!<br \/>\nTrza by waln\u0105\u0107 jakim\u015b g\u0142azem<br \/>\ni rozprawi\u0107 si\u0119 z tym p\u0142azem,<br \/>\nkt\u00f3ry tak si\u0119 rozpanoszy\u0142,<br \/>\n\u017ce od Sejn do Karkonoszy,<br \/>\nod Szczecina a\u017c po Krak\u00f3w<br \/>\nwypar\u0142 or\u0142a z serc Polak\u00f3w.<br \/>\nBo jak g\u0142ow\u0105 si\u0119 pracuje<br \/>\ntaki proces nast\u0119puje,<br \/>\n\u017ce w\u015br\u00f3d polskich zalet spisu<br \/>\ncoraz mniej patryjotysu.<\/p>\n","protected":false},"excerpt":{"rendered":"<p>Biedna Jotka w szponach \u017bABY\u2026 No, doprawdy, szkoda baby! Trza by waln\u0105\u0107 jakim\u015b g\u0142azem i rozprawi\u0107 si\u0119 z tym p\u0142azem, kt\u00f3ry tak si\u0119 rozpanoszy\u0142, \u017ce od Sejn do Karkonoszy, od Szczecina a\u017c po Krak\u00f3w wypar\u0142 or\u0142a z serc Polak\u00f3w. Bo jak g\u0142ow\u0105 si\u0119 pracuje taki proces nast\u0119puje, \u017ce w\u015br\u00f3d polskich zalet spisu coraz mniej patryjotysu.<\/p>\n","protected":false},"author":274,"featured_media":0,"parent":2573,"menu_order":0,"comment_status":"open","ping_status":"open","template":"wiersze_osobowosci.php","meta":{"footnotes":""},"class_list":["post-2769","page","type-page","status-publish","hentry"],"_links":{"self":[{"href":"https:\/\/blog-bobika.eu\/index.php?rest_route=\/wp\/v2\/pages\/2769","targetHints":{"allow":["GET"]}}],"collection":[{"href":"https:\/\/blog-bobika.eu\/index.php?rest_route=\/wp\/v2\/pages"}],"about":[{"href":"https:\/\/blog-bobika.eu\/index.php?rest_route=\/wp\/v2\/types\/page"}],"author":[{"embeddable":true,"href":"https:\/\/blog-bobika.eu\/index.php?rest_route=\/wp\/v2\/users\/274"}],"replies":[{"embeddable":true,"href":"https:\/\/blog-bobika.eu\/index.php?rest_route=%2Fwp%2Fv2%2Fcomments&post=2769"}],"version-history":[{"count":1,"href":"https:\/\/blog-bobika.eu\/index.php?rest_route=\/wp\/v2\/pages\/2769\/revisions"}],"predecessor-version":[{"id":2770,"href":"https:\/\/blog-bobika.eu\/index.php?rest_route=\/wp\/v2\/pages\/2769\/revisions\/2770"}],"up":[{"embeddable":true,"href":"https:\/\/blog-bobika.eu\/index.php?rest_route=\/wp\/v2\/pages\/2573"}],"wp:attachment":[{"href":"https:\/\/blog-bobika.eu\/index.php?rest_route=%2Fwp%2Fv2%2Fmedia&parent=2769"}],"curies":[{"name":"wp","href":"https:\/\/api.w.org\/{rel}","templated":true}]}}