{"id":2767,"date":"2015-09-04T23:36:29","date_gmt":"2015-09-04T21:36:29","guid":{"rendered":"http:\/\/blog-bobika.eu\/?page_id=2767"},"modified":"2015-09-04T23:36:29","modified_gmt":"2015-09-04T21:36:29","slug":"wampir-rolnik","status":"publish","type":"page","link":"https:\/\/blog-bobika.eu\/?page_id=2767","title":{"rendered":"Wampir-rolnik"},"content":{"rendered":"<p>Gdy dni z natury ca\u0142kiem kr\u00f3tkie,<br \/>\nwieczory za to d\u0142ugie,<br \/>\nwychodzi wampir na rob\u00f3tk\u0119,<br \/>\ncho\u0107 niekoniecznie z p\u0142ugiem.<\/p>\n<p>Z profesjonalnym uniesieniem<br \/>\nrozorze szyjki zagon,<br \/>\ndiabelskim sypnie gdzie\u015b nasieniem<br \/>\n(legalnym, ma paragon).<\/p>\n<p>Gdy tylko co\u015b mu zakie\u0142kuje,<br \/>\nposok\u0105 to podlewa,<br \/>\nbo wampir ducha upraw czuje<br \/>\n(z wyj\u0105tkiem na \u201co\u201d drzewa).<\/p>\n<p>I nie zaci\u0105gnie na rozpraw\u0119<br \/>\ngo nigdy nikt s\u0105dow\u0105,<br \/>\nbo przecie\u017c wszystkie czyny krwawe<br \/>\npope\u0142nia on s\u0142u\u017cbowo.<\/p>\n","protected":false},"excerpt":{"rendered":"<p>Gdy dni z natury ca\u0142kiem kr\u00f3tkie, wieczory za to d\u0142ugie, wychodzi wampir na rob\u00f3tk\u0119, cho\u0107 niekoniecznie z p\u0142ugiem. Z profesjonalnym uniesieniem rozorze szyjki zagon, diabelskim sypnie gdzie\u015b nasieniem (legalnym, ma paragon). Gdy tylko co\u015b mu zakie\u0142kuje, posok\u0105 to podlewa, bo wampir ducha upraw czuje (z wyj\u0105tkiem na \u201co\u201d drzewa). I nie zaci\u0105gnie na rozpraw\u0119 go nigdy nikt s\u0105dow\u0105, bo przecie\u017c wszystkie czyny krwawe pope\u0142nia on s\u0142u\u017cbowo.<\/p>\n","protected":false},"author":274,"featured_media":0,"parent":2573,"menu_order":0,"comment_status":"open","ping_status":"open","template":"wiersze_osobowosci.php","meta":{"footnotes":""},"class_list":["post-2767","page","type-page","status-publish","hentry"],"_links":{"self":[{"href":"https:\/\/blog-bobika.eu\/index.php?rest_route=\/wp\/v2\/pages\/2767","targetHints":{"allow":["GET"]}}],"collection":[{"href":"https:\/\/blog-bobika.eu\/index.php?rest_route=\/wp\/v2\/pages"}],"about":[{"href":"https:\/\/blog-bobika.eu\/index.php?rest_route=\/wp\/v2\/types\/page"}],"author":[{"embeddable":true,"href":"https:\/\/blog-bobika.eu\/index.php?rest_route=\/wp\/v2\/users\/274"}],"replies":[{"embeddable":true,"href":"https:\/\/blog-bobika.eu\/index.php?rest_route=%2Fwp%2Fv2%2Fcomments&post=2767"}],"version-history":[{"count":1,"href":"https:\/\/blog-bobika.eu\/index.php?rest_route=\/wp\/v2\/pages\/2767\/revisions"}],"predecessor-version":[{"id":2768,"href":"https:\/\/blog-bobika.eu\/index.php?rest_route=\/wp\/v2\/pages\/2767\/revisions\/2768"}],"up":[{"embeddable":true,"href":"https:\/\/blog-bobika.eu\/index.php?rest_route=\/wp\/v2\/pages\/2573"}],"wp:attachment":[{"href":"https:\/\/blog-bobika.eu\/index.php?rest_route=%2Fwp%2Fv2%2Fmedia&parent=2767"}],"curies":[{"name":"wp","href":"https:\/\/api.w.org\/{rel}","templated":true}]}}