{"id":2765,"date":"2015-09-04T23:32:34","date_gmt":"2015-09-04T21:32:34","guid":{"rendered":"http:\/\/blog-bobika.eu\/?page_id=2765"},"modified":"2015-09-04T23:32:34","modified_gmt":"2015-09-04T21:32:34","slug":"trup-w-kazdej-szafie","status":"publish","type":"page","link":"https:\/\/blog-bobika.eu\/?page_id=2765","title":{"rendered":"Trup w ka\u017cdej szafie"},"content":{"rendered":"<p>Zjecha\u0142a do Londynu,<br \/>\ncioteczka z walizeczk\u0105,<br \/>\nby \u015bwi\u0105tecznego spleenu<br \/>\nsi\u0119 tu na\u0142yka\u0107 deczko.<\/p>\n<p>W walizce za\u015b zbrodnicza<br \/>\njest kwintesencja sama<br \/>\narszenik, kaczka dzika<br \/>\ni portret w ci\u0119\u017ckich ramach.<\/p>\n<p>Trup, trup, trup w ka\u017cdej szafie &#8211;<br \/>\nja to potrafi\u0119!<\/p>\n<p>Ju\u017c zacnej si\u0119 tej damie<br \/>\nnawin\u0105\u0142 hydraulik,<br \/>\nwi\u0119c czarem go swym mami<br \/>\ni s\u0142odko do\u0144 si\u0119 czuli,<\/p>\n<p>A w r\u0119ce kaczka dzika<br \/>\npieczona i bez pi\u00f3rek\u2026<br \/>\nCap ciotka rzemie\u015blnika<br \/>\ni lu mu ptaka w rur\u0119!<\/p>\n<p>Trup, trup, trup w ka\u017cdej szafie &#8211;<br \/>\nja to potrafi\u0119!<\/p>\n<p>Nie dane biednej ciotce<br \/>\nodsapn\u0105\u0107 cho\u0107by kapk\u0119,<br \/>\nbo Jingle Bells si\u0119 w\u0142a\u015bnie<br \/>\nzaprosi\u0142 na kanapk\u0119.<\/p>\n<p>\u015awi\u0105teczne pie\u015bni \u015bpiewa,<br \/>\ntym zmyli\u0107 chc\u0105c kobiet\u0119 &#8211;<br \/>\ncioteczka tylko ziewa<br \/>\ni przez \u0142eb go portretem!<\/p>\n<p>Trup, trup, trup w ka\u017cdej szafie &#8211;<br \/>\nja to potrafi\u0119!<\/p>\n<p>Wci\u0105\u017c tyle animuszu<br \/>\nma ciocia, by g\u0142\u00f3wkowa\u0107:<br \/>\njak pozby\u0107 si\u0119 corpusu<br \/>\ni gdzie delicti schowa\u0107.<\/p>\n<p>na spos\u00f3b wi\u0119c si\u0119 bierze:<br \/>\nwprowadz\u0119 w b\u0142\u0105d policj\u0119<br \/>\ni dwa korpusy \u015bwie\u017ce<br \/>\nprzerobi\u0119 na delicje.<\/p>\n<p>Trup, trup, trup w ka\u017cdej szafie &#8211;<br \/>\nja to potrafi\u0119!<\/p>\n<p>Ju\u017c uszek do barszczyku<br \/>\nzlepiony spory stosik,<br \/>\ngotuje si\u0119 w imbryku<br \/>\nesencjonalny sosik,<\/p>\n<p>p\u00f3\u0142miski n\u00f3\u017cek zimnych,<br \/>\npasztecik, dla psa ko\u015bci,<br \/>\nach, \u015bwiat si\u0119 staje inny,<br \/>\ngdy ciotka w nim zago\u015bci!<\/p>\n<p>Trup, trup, w zamra\u017calniku &#8211;<br \/>\nno i po krzyku!<\/p>\n","protected":false},"excerpt":{"rendered":"<p>Zjecha\u0142a do Londynu, cioteczka z walizeczk\u0105, by \u015bwi\u0105tecznego spleenu si\u0119 tu na\u0142yka\u0107 deczko. W walizce za\u015b zbrodnicza jest kwintesencja sama arszenik, kaczka dzika i portret w ci\u0119\u017ckich ramach. Trup, trup, trup w ka\u017cdej szafie &#8211; ja to potrafi\u0119! Ju\u017c zacnej si\u0119 tej damie nawin\u0105\u0142 hydraulik, wi\u0119c czarem go swym mami i s\u0142odko do\u0144 si\u0119 czuli, A w r\u0119ce kaczka dzika pieczona i bez pi\u00f3rek\u2026 Cap ciotka rzemie\u015blnika i lu mu ptaka w rur\u0119! Trup, trup, trup w ka\u017cdej szafie &#8211; ja to potrafi\u0119! Nie dane biednej ciotce odsapn\u0105\u0107 cho\u0107by kapk\u0119, bo Jingle Bells si\u0119 w\u0142a\u015bnie zaprosi\u0142 na kanapk\u0119. \u015awi\u0105teczne pie\u015bni [&hellip;]<\/p>\n","protected":false},"author":274,"featured_media":0,"parent":2573,"menu_order":0,"comment_status":"open","ping_status":"open","template":"wiersze_osobowosci.php","meta":{"footnotes":""},"class_list":["post-2765","page","type-page","status-publish","hentry"],"_links":{"self":[{"href":"https:\/\/blog-bobika.eu\/index.php?rest_route=\/wp\/v2\/pages\/2765","targetHints":{"allow":["GET"]}}],"collection":[{"href":"https:\/\/blog-bobika.eu\/index.php?rest_route=\/wp\/v2\/pages"}],"about":[{"href":"https:\/\/blog-bobika.eu\/index.php?rest_route=\/wp\/v2\/types\/page"}],"author":[{"embeddable":true,"href":"https:\/\/blog-bobika.eu\/index.php?rest_route=\/wp\/v2\/users\/274"}],"replies":[{"embeddable":true,"href":"https:\/\/blog-bobika.eu\/index.php?rest_route=%2Fwp%2Fv2%2Fcomments&post=2765"}],"version-history":[{"count":1,"href":"https:\/\/blog-bobika.eu\/index.php?rest_route=\/wp\/v2\/pages\/2765\/revisions"}],"predecessor-version":[{"id":2766,"href":"https:\/\/blog-bobika.eu\/index.php?rest_route=\/wp\/v2\/pages\/2765\/revisions\/2766"}],"up":[{"embeddable":true,"href":"https:\/\/blog-bobika.eu\/index.php?rest_route=\/wp\/v2\/pages\/2573"}],"wp:attachment":[{"href":"https:\/\/blog-bobika.eu\/index.php?rest_route=%2Fwp%2Fv2%2Fmedia&parent=2765"}],"curies":[{"name":"wp","href":"https:\/\/api.w.org\/{rel}","templated":true}]}}