{"id":2758,"date":"2015-09-04T23:26:26","date_gmt":"2015-09-04T21:26:26","guid":{"rendered":"http:\/\/blog-bobika.eu\/?page_id=2758"},"modified":"2015-09-04T23:27:28","modified_gmt":"2015-09-04T21:27:28","slug":"przybyli-bobiki","status":"publish","type":"page","link":"https:\/\/blog-bobika.eu\/?page_id=2758","title":{"rendered":"Przybyli Bobiki"},"content":{"rendered":"<p>Przybyli Bobiki pod okienko,<br \/>\nprzybyli Bobiki pod okienko,<br \/>\nzg\u0142odnieli, \u015bpiewaj\u0105 wi\u0119c do\u015b\u0107 cienko,<br \/>\nzg\u0142odnieli, \u015bpiewaj\u0105 wi\u0119c do\u015b\u0107 cienko.<\/p>\n<p>Na pr\u00f3\u017cno \u015bpiewacie, guzik z tego,<br \/>\nna pr\u00f3\u017cno \u015bpiewacie, guzik z tego,<br \/>\npod oknem nic nie ma jadalnego,<br \/>\npod oknem nic nie ma jadalnego.<\/p>\n<p>Lecz szepn\u0119 na ucho wam dwa s\u0142\u00f3wka,<br \/>\nlecz szepn\u0119 na ucho wam dwa s\u0142\u00f3wka,<br \/>\nu Nisi dzi\u015b pono\u0107 pasztet\u00f3wka,<br \/>\nu Nisi dzi\u015b pono\u0107 pasztet\u00f3wka.<\/p>\n<p>A \u017ce jest \u017cyczliwa Nisia piesom,<br \/>\na \u017ce jest \u017cyczliwa Nisia piesom,<br \/>\nto mo\u017ce si\u0119 znajdzie i salceson,<br \/>\nto mo\u017ce si\u0119 znajdzie i salceson.<\/p>\n<p>Bobikom okienko zatem wisi,<br \/>\nBobikom okienko zatem wisi<br \/>\ni lec\u0105 sto\u0142owa\u0107 si\u0119 u Nisi,<br \/>\ni lec\u0105 sto\u0142owa\u0107 si\u0119 u Nisi.<\/p>\n","protected":false},"excerpt":{"rendered":"<p>Przybyli Bobiki pod okienko, przybyli Bobiki pod okienko, zg\u0142odnieli, \u015bpiewaj\u0105 wi\u0119c do\u015b\u0107 cienko, zg\u0142odnieli, \u015bpiewaj\u0105 wi\u0119c do\u015b\u0107 cienko. Na pr\u00f3\u017cno \u015bpiewacie, guzik z tego, na pr\u00f3\u017cno \u015bpiewacie, guzik z tego, pod oknem nic nie ma jadalnego, pod oknem nic nie ma jadalnego. Lecz szepn\u0119 na ucho wam dwa s\u0142\u00f3wka, lecz szepn\u0119 na ucho wam dwa s\u0142\u00f3wka, u Nisi dzi\u015b pono\u0107 pasztet\u00f3wka, u Nisi dzi\u015b pono\u0107 pasztet\u00f3wka. A \u017ce jest \u017cyczliwa Nisia piesom, a \u017ce jest \u017cyczliwa Nisia piesom, to mo\u017ce si\u0119 znajdzie i salceson, to mo\u017ce si\u0119 znajdzie i salceson. Bobikom okienko zatem wisi, Bobikom okienko zatem wisi i lec\u0105 [&hellip;]<\/p>\n","protected":false},"author":274,"featured_media":0,"parent":2573,"menu_order":0,"comment_status":"open","ping_status":"open","template":"wiersze_osobowosci.php","meta":{"footnotes":""},"class_list":["post-2758","page","type-page","status-publish","hentry"],"_links":{"self":[{"href":"https:\/\/blog-bobika.eu\/index.php?rest_route=\/wp\/v2\/pages\/2758","targetHints":{"allow":["GET"]}}],"collection":[{"href":"https:\/\/blog-bobika.eu\/index.php?rest_route=\/wp\/v2\/pages"}],"about":[{"href":"https:\/\/blog-bobika.eu\/index.php?rest_route=\/wp\/v2\/types\/page"}],"author":[{"embeddable":true,"href":"https:\/\/blog-bobika.eu\/index.php?rest_route=\/wp\/v2\/users\/274"}],"replies":[{"embeddable":true,"href":"https:\/\/blog-bobika.eu\/index.php?rest_route=%2Fwp%2Fv2%2Fcomments&post=2758"}],"version-history":[{"count":1,"href":"https:\/\/blog-bobika.eu\/index.php?rest_route=\/wp\/v2\/pages\/2758\/revisions"}],"predecessor-version":[{"id":2759,"href":"https:\/\/blog-bobika.eu\/index.php?rest_route=\/wp\/v2\/pages\/2758\/revisions\/2759"}],"up":[{"embeddable":true,"href":"https:\/\/blog-bobika.eu\/index.php?rest_route=\/wp\/v2\/pages\/2573"}],"wp:attachment":[{"href":"https:\/\/blog-bobika.eu\/index.php?rest_route=%2Fwp%2Fv2%2Fmedia&parent=2758"}],"curies":[{"name":"wp","href":"https:\/\/api.w.org\/{rel}","templated":true}]}}