{"id":2756,"date":"2015-09-04T23:25:19","date_gmt":"2015-09-04T21:25:19","guid":{"rendered":"http:\/\/blog-bobika.eu\/?page_id=2756"},"modified":"2015-09-04T23:25:19","modified_gmt":"2015-09-04T21:25:19","slug":"portret-rysia","status":"publish","type":"page","link":"https:\/\/blog-bobika.eu\/?page_id=2756","title":{"rendered":"Portret Rysia"},"content":{"rendered":"<p>Prosz\u0119 pa\u0144stwa: oto Ry\u015b,<br \/>\nbardzo rozbrykany dzi\u015b.<br \/>\nJest p\u00f3\u0142 zwierzem, p\u00f3\u0142 cz\u0142owiekiem<br \/>\n(jak centaur by\u0142 przed wiekiem),<br \/>\nbroda posiwia\u0142a nieco,<br \/>\nale si\u0119 przed \u017cadn\u0105 hec\u0105<br \/>\nnie uchyla, bo brykanie<br \/>\nza \u017cyciowe ma zadanie.<br \/>\nW duszy Rysia gra bolero,<br \/>\nna czuprynie tkwi sombrero,<br \/>\nza\u015b na rysiowatych uszach<br \/>\np\u0119dzel jaki\u015b si\u0119 porusza.<br \/>\nRy\u015b uprzejmy jest nad podziw,<br \/>\nkiedy po Berlinie chodzi,<br \/>\nbez kr\u0119pacji odrobiny<br \/>\n\u0142ap\u0119 poda spod pierzyny,<br \/>\na jak si\u0119 go \u0142adnie prosi,<br \/>\nksi\u0105\u017ck\u0119 zaraz te\u017c przynosi.<br \/>\nNamalowa\u0107 portret Rysia<br \/>\nnie jest \u0142atwo. Przy tym wysiad\u0142<br \/>\nju\u017c niejeden, kln\u0105c \u201cdo czarta!\u201d,<br \/>\nale gra jest \u015bwieczki warta!<\/p>\n","protected":false},"excerpt":{"rendered":"<p>Prosz\u0119 pa\u0144stwa: oto Ry\u015b, bardzo rozbrykany dzi\u015b. Jest p\u00f3\u0142 zwierzem, p\u00f3\u0142 cz\u0142owiekiem (jak centaur by\u0142 przed wiekiem), broda posiwia\u0142a nieco, ale si\u0119 przed \u017cadn\u0105 hec\u0105 nie uchyla, bo brykanie za \u017cyciowe ma zadanie. W duszy Rysia gra bolero, na czuprynie tkwi sombrero, za\u015b na rysiowatych uszach p\u0119dzel jaki\u015b si\u0119 porusza. Ry\u015b uprzejmy jest nad podziw, kiedy po Berlinie chodzi, bez kr\u0119pacji odrobiny \u0142ap\u0119 poda spod pierzyny, a jak si\u0119 go \u0142adnie prosi, ksi\u0105\u017ck\u0119 zaraz te\u017c przynosi. Namalowa\u0107 portret Rysia nie jest \u0142atwo. Przy tym wysiad\u0142 ju\u017c niejeden, kln\u0105c \u201cdo czarta!\u201d, ale gra jest \u015bwieczki warta!<\/p>\n","protected":false},"author":274,"featured_media":0,"parent":2573,"menu_order":0,"comment_status":"open","ping_status":"open","template":"wiersze_osobowosci.php","meta":{"footnotes":""},"class_list":["post-2756","page","type-page","status-publish","hentry"],"_links":{"self":[{"href":"https:\/\/blog-bobika.eu\/index.php?rest_route=\/wp\/v2\/pages\/2756","targetHints":{"allow":["GET"]}}],"collection":[{"href":"https:\/\/blog-bobika.eu\/index.php?rest_route=\/wp\/v2\/pages"}],"about":[{"href":"https:\/\/blog-bobika.eu\/index.php?rest_route=\/wp\/v2\/types\/page"}],"author":[{"embeddable":true,"href":"https:\/\/blog-bobika.eu\/index.php?rest_route=\/wp\/v2\/users\/274"}],"replies":[{"embeddable":true,"href":"https:\/\/blog-bobika.eu\/index.php?rest_route=%2Fwp%2Fv2%2Fcomments&post=2756"}],"version-history":[{"count":1,"href":"https:\/\/blog-bobika.eu\/index.php?rest_route=\/wp\/v2\/pages\/2756\/revisions"}],"predecessor-version":[{"id":2757,"href":"https:\/\/blog-bobika.eu\/index.php?rest_route=\/wp\/v2\/pages\/2756\/revisions\/2757"}],"up":[{"embeddable":true,"href":"https:\/\/blog-bobika.eu\/index.php?rest_route=\/wp\/v2\/pages\/2573"}],"wp:attachment":[{"href":"https:\/\/blog-bobika.eu\/index.php?rest_route=%2Fwp%2Fv2%2Fmedia&parent=2756"}],"curies":[{"name":"wp","href":"https:\/\/api.w.org\/{rel}","templated":true}]}}