{"id":2754,"date":"2015-09-04T23:24:34","date_gmt":"2015-09-04T21:24:34","guid":{"rendered":"http:\/\/blog-bobika.eu\/?page_id=2754"},"modified":"2015-09-04T23:24:34","modified_gmt":"2015-09-04T21:24:34","slug":"ostatnia-adoba","status":"publish","type":"page","link":"https:\/\/blog-bobika.eu\/?page_id=2754","title":{"rendered":"Ostatnia adoba"},"content":{"rendered":"<p>Nieszcz\u0119\u015bcia przeczucie zawis\u0142o nad globem,<br \/>\nwiatr wyje i puszczyk si\u0119 \u015bmieje:<br \/>\nHelena straci\u0142a ostatni\u0105 adob\u0119,<br \/>\na z ni\u0105 na wide\u0142a nadziej\u0119.<\/p>\n<p>O, losie okrutny, co\u015b skaza\u0142 biedaczk\u0119<br \/>\nna \u017cycie bez \u017cadnej ozdoby!<br \/>\nTak pragnie jutuba ubarwi\u0107 je szlaczkiem,<br \/>\nlecz jak, bez ostatniej adoby?<\/p>\n<p>Za pierwszym zakr\u0119tem listopad z\u0142y czyha,<br \/>\nprzygn\u0119by, deprecha do spodu,<br \/>\na tu \u017cadnej szansy, wysiadka, nul, kicha<br \/>\ni nie masz, ach, nie masz downloadu!<\/p>\n","protected":false},"excerpt":{"rendered":"<p>Nieszcz\u0119\u015bcia przeczucie zawis\u0142o nad globem, wiatr wyje i puszczyk si\u0119 \u015bmieje: Helena straci\u0142a ostatni\u0105 adob\u0119, a z ni\u0105 na wide\u0142a nadziej\u0119. O, losie okrutny, co\u015b skaza\u0142 biedaczk\u0119 na \u017cycie bez \u017cadnej ozdoby! Tak pragnie jutuba ubarwi\u0107 je szlaczkiem, lecz jak, bez ostatniej adoby? Za pierwszym zakr\u0119tem listopad z\u0142y czyha, przygn\u0119by, deprecha do spodu, a tu \u017cadnej szansy, wysiadka, nul, kicha i nie masz, ach, nie masz downloadu!<\/p>\n","protected":false},"author":274,"featured_media":0,"parent":2573,"menu_order":0,"comment_status":"open","ping_status":"open","template":"wiersze_osobowosci.php","meta":{"footnotes":""},"class_list":["post-2754","page","type-page","status-publish","hentry"],"_links":{"self":[{"href":"https:\/\/blog-bobika.eu\/index.php?rest_route=\/wp\/v2\/pages\/2754","targetHints":{"allow":["GET"]}}],"collection":[{"href":"https:\/\/blog-bobika.eu\/index.php?rest_route=\/wp\/v2\/pages"}],"about":[{"href":"https:\/\/blog-bobika.eu\/index.php?rest_route=\/wp\/v2\/types\/page"}],"author":[{"embeddable":true,"href":"https:\/\/blog-bobika.eu\/index.php?rest_route=\/wp\/v2\/users\/274"}],"replies":[{"embeddable":true,"href":"https:\/\/blog-bobika.eu\/index.php?rest_route=%2Fwp%2Fv2%2Fcomments&post=2754"}],"version-history":[{"count":1,"href":"https:\/\/blog-bobika.eu\/index.php?rest_route=\/wp\/v2\/pages\/2754\/revisions"}],"predecessor-version":[{"id":2755,"href":"https:\/\/blog-bobika.eu\/index.php?rest_route=\/wp\/v2\/pages\/2754\/revisions\/2755"}],"up":[{"embeddable":true,"href":"https:\/\/blog-bobika.eu\/index.php?rest_route=\/wp\/v2\/pages\/2573"}],"wp:attachment":[{"href":"https:\/\/blog-bobika.eu\/index.php?rest_route=%2Fwp%2Fv2%2Fmedia&parent=2754"}],"curies":[{"name":"wp","href":"https:\/\/api.w.org\/{rel}","templated":true}]}}