{"id":2752,"date":"2015-09-04T23:23:47","date_gmt":"2015-09-04T21:23:47","guid":{"rendered":"http:\/\/blog-bobika.eu\/?page_id=2752"},"modified":"2015-09-04T23:23:47","modified_gmt":"2015-09-04T21:23:47","slug":"osobisty-wierszyk-zosi","status":"publish","type":"page","link":"https:\/\/blog-bobika.eu\/?page_id=2752","title":{"rendered":"Osobisty wierszyk Zosi"},"content":{"rendered":"<p>\u00a4\u00ba\u00b0`\u00b0\u00ba\u00a4\u00f8,\u00b8\u00b8,\u00f8\u00a4\u00ba\u00b0`\u00b0\u00ba\u00a4\u00f8,\u00b8\u00b8,\u00f8\u00a4\u00ba<br \/>\nTo jest dla Zosi wierszyk osobisty.<br \/>\nZaznaczam, \u017ce go nie napisa\u0142 mistyk,<br \/>\nani gimnastyk, ani te\u017c dentysta,<br \/>\nani od smok\u00f3w znany specjalista,<br \/>\nani profesor, ani profesorka,<br \/>\nani zwyci\u0119zca maratonu w workach,<br \/>\nani dinozaur gdzie\u015b z pustyni Gobi,<br \/>\ntylko kud\u0142aty pies, co zwie si\u0119 Bobik.<\/p>\n","protected":false},"excerpt":{"rendered":"<p>\u00a4\u00ba\u00b0`\u00b0\u00ba\u00a4\u00f8,\u00b8\u00b8,\u00f8\u00a4\u00ba\u00b0`\u00b0\u00ba\u00a4\u00f8,\u00b8\u00b8,\u00f8\u00a4\u00ba To jest dla Zosi wierszyk osobisty. Zaznaczam, \u017ce go nie napisa\u0142 mistyk, ani gimnastyk, ani te\u017c dentysta, ani od smok\u00f3w znany specjalista, ani profesor, ani profesorka, ani zwyci\u0119zca maratonu w workach, ani dinozaur gdzie\u015b z pustyni Gobi, tylko kud\u0142aty pies, co zwie si\u0119 Bobik.<\/p>\n","protected":false},"author":274,"featured_media":0,"parent":2573,"menu_order":0,"comment_status":"open","ping_status":"open","template":"wiersze_osobowosci.php","meta":{"footnotes":""},"class_list":["post-2752","page","type-page","status-publish","hentry"],"_links":{"self":[{"href":"https:\/\/blog-bobika.eu\/index.php?rest_route=\/wp\/v2\/pages\/2752","targetHints":{"allow":["GET"]}}],"collection":[{"href":"https:\/\/blog-bobika.eu\/index.php?rest_route=\/wp\/v2\/pages"}],"about":[{"href":"https:\/\/blog-bobika.eu\/index.php?rest_route=\/wp\/v2\/types\/page"}],"author":[{"embeddable":true,"href":"https:\/\/blog-bobika.eu\/index.php?rest_route=\/wp\/v2\/users\/274"}],"replies":[{"embeddable":true,"href":"https:\/\/blog-bobika.eu\/index.php?rest_route=%2Fwp%2Fv2%2Fcomments&post=2752"}],"version-history":[{"count":1,"href":"https:\/\/blog-bobika.eu\/index.php?rest_route=\/wp\/v2\/pages\/2752\/revisions"}],"predecessor-version":[{"id":2753,"href":"https:\/\/blog-bobika.eu\/index.php?rest_route=\/wp\/v2\/pages\/2752\/revisions\/2753"}],"up":[{"embeddable":true,"href":"https:\/\/blog-bobika.eu\/index.php?rest_route=\/wp\/v2\/pages\/2573"}],"wp:attachment":[{"href":"https:\/\/blog-bobika.eu\/index.php?rest_route=%2Fwp%2Fv2%2Fmedia&parent=2752"}],"curies":[{"name":"wp","href":"https:\/\/api.w.org\/{rel}","templated":true}]}}