{"id":2744,"date":"2015-09-04T23:14:47","date_gmt":"2015-09-04T21:14:47","guid":{"rendered":"http:\/\/blog-bobika.eu\/?page_id=2744"},"modified":"2015-09-04T23:14:47","modified_gmt":"2015-09-04T21:14:47","slug":"mordechaj-i-stara","status":"publish","type":"page","link":"https:\/\/blog-bobika.eu\/?page_id=2744","title":{"rendered":"Mordechaj i Stara"},"content":{"rendered":"<p>Kot Mordechaj w Londynie \u017cy\u0142 ze swoj\u0105 Star\u0105,<br \/>\ndobran\u0105 oni byli kryminaln\u0105 par\u0105,<br \/>\nbo &#8211; w angielskiej blisko\u015bci, czy te\u017c w polskiej dali &#8211;<br \/>\ncywilizacj\u0119 \u015bmierci szerzy\u0107 si\u0119 starali.<\/p>\n<p>Gdy w mokry dzie\u0144 Mordechaj nie szed\u0142 na podw\u00f3rko,<br \/>\nto z nud\u00f3w zwyk\u0142 si\u0119 bawi\u0107 gumk\u0105-recepturk\u0105,<br \/>\na przecie\u017c i heretyk niepoprawny kuma,<br \/>\n\u017ce najwi\u0119ksz\u0105 przeszkod\u0105 dla \u017cycia jest guma.<\/p>\n<p>Przy Starej Mordechaja nie mia\u0142 letko beton,<br \/>\nwykrusza\u0142 si\u0119 on w starciach z t\u0105 straszn\u0105 kobiet\u0105,<br \/>\ncho\u0107 wie to ka\u017cdy g\u0142upi w ortodoksji zonie,<br \/>\n\u017ce \u017cycie si\u0119 najlepiej krzewi na betonie.<\/p>\n<p>Gdy dw\u00f3jka ta pu\u015bci\u0142a w ruch swoje ozory,<br \/>\nblad\u0142 i marnia\u0142 ochrony \u017cycia s\u0142uszny poryw,<br \/>\na \u015bmier\u0107 z cywilizacji wy\u0142azi\u0142a \u015brodka<br \/>\ni bez obciach\u00f3w ci\u0119\u0142a kos\u0105 po zarodkach.<\/p>\n<p>Rady na tych z\u0142oczy\u0144c\u00f3w dwojga obrzydliwo\u015b\u0107<br \/>\nnie znalaz\u0142a u\u0142omna ludzka sprawiedliwo\u015b\u0107,<br \/>\nwi\u0119c dalej trzeba czeka\u0107, a\u017c t\u0119 park\u0119 w\u015bciek\u0142\u0105<br \/>\ndosi\u0119gnie kara boska lub poch\u0142onie piek\u0142o.<\/p>\n","protected":false},"excerpt":{"rendered":"<p>Kot Mordechaj w Londynie \u017cy\u0142 ze swoj\u0105 Star\u0105, dobran\u0105 oni byli kryminaln\u0105 par\u0105, bo &#8211; w angielskiej blisko\u015bci, czy te\u017c w polskiej dali &#8211; cywilizacj\u0119 \u015bmierci szerzy\u0107 si\u0119 starali. Gdy w mokry dzie\u0144 Mordechaj nie szed\u0142 na podw\u00f3rko, to z nud\u00f3w zwyk\u0142 si\u0119 bawi\u0107 gumk\u0105-recepturk\u0105, a przecie\u017c i heretyk niepoprawny kuma, \u017ce najwi\u0119ksz\u0105 przeszkod\u0105 dla \u017cycia jest guma. Przy Starej Mordechaja nie mia\u0142 letko beton, wykrusza\u0142 si\u0119 on w starciach z t\u0105 straszn\u0105 kobiet\u0105, cho\u0107 wie to ka\u017cdy g\u0142upi w ortodoksji zonie, \u017ce \u017cycie si\u0119 najlepiej krzewi na betonie. Gdy dw\u00f3jka ta pu\u015bci\u0142a w ruch swoje ozory, blad\u0142 i marnia\u0142 [&hellip;]<\/p>\n","protected":false},"author":274,"featured_media":0,"parent":2573,"menu_order":0,"comment_status":"open","ping_status":"open","template":"wiersze_osobowosci.php","meta":{"footnotes":""},"class_list":["post-2744","page","type-page","status-publish","hentry"],"_links":{"self":[{"href":"https:\/\/blog-bobika.eu\/index.php?rest_route=\/wp\/v2\/pages\/2744","targetHints":{"allow":["GET"]}}],"collection":[{"href":"https:\/\/blog-bobika.eu\/index.php?rest_route=\/wp\/v2\/pages"}],"about":[{"href":"https:\/\/blog-bobika.eu\/index.php?rest_route=\/wp\/v2\/types\/page"}],"author":[{"embeddable":true,"href":"https:\/\/blog-bobika.eu\/index.php?rest_route=\/wp\/v2\/users\/274"}],"replies":[{"embeddable":true,"href":"https:\/\/blog-bobika.eu\/index.php?rest_route=%2Fwp%2Fv2%2Fcomments&post=2744"}],"version-history":[{"count":1,"href":"https:\/\/blog-bobika.eu\/index.php?rest_route=\/wp\/v2\/pages\/2744\/revisions"}],"predecessor-version":[{"id":2745,"href":"https:\/\/blog-bobika.eu\/index.php?rest_route=\/wp\/v2\/pages\/2744\/revisions\/2745"}],"up":[{"embeddable":true,"href":"https:\/\/blog-bobika.eu\/index.php?rest_route=\/wp\/v2\/pages\/2573"}],"wp:attachment":[{"href":"https:\/\/blog-bobika.eu\/index.php?rest_route=%2Fwp%2Fv2%2Fmedia&parent=2744"}],"curies":[{"name":"wp","href":"https:\/\/api.w.org\/{rel}","templated":true}]}}