{"id":2738,"date":"2015-09-04T23:09:58","date_gmt":"2015-09-04T21:09:58","guid":{"rendered":"http:\/\/blog-bobika.eu\/?page_id=2738"},"modified":"2015-09-04T23:09:58","modified_gmt":"2015-09-04T21:09:58","slug":"deux-bazantes","status":"publish","type":"page","link":"https:\/\/blog-bobika.eu\/?page_id=2738","title":{"rendered":"Deux ba\u017cantes"},"content":{"rendered":"<p>Dwa ba\u017canty w przypraw mgle,<br \/>\ndreszcze dwa w bebechach,<br \/>\nwyczekuj\u0105 a\u017c je zje<br \/>\ns\u0142awny Kot Mordechaj.<br \/>\nNie ukryj\u0105 si\u0119 nad Brd\u0105,<br \/>\nnie zerw\u0105 do lotu,<br \/>\nbo na \u015bwiecie po to s\u0105,<br \/>\nby dogodzi\u0107 Kotu.<\/p>\n<p>(Tu nast\u0119puje znany refren z \u201eiszczio mnogo, mnogo raz\u201c, z przytupami)<\/p>\n<p>Kot dzi\u015b humor ma pod psem,<br \/>\nw \u017cyw\u0105 klnie choler\u0119,<br \/>\npo podr\u00f3\u017cy Wielkim Z\u0142em,<br \/>\nczyli Ryanairem.<br \/>\nZnany polski idiom z \u201ema\u0107\u201c<br \/>\npod nosem powtarza.<br \/>\nJaki pow\u00f3d ma, by wsta\u0107?<br \/>\nJest! Jest pow\u00f3d &#8211; ba\u017cant.<\/p>\n<p>(Refren, zgodnie ze swoim obyczajem, nast\u0119puje iszczio raz)<\/p>\n<p>Jeden ba\u017cant cieszy nos,<br \/>\ndrugi oko zasi\u0119,<br \/>\nzaraz \u0142atwiej znosi\u0107 los,<br \/>\ngdy ten duet ma si\u0119.<br \/>\nWi\u0119c miast linii tanich stan<br \/>\nt\u0142uc o d..y kanty,<br \/>\nlepiej pu\u015b\u0107 si\u0119, Mordko, w tan<br \/>\ni zjedz dwa ba\u017canty.<\/p>\n<p>(Refren! No, kurcz\u0119, nast\u0105p si\u0119!)<\/p>\n","protected":false},"excerpt":{"rendered":"<p>Dwa ba\u017canty w przypraw mgle, dreszcze dwa w bebechach, wyczekuj\u0105 a\u017c je zje s\u0142awny Kot Mordechaj. Nie ukryj\u0105 si\u0119 nad Brd\u0105, nie zerw\u0105 do lotu, bo na \u015bwiecie po to s\u0105, by dogodzi\u0107 Kotu. (Tu nast\u0119puje znany refren z \u201eiszczio mnogo, mnogo raz\u201c, z przytupami) Kot dzi\u015b humor ma pod psem, w \u017cyw\u0105 klnie choler\u0119, po podr\u00f3\u017cy Wielkim Z\u0142em, czyli Ryanairem. Znany polski idiom z \u201ema\u0107\u201c pod nosem powtarza. Jaki pow\u00f3d ma, by wsta\u0107? Jest! Jest pow\u00f3d &#8211; ba\u017cant. (Refren, zgodnie ze swoim obyczajem, nast\u0119puje iszczio raz) Jeden ba\u017cant cieszy nos, drugi oko zasi\u0119, zaraz \u0142atwiej znosi\u0107 los, gdy ten [&hellip;]<\/p>\n","protected":false},"author":274,"featured_media":0,"parent":2573,"menu_order":0,"comment_status":"open","ping_status":"open","template":"wiersze_osobowosci.php","meta":{"footnotes":""},"class_list":["post-2738","page","type-page","status-publish","hentry"],"_links":{"self":[{"href":"https:\/\/blog-bobika.eu\/index.php?rest_route=\/wp\/v2\/pages\/2738","targetHints":{"allow":["GET"]}}],"collection":[{"href":"https:\/\/blog-bobika.eu\/index.php?rest_route=\/wp\/v2\/pages"}],"about":[{"href":"https:\/\/blog-bobika.eu\/index.php?rest_route=\/wp\/v2\/types\/page"}],"author":[{"embeddable":true,"href":"https:\/\/blog-bobika.eu\/index.php?rest_route=\/wp\/v2\/users\/274"}],"replies":[{"embeddable":true,"href":"https:\/\/blog-bobika.eu\/index.php?rest_route=%2Fwp%2Fv2%2Fcomments&post=2738"}],"version-history":[{"count":1,"href":"https:\/\/blog-bobika.eu\/index.php?rest_route=\/wp\/v2\/pages\/2738\/revisions"}],"predecessor-version":[{"id":2739,"href":"https:\/\/blog-bobika.eu\/index.php?rest_route=\/wp\/v2\/pages\/2738\/revisions\/2739"}],"up":[{"embeddable":true,"href":"https:\/\/blog-bobika.eu\/index.php?rest_route=\/wp\/v2\/pages\/2573"}],"wp:attachment":[{"href":"https:\/\/blog-bobika.eu\/index.php?rest_route=%2Fwp%2Fv2%2Fmedia&parent=2738"}],"curies":[{"name":"wp","href":"https:\/\/api.w.org\/{rel}","templated":true}]}}