{"id":2730,"date":"2015-09-04T23:01:05","date_gmt":"2015-09-04T21:01:05","guid":{"rendered":"http:\/\/blog-bobika.eu\/?page_id=2730"},"modified":"2015-09-04T23:01:05","modified_gmt":"2015-09-04T21:01:05","slug":"lewacka-klawiatura-rysia","status":"publish","type":"page","link":"https:\/\/blog-bobika.eu\/?page_id=2730","title":{"rendered":"Lewacka klawiatura Rysia"},"content":{"rendered":"<p>Noc w Berlinie zapada czarna i ponura,<br \/>\n\u015bpi\u0105 ju\u017c nawet bakterie w jelita uchy\u0142kach,<br \/>\ntylko na jednym biurku \u015bwieci klawiatura<br \/>\nnieskalan\u0105 bia\u0142o\u015bci\u0105, bez jednego py\u0142ka.<\/p>\n<p>Ca\u0142e miasto po cichu zagarnia ten obiekt,<br \/>\nmacki swoje wypuszcza po najdalszy kraniec,<br \/>\na w dodatku nie \u015bwieci zwyczajnie, tak sobie,<br \/>\nale &#8211; co tu ukrywa\u0107 &#8211; \u015bwieci podejrzanie.<\/p>\n<p>W snach od tego koszmarne zjawiaj\u0105 si\u0119 w\u0105tki,<br \/>\nwina stale w nich b\u0142\u0105dzi i sumienia wyrzut,<br \/>\nchcia\u0142by zerwa\u0107 si\u0119 \u015bpi\u0105cy, biec r\u00f3wna\u0107 \u017co\u0142\u0105dki,<br \/>\npracowa\u0107 w pocie czo\u0142a na miseczk\u0119 ry\u017cu,<\/p>\n<p>w prawicowych ksi\u0105g zbiory wpuszcza\u0107 stada myszy,<br \/>\ndo bankier\u00f3w wallstreeckich bez lito\u015bci strzela\u0107 &#8211;<br \/>\nwszystko pod wp\u0142ywem bia\u0142ych, upiornych klawiszy,<br \/>\nkt\u00f3re tajnym kana\u0142em przysz\u0142y od Fidela.<\/p>\n<p>Co si\u0119 jeden klawiszy tych komplet zu\u017cyje,<br \/>\nwydawnictwo na biurko podrzuca ju\u017c nowy,<br \/>\nBerli\u0144czyk\u00f3w motaj\u0105c od st\u00f3p a\u017c po szyj\u0119<br \/>\ng\u0119stw\u0105 sieci lewackich, \u015bwiatowo-spiskowych.<\/p>\n<p>Beznadziejny jest op\u00f3r. Ju\u017c Kreuzberg i Neuk\u00f6lln<br \/>\nna lewactwo si\u0119 rzuca niczym kot na szperk\u0119.<br \/>\nC\u00f3\u017c, \u017ce opozycyjn\u0105 sformowali trojk\u0119,<br \/>\nTusk z artyst\u0105 Kukizem i kanclerk\u0105 Merkel.<\/p>\n<p>Putin r\u0105czki zaciera w ruskich kazamatach,<br \/>\nchichocz\u0105c: &#8222;niech spr\u00f3buje mi podskoczy\u0107 kt\u00f3ry!&#8221;,<br \/>\na przez Berlin przepe\u0142za upiorna po\u015bwiata<br \/>\ni s\u0105czy moc straszliw\u0105 czystej klawiatury.<\/p>\n","protected":false},"excerpt":{"rendered":"<p>Noc w Berlinie zapada czarna i ponura, \u015bpi\u0105 ju\u017c nawet bakterie w jelita uchy\u0142kach, tylko na jednym biurku \u015bwieci klawiatura nieskalan\u0105 bia\u0142o\u015bci\u0105, bez jednego py\u0142ka. Ca\u0142e miasto po cichu zagarnia ten obiekt, macki swoje wypuszcza po najdalszy kraniec, a w dodatku nie \u015bwieci zwyczajnie, tak sobie, ale &#8211; co tu ukrywa\u0107 &#8211; \u015bwieci podejrzanie. W snach od tego koszmarne zjawiaj\u0105 si\u0119 w\u0105tki, wina stale w nich b\u0142\u0105dzi i sumienia wyrzut, chcia\u0142by zerwa\u0107 si\u0119 \u015bpi\u0105cy, biec r\u00f3wna\u0107 \u017co\u0142\u0105dki, pracowa\u0107 w pocie czo\u0142a na miseczk\u0119 ry\u017cu, w prawicowych ksi\u0105g zbiory wpuszcza\u0107 stada myszy, do bankier\u00f3w wallstreeckich bez lito\u015bci strzela\u0107 &#8211; wszystko pod [&hellip;]<\/p>\n","protected":false},"author":274,"featured_media":0,"parent":2573,"menu_order":0,"comment_status":"open","ping_status":"open","template":"wiersze_osobowosci.php","meta":{"footnotes":""},"class_list":["post-2730","page","type-page","status-publish","hentry"],"_links":{"self":[{"href":"https:\/\/blog-bobika.eu\/index.php?rest_route=\/wp\/v2\/pages\/2730","targetHints":{"allow":["GET"]}}],"collection":[{"href":"https:\/\/blog-bobika.eu\/index.php?rest_route=\/wp\/v2\/pages"}],"about":[{"href":"https:\/\/blog-bobika.eu\/index.php?rest_route=\/wp\/v2\/types\/page"}],"author":[{"embeddable":true,"href":"https:\/\/blog-bobika.eu\/index.php?rest_route=\/wp\/v2\/users\/274"}],"replies":[{"embeddable":true,"href":"https:\/\/blog-bobika.eu\/index.php?rest_route=%2Fwp%2Fv2%2Fcomments&post=2730"}],"version-history":[{"count":1,"href":"https:\/\/blog-bobika.eu\/index.php?rest_route=\/wp\/v2\/pages\/2730\/revisions"}],"predecessor-version":[{"id":2731,"href":"https:\/\/blog-bobika.eu\/index.php?rest_route=\/wp\/v2\/pages\/2730\/revisions\/2731"}],"up":[{"embeddable":true,"href":"https:\/\/blog-bobika.eu\/index.php?rest_route=\/wp\/v2\/pages\/2573"}],"wp:attachment":[{"href":"https:\/\/blog-bobika.eu\/index.php?rest_route=%2Fwp%2Fv2%2Fmedia&parent=2730"}],"curies":[{"name":"wp","href":"https:\/\/api.w.org\/{rel}","templated":true}]}}