{"id":2728,"date":"2015-09-04T22:59:27","date_gmt":"2015-09-04T20:59:27","guid":{"rendered":"http:\/\/blog-bobika.eu\/?page_id=2728"},"modified":"2015-09-04T22:59:27","modified_gmt":"2015-09-04T20:59:27","slug":"la-bond-ek","status":"publish","type":"page","link":"https:\/\/blog-bobika.eu\/?page_id=2728","title":{"rendered":"\u0141a-Bond-ek"},"content":{"rendered":"<p>Na Bond Streecie deszcz w twarz tnie,<br \/>\nleje w r\u00f3wnych rz\u0105dkach,<br \/>\nw jego strugach snuj\u0105 si\u0119<br \/>\nagenci \u0141a-Bond-ka.<\/p>\n<p>Mokre futro ma ju\u017c Kot,<br \/>\nPies si\u0119 z ch\u0142odu trz\u0119sie,<br \/>\na z \u0141a-Bond-k\u00f3w woda w lot<br \/>\nsp\u0142ywa jak po g\u0119si.<\/p>\n<p>Nie ma jak przed nimi zwia\u0107<br \/>\nw tym cholernym Londku &#8211;<br \/>\ngdzie nie p\u00f3jdziesz, tam apia\u0107<br \/>\npe\u0142no jest \u0141a-Bond-k\u00f3w.<\/p>\n<p>Kierownictwo skry\u0107 si\u0119 chce<br \/>\ndo najbli\u017cszej bramy,<br \/>\nlecz \u0141a-Bond-ki ju\u017c we mgle,<br \/>\nkrzycz\u0105: tu ci\u0119 mamy!<\/p>\n<p>Pies pr\u00f3buje w progi wej\u015b\u0107<br \/>\nFortnuma z Masonem,<br \/>\nju\u017c \u0141a-Bond-k\u00f3w spora cz\u0119\u015b\u0107<br \/>\nmknie w t\u0119 sam\u0105 stron\u0119.<\/p>\n<p>Kot, ten spryciarz, robi hyc<br \/>\nw londy\u0144ski beau-mondek,<br \/>\nnie pomo\u017ce mu to nic &#8211;<br \/>\ni tam jest \u0141a-Bond-ek.<\/p>\n<p>Ale sylwestrowy sza\u0142<br \/>\ntakie cuda czyni,<br \/>\n\u017ce \u0141a-Bond-ek m\u00f3wi &#8222;miau!&#8221;<br \/>\n(wci\u0105\u017c s\u0105cz\u0105c martini),<\/p>\n<p>szczeka potem wniebog\u0142os,<br \/>\n\u017ce a\u017c ga\u015bnie \u015bwiczka<br \/>\npo czym \u015bpiewa niczym kos,<br \/>\nalbo Kierowniczka.<\/p>\n<p>Wniosek taki z tego jest,<br \/>\ngdy si\u0119 spraw\u0119 zbada,<br \/>\n\u017ce z \u0141a-Bond-kiem Kot czy Pies<br \/>\nmo\u017ce si\u0119 dogada\u0107.<\/p>\n<p>Kierownictwo za\u015b te\u017c nie<br \/>\nma od innych gorzej:<br \/>\njak mu si\u0119 dogada\u0107 \u017ale,<br \/>\nsi\u0119 do\u015bpiewa\u0107 mo\u017ce.<\/p>\n","protected":false},"excerpt":{"rendered":"<p>Na Bond Streecie deszcz w twarz tnie, leje w r\u00f3wnych rz\u0105dkach, w jego strugach snuj\u0105 si\u0119 agenci \u0141a-Bond-ka. Mokre futro ma ju\u017c Kot, Pies si\u0119 z ch\u0142odu trz\u0119sie, a z \u0141a-Bond-k\u00f3w woda w lot sp\u0142ywa jak po g\u0119si. Nie ma jak przed nimi zwia\u0107 w tym cholernym Londku &#8211; gdzie nie p\u00f3jdziesz, tam apia\u0107 pe\u0142no jest \u0141a-Bond-k\u00f3w. Kierownictwo skry\u0107 si\u0119 chce do najbli\u017cszej bramy, lecz \u0141a-Bond-ki ju\u017c we mgle, krzycz\u0105: tu ci\u0119 mamy! Pies pr\u00f3buje w progi wej\u015b\u0107 Fortnuma z Masonem, ju\u017c \u0141a-Bond-k\u00f3w spora cz\u0119\u015b\u0107 mknie w t\u0119 sam\u0105 stron\u0119. Kot, ten spryciarz, robi hyc w londy\u0144ski beau-mondek, nie pomo\u017ce [&hellip;]<\/p>\n","protected":false},"author":274,"featured_media":0,"parent":2573,"menu_order":0,"comment_status":"open","ping_status":"open","template":"wiersze_osobowosci.php","meta":{"footnotes":""},"class_list":["post-2728","page","type-page","status-publish","hentry"],"_links":{"self":[{"href":"https:\/\/blog-bobika.eu\/index.php?rest_route=\/wp\/v2\/pages\/2728","targetHints":{"allow":["GET"]}}],"collection":[{"href":"https:\/\/blog-bobika.eu\/index.php?rest_route=\/wp\/v2\/pages"}],"about":[{"href":"https:\/\/blog-bobika.eu\/index.php?rest_route=\/wp\/v2\/types\/page"}],"author":[{"embeddable":true,"href":"https:\/\/blog-bobika.eu\/index.php?rest_route=\/wp\/v2\/users\/274"}],"replies":[{"embeddable":true,"href":"https:\/\/blog-bobika.eu\/index.php?rest_route=%2Fwp%2Fv2%2Fcomments&post=2728"}],"version-history":[{"count":1,"href":"https:\/\/blog-bobika.eu\/index.php?rest_route=\/wp\/v2\/pages\/2728\/revisions"}],"predecessor-version":[{"id":2729,"href":"https:\/\/blog-bobika.eu\/index.php?rest_route=\/wp\/v2\/pages\/2728\/revisions\/2729"}],"up":[{"embeddable":true,"href":"https:\/\/blog-bobika.eu\/index.php?rest_route=\/wp\/v2\/pages\/2573"}],"wp:attachment":[{"href":"https:\/\/blog-bobika.eu\/index.php?rest_route=%2Fwp%2Fv2%2Fmedia&parent=2728"}],"curies":[{"name":"wp","href":"https:\/\/api.w.org\/{rel}","templated":true}]}}