{"id":2726,"date":"2015-09-04T22:58:30","date_gmt":"2015-09-04T20:58:30","guid":{"rendered":"http:\/\/blog-bobika.eu\/?page_id=2726"},"modified":"2015-09-04T22:58:30","modified_gmt":"2015-09-04T20:58:30","slug":"kolysanka-tadeusz","status":"publish","type":"page","link":"https:\/\/blog-bobika.eu\/?page_id=2726","title":{"rendered":"Ko\u0142ysanka-Tadeusz"},"content":{"rendered":"<p>U\u015bnij, u\u015bnij, Tadeuszku,<br \/>\nb\u0105d\u017a\u017ce wreszcie w stanie,<br \/>\nwe\u017a\u017ce zachrap s\u0142odko w \u0142\u00f3\u017cku,<br \/>\nbo jutro wstawanie&#8230;<\/p>\n<p>Luli, luli, ju\u017c nie czytaj,<br \/>\nbo szkoda papiru,<br \/>\nniech ci \u015bni si\u0119 z Haydnem p\u0142yta,<br \/>\nbyle bez imbiru.<\/p>\n<p>Ju\u017c najwy\u017cszy czas, by spa\u0142y<br \/>\nwszystkie grzeczne dzieci,<br \/>\na w snach mia\u0142y wino bia\u0142e<br \/>\ni jaki\u015b balecik.<\/p>\n<p>Za\u015bnij, Tadeuszku, za\u015bnij,<br \/>\nowce licz do ty\u0142u,<br \/>\nbo jak troch\u0119 si\u0119 rozja\u015bni<br \/>\nto wiesz&#8230; nie ma zmi\u0142uj.<\/p>\n","protected":false},"excerpt":{"rendered":"<p>U\u015bnij, u\u015bnij, Tadeuszku, b\u0105d\u017a\u017ce wreszcie w stanie, we\u017a\u017ce zachrap s\u0142odko w \u0142\u00f3\u017cku, bo jutro wstawanie&#8230; Luli, luli, ju\u017c nie czytaj, bo szkoda papiru, niech ci \u015bni si\u0119 z Haydnem p\u0142yta, byle bez imbiru. Ju\u017c najwy\u017cszy czas, by spa\u0142y wszystkie grzeczne dzieci, a w snach mia\u0142y wino bia\u0142e i jaki\u015b balecik. Za\u015bnij, Tadeuszku, za\u015bnij, owce licz do ty\u0142u, bo jak troch\u0119 si\u0119 rozja\u015bni to wiesz&#8230; nie ma zmi\u0142uj.<\/p>\n","protected":false},"author":274,"featured_media":0,"parent":2573,"menu_order":0,"comment_status":"open","ping_status":"open","template":"wiersze_osobowosci.php","meta":{"footnotes":""},"class_list":["post-2726","page","type-page","status-publish","hentry"],"_links":{"self":[{"href":"https:\/\/blog-bobika.eu\/index.php?rest_route=\/wp\/v2\/pages\/2726","targetHints":{"allow":["GET"]}}],"collection":[{"href":"https:\/\/blog-bobika.eu\/index.php?rest_route=\/wp\/v2\/pages"}],"about":[{"href":"https:\/\/blog-bobika.eu\/index.php?rest_route=\/wp\/v2\/types\/page"}],"author":[{"embeddable":true,"href":"https:\/\/blog-bobika.eu\/index.php?rest_route=\/wp\/v2\/users\/274"}],"replies":[{"embeddable":true,"href":"https:\/\/blog-bobika.eu\/index.php?rest_route=%2Fwp%2Fv2%2Fcomments&post=2726"}],"version-history":[{"count":1,"href":"https:\/\/blog-bobika.eu\/index.php?rest_route=\/wp\/v2\/pages\/2726\/revisions"}],"predecessor-version":[{"id":2727,"href":"https:\/\/blog-bobika.eu\/index.php?rest_route=\/wp\/v2\/pages\/2726\/revisions\/2727"}],"up":[{"embeddable":true,"href":"https:\/\/blog-bobika.eu\/index.php?rest_route=\/wp\/v2\/pages\/2573"}],"wp:attachment":[{"href":"https:\/\/blog-bobika.eu\/index.php?rest_route=%2Fwp%2Fv2%2Fmedia&parent=2726"}],"curies":[{"name":"wp","href":"https:\/\/api.w.org\/{rel}","templated":true}]}}