{"id":2724,"date":"2015-09-04T22:57:07","date_gmt":"2015-09-04T20:57:07","guid":{"rendered":"http:\/\/blog-bobika.eu\/?page_id=2724"},"modified":"2015-09-04T22:57:07","modified_gmt":"2015-09-04T20:57:07","slug":"kojak","status":"publish","type":"page","link":"https:\/\/blog-bobika.eu\/?page_id=2724","title":{"rendered":"Kojak"},"content":{"rendered":"<p>Gdy wiecz\u00f3r mury rozgrzane ch\u0142odzi,<br \/>\ndo snu si\u0119 k\u0142ad\u0105 rodacy,<br \/>\ndetektyw Kojak z domu wychodzi<br \/>\ni rusza w \u015bwiat szuka\u0107 pracy.<\/p>\n<p>By podejrzan\u0105 z\u0142apa\u0107 na w\u0119dk\u0119<br \/>\nsposoby nader ma bystre &#8211;<br \/>\ntutaj si\u0119 z babk\u0105 wda w pogaw\u0119dk\u0119,<br \/>\na tam przes\u0142ucha magistr\u0119,<\/p>\n<p>tutaj pos\u0142ucha co piszcz\u0105 myszy,<br \/>\ntam cynk dostanie od sowy,<br \/>\npies policyjny mu towarzyszy<br \/>\noraz nietoperz s\u0142u\u017cbowy.<\/p>\n<p>A gdy \u015bwit blady w kierunku nieba<br \/>\nptasie wypuszcza ju\u017c race,<br \/>\ndetektyw Kojak idzie przez deptak,<br \/>\nkrzycz\u0105c rado\u015bnie: mam prac\u0119!<\/p>\n","protected":false},"excerpt":{"rendered":"<p>Gdy wiecz\u00f3r mury rozgrzane ch\u0142odzi, do snu si\u0119 k\u0142ad\u0105 rodacy, detektyw Kojak z domu wychodzi i rusza w \u015bwiat szuka\u0107 pracy. By podejrzan\u0105 z\u0142apa\u0107 na w\u0119dk\u0119 sposoby nader ma bystre &#8211; tutaj si\u0119 z babk\u0105 wda w pogaw\u0119dk\u0119, a tam przes\u0142ucha magistr\u0119, tutaj pos\u0142ucha co piszcz\u0105 myszy, tam cynk dostanie od sowy, pies policyjny mu towarzyszy oraz nietoperz s\u0142u\u017cbowy. A gdy \u015bwit blady w kierunku nieba ptasie wypuszcza ju\u017c race, detektyw Kojak idzie przez deptak, krzycz\u0105c rado\u015bnie: mam prac\u0119!<\/p>\n","protected":false},"author":274,"featured_media":0,"parent":2573,"menu_order":0,"comment_status":"open","ping_status":"open","template":"wiersze_osobowosci.php","meta":{"footnotes":""},"class_list":["post-2724","page","type-page","status-publish","hentry"],"_links":{"self":[{"href":"https:\/\/blog-bobika.eu\/index.php?rest_route=\/wp\/v2\/pages\/2724","targetHints":{"allow":["GET"]}}],"collection":[{"href":"https:\/\/blog-bobika.eu\/index.php?rest_route=\/wp\/v2\/pages"}],"about":[{"href":"https:\/\/blog-bobika.eu\/index.php?rest_route=\/wp\/v2\/types\/page"}],"author":[{"embeddable":true,"href":"https:\/\/blog-bobika.eu\/index.php?rest_route=\/wp\/v2\/users\/274"}],"replies":[{"embeddable":true,"href":"https:\/\/blog-bobika.eu\/index.php?rest_route=%2Fwp%2Fv2%2Fcomments&post=2724"}],"version-history":[{"count":1,"href":"https:\/\/blog-bobika.eu\/index.php?rest_route=\/wp\/v2\/pages\/2724\/revisions"}],"predecessor-version":[{"id":2725,"href":"https:\/\/blog-bobika.eu\/index.php?rest_route=\/wp\/v2\/pages\/2724\/revisions\/2725"}],"up":[{"embeddable":true,"href":"https:\/\/blog-bobika.eu\/index.php?rest_route=\/wp\/v2\/pages\/2573"}],"wp:attachment":[{"href":"https:\/\/blog-bobika.eu\/index.php?rest_route=%2Fwp%2Fv2%2Fmedia&parent=2724"}],"curies":[{"name":"wp","href":"https:\/\/api.w.org\/{rel}","templated":true}]}}