{"id":2718,"date":"2015-09-04T22:53:47","date_gmt":"2015-09-04T20:53:47","guid":{"rendered":"http:\/\/blog-bobika.eu\/?page_id=2718"},"modified":"2015-09-04T22:53:47","modified_gmt":"2015-09-04T20:53:47","slug":"idziedysc","status":"publish","type":"page","link":"https:\/\/blog-bobika.eu\/?page_id=2718","title":{"rendered":"Idziedysc"},"content":{"rendered":"<p>Ko\u0142o domu ogr\u00f3deczek,<br \/>\nw ogr\u00f3dku \u0142aweczka,<br \/>\nidziedysc se na niej przysiad\u0142 &#8211;<br \/>\npatrzy, gdzie Haneczka.<\/p>\n<p>Gdy rzeczona wysz\u0142a z domu,<br \/>\np\u0119dem do niej bie\u017cy<br \/>\ni powiada: droga pani,<br \/>\nchc\u0119 si\u0119 z czego\u015b zwierzy\u0107:<\/p>\n<p>nikt nie kocha mnie, nie lubi,<br \/>\nani nie szanuje,<br \/>\nsikawic\u0105 zw\u0105 mnie podle,<br \/>\nlub przebrzyd\u0142ym lujem.<\/p>\n<p>Nikt nie my\u015bli o mnie ciep\u0142o,<br \/>\nnie czeka z ciasteczkiem,<br \/>\nlecz s\u0142ysza\u0142em gdzie\u015b, \u017ce mog\u0119<br \/>\nliczy\u0107 na Haneczk\u0119.<\/p>\n<p>Ona jedna mnie przygarnie,<br \/>\nwesprze dobrym s\u0142owem<br \/>\ni w og\u00f3le me za\u0142atwi<br \/>\npotrzeby duchowe.<\/p>\n<p>Tu Haneczka w idziedysca<br \/>\npopatrzy\u0142a oko<br \/>\ni tak rzecze: ja to jedno,<br \/>\na drugie to Hoko.<\/p>\n<p>Jemu tak\u017ce bez lujania<br \/>\njako\u015b \u017ale si\u0119 robi,<br \/>\nbo wysycha wszystko wok\u00f3\u0142<br \/>\njak pustynia Gobi.<\/p>\n<p>Tak \u017ce nie p\u0142acz, idziedyscu<br \/>\ni szat nie rozdzieraj,<br \/>\nmo\u017cesz dla mnie i dla Hoko<br \/>\nlun\u0105\u0107 jak cholera,<\/p>\n<p>a my na tw\u0105 cze\u015b\u0107 mo\u017cemy<br \/>\npobi\u0107 w tarabany,<br \/>\n\u017ceby\u015b poczu\u0142, \u017ce gdzieniegdzie<br \/>\njeste\u015b doceniany.<\/p>\n<p>Fanklub tw\u00f3j te\u017c za\u0142o\u017cymy<br \/>\nze \u015bwietnym wynikiem.<br \/>\nJa zostan\u0119 w nim prezesk\u0105,<br \/>\na Hoko skarbnikiem.<\/p>\n<p>Og\u0142osimy w telewizji,<br \/>\n\u017ce\u015b ty dla przyrody<br \/>\nlepszy od z gwiazdami ta\u0144ca,<br \/>\na nawet od Dody.<\/p>\n<p>Wi\u0119c tak strasznie nie narzekaj<br \/>\nna sw\u0105 ci\u0119\u017ck\u0105 dol\u0119,<br \/>\nbo ju\u017c wkr\u00f3tce, idziedyscu,<br \/>\nstaniesz si\u0119 idolem.<\/p>\n<p>Mi\u0142o\u015b\u0107 zyskasz i szacunek &#8211;<br \/>\nwspomnisz moje s\u0142owa!<br \/>\nTylko wtedy nie zapomnij,<br \/>\nkto ci\u0119 wypromowa\u0142!<\/p>\n","protected":false},"excerpt":{"rendered":"<p>Ko\u0142o domu ogr\u00f3deczek, w ogr\u00f3dku \u0142aweczka, idziedysc se na niej przysiad\u0142 &#8211; patrzy, gdzie Haneczka. Gdy rzeczona wysz\u0142a z domu, p\u0119dem do niej bie\u017cy i powiada: droga pani, chc\u0119 si\u0119 z czego\u015b zwierzy\u0107: nikt nie kocha mnie, nie lubi, ani nie szanuje, sikawic\u0105 zw\u0105 mnie podle, lub przebrzyd\u0142ym lujem. Nikt nie my\u015bli o mnie ciep\u0142o, nie czeka z ciasteczkiem, lecz s\u0142ysza\u0142em gdzie\u015b, \u017ce mog\u0119 liczy\u0107 na Haneczk\u0119. Ona jedna mnie przygarnie, wesprze dobrym s\u0142owem i w og\u00f3le me za\u0142atwi potrzeby duchowe. Tu Haneczka w idziedysca popatrzy\u0142a oko i tak rzecze: ja to jedno, a drugie to Hoko. Jemu tak\u017ce bez [&hellip;]<\/p>\n","protected":false},"author":274,"featured_media":0,"parent":2573,"menu_order":0,"comment_status":"open","ping_status":"open","template":"wiersze_osobowosci.php","meta":{"footnotes":""},"class_list":["post-2718","page","type-page","status-publish","hentry"],"_links":{"self":[{"href":"https:\/\/blog-bobika.eu\/index.php?rest_route=\/wp\/v2\/pages\/2718","targetHints":{"allow":["GET"]}}],"collection":[{"href":"https:\/\/blog-bobika.eu\/index.php?rest_route=\/wp\/v2\/pages"}],"about":[{"href":"https:\/\/blog-bobika.eu\/index.php?rest_route=\/wp\/v2\/types\/page"}],"author":[{"embeddable":true,"href":"https:\/\/blog-bobika.eu\/index.php?rest_route=\/wp\/v2\/users\/274"}],"replies":[{"embeddable":true,"href":"https:\/\/blog-bobika.eu\/index.php?rest_route=%2Fwp%2Fv2%2Fcomments&post=2718"}],"version-history":[{"count":1,"href":"https:\/\/blog-bobika.eu\/index.php?rest_route=\/wp\/v2\/pages\/2718\/revisions"}],"predecessor-version":[{"id":2719,"href":"https:\/\/blog-bobika.eu\/index.php?rest_route=\/wp\/v2\/pages\/2718\/revisions\/2719"}],"up":[{"embeddable":true,"href":"https:\/\/blog-bobika.eu\/index.php?rest_route=\/wp\/v2\/pages\/2573"}],"wp:attachment":[{"href":"https:\/\/blog-bobika.eu\/index.php?rest_route=%2Fwp%2Fv2%2Fmedia&parent=2718"}],"curies":[{"name":"wp","href":"https:\/\/api.w.org\/{rel}","templated":true}]}}