{"id":2710,"date":"2015-09-04T22:44:57","date_gmt":"2015-09-04T20:44:57","guid":{"rendered":"http:\/\/blog-bobika.eu\/?page_id=2710"},"modified":"2015-09-04T22:44:57","modified_gmt":"2015-09-04T20:44:57","slug":"gumofilce","status":"publish","type":"page","link":"https:\/\/blog-bobika.eu\/?page_id=2710","title":{"rendered":"Gumofilce"},"content":{"rendered":"<p>zeen:<br \/>\nC\u00f3\u017c si\u0119 dzieje, olaboga?<br \/>\nCo tak \u015bwieci si\u0119 pod\u0142oga?<br \/>\nCzy\u017cby kto\u015b tu, dajmy na to,<br \/>\nw k\u00f3\u0142ko j\u0105 wyciera\u0142 szmat\u0105?<br \/>\nTrudno, nie ma innej rady,<br \/>\ntrzeba tu porobi\u0107 \u015blady,<br \/>\ngumofilcem nanie\u015b\u0107 mu\u0142u,<br \/>\nbo to dobre dla og\u00f3\u0142u,<br \/>\nw szyje z\u0119by wbi\u0107 wampira,<br \/>\nbo tu jaki\u015b jest Dzie\u0144 \u015awira\u2026<\/p>\n<p>Ch\u00f3r Zrozpaczonych Blogowicz\u00f3w:<br \/>\nZrzu\u0107, zeenie, te gumofilce<br \/>\ni t\u0119 wampirz\u0105 pow\u0142ok\u0119,<br \/>\nnie wchod\u017a na pokoje tylcem,<br \/>\nsp\u00f3jrz, cudnie kwitn\u0105 zawilce<br \/>\ni s\u0142odkim wabi\u0105 nas sokiem.<\/p>\n<p>zeen:<br \/>\nMej mowy s\u0142uchacze, zbuki<br \/>\nspryskane odekolonem,<br \/>\ndydaktyczne niedot\u0142uki,<br \/>\numys\u0142owe po szwam ruki&#8230;<br \/>\nW kt\u00f3r\u0105kolwiek wiatr dmie stron\u0119,<br \/>\nnigdy nie do\u015b\u0107 mej nauki,<br \/>\n\u017ce\u015bcie wszystkie pokrzywione.<br \/>\nNa mchy zgrzebne i porosty,<br \/>\njam tu jest jedyny prosty!<\/p>\n<p>Ch\u00f3r Zrozpaczonych Blogowicz\u00f3w:<br \/>\nZeenie, zmi\u0142uj si\u0119, lito\u015bci!<br \/>\nWszak ty\u015b te\u017c ko\u015b\u0107 z naszej ko\u015bci,<br \/>\nksi\u0105\u017ck\u0119\u015b czyta\u0142, by\u0142 w teatrze,<br \/>\nmy\u015blisz, \u017ce to gumiak zatrze?<\/p>\n<p>zeen:<br \/>\nCom ja czyta\u0142, co nie czyta\u0142,<br \/>\nnikt mi\u0119 tu nie b\u0119dzie pyta\u0142!<br \/>\nMym patronem Jakub Szela,<br \/>\nwi\u0119c r\u017cn\u0119 szlacht\u0119 co niedziela,<br \/>\nw poniedzia\u0142ek te\u017c z zachwytem<br \/>\npor\u017cn\u0119, tyle \u017ce elit\u0119,<br \/>\nw\u015br\u00f3d wtorkowych za\u015b odm\u0119t\u00f3w<br \/>\nlubi\u0119 r\u017cn\u0105\u0107 inteligent\u00f3w,<br \/>\nale \u2013 cho\u0107by blog mi tupa\u0142 &#8211;<br \/>\nnigdy r\u017cn\u0105\u0107 nie b\u0119d\u0119 g\u0142upa,<br \/>\nbo czy ze wsi, czy te\u017c z miasta,<br \/>\ng\u0142up pot\u0119g\u0105 jest i basta!<\/p>\n<p>Ch\u00f3r Zrozpaczonych Blogowicz\u00f3w:<br \/>\nCo to b\u0119dzie? Co to b\u0119dzie?<br \/>\nGumiak strasznym jest narz\u0119dziem,<br \/>\nz\u0105b wamiprzy te\u017c, cholera\u2026<br \/>\nNo, po prostu strach nas zbiera!<\/p>\n<p>zeen:<br \/>\nBardzo s\u0142usznie, niech was bierze.<br \/>\nZw\u0142aszcza to smarkate zwierz\u0119<br \/>\nba\u0107 powinno si\u0119 i milcze\u0107,<br \/>\ngdy ja wdziewam gumofilce.<br \/>\nA i reszta, cho\u0107 starszyzna,<br \/>\nlepiej niech mi racj\u0119 przyzna,<br \/>\nbo jak szcz\u0119k\u0105 tu zawin\u0119\u2026<\/p>\n<p>Ch\u00f3r Zrozpaczonych Blogowicz\u00f3w:<br \/>\nAch, poluzuj odrobin\u0119,<br \/>\no centymetr, nie za wiele:<br \/>\nwdziej cho\u0107 jeden pantofelek!<\/p>\n<p>zeen:<br \/>\nHa, jam nie szkarada taka,<br \/>\n\u017ceby m\u0119czy\u0107 pierwotniaka.<br \/>\nNic nie zmieni\u0119, nic nie wdziej\u0119,<br \/>\nbo od tego jeszcze spsiej\u0119,<br \/>\nstan\u0119 si\u0119 bezz\u0119bnym wujem<br \/>\ni potencja\u0142 sw\u00f3j zmarnuj\u0119.<br \/>\nOd korzenia, czy od naci &#8211;<br \/>\nnikt mnie tu nie przekabaci!<\/p>\n<p>Ch\u00f3r Zrozpaczonych Blogowicz\u00f3w:<br \/>\n(z rezygnacj\u0105)<br \/>\nPrzeb\u00f3g, cho\u0107by sto jaczejek,<br \/>\npantofelka on nie wdzieje!<br \/>\nB\u0119dzie szarpa\u0142, b\u0119dzie b\u0142oci\u0142,<br \/>\nnie chce sta\u0107 si\u0119 m\u0119\u017cem cioci.<\/p>\n<p>Kot Mordechaj:<br \/>\n(wyrwany z drzemki)<br \/>\nNiech nie wdziewa, bardzo prosz\u0119.<br \/>\nJa obuwia te\u017c nie nosz\u0119,<br \/>\nbo to wstyd jest i poruta,<br \/>\nnie by\u0107 mn\u0105, a Kotem W Butach.<\/p>\n<p>Bobik:<br \/>\n(chce co\u015b szczekn\u0105\u0107, ale dochodzi do wniosku, \u017ce tak czy owak nie ma na nic wp\u0142ywu i zastyga w pozie zbola\u0142ej)<\/p>\n<p>Kurtyna<br \/>\n(l\u0119kliwie przeciera pod\u0142og\u0119, po czym roznosi kaw\u0119 i ptifurki)<\/p>\n","protected":false},"excerpt":{"rendered":"<p>zeen: C\u00f3\u017c si\u0119 dzieje, olaboga? Co tak \u015bwieci si\u0119 pod\u0142oga? Czy\u017cby kto\u015b tu, dajmy na to, w k\u00f3\u0142ko j\u0105 wyciera\u0142 szmat\u0105? Trudno, nie ma innej rady, trzeba tu porobi\u0107 \u015blady, gumofilcem nanie\u015b\u0107 mu\u0142u, bo to dobre dla og\u00f3\u0142u, w szyje z\u0119by wbi\u0107 wampira, bo tu jaki\u015b jest Dzie\u0144 \u015awira\u2026 Ch\u00f3r Zrozpaczonych Blogowicz\u00f3w: Zrzu\u0107, zeenie, te gumofilce i t\u0119 wampirz\u0105 pow\u0142ok\u0119, nie wchod\u017a na pokoje tylcem, sp\u00f3jrz, cudnie kwitn\u0105 zawilce i s\u0142odkim wabi\u0105 nas sokiem. zeen: Mej mowy s\u0142uchacze, zbuki spryskane odekolonem, dydaktyczne niedot\u0142uki, umys\u0142owe po szwam ruki&#8230; W kt\u00f3r\u0105kolwiek wiatr dmie stron\u0119, nigdy nie do\u015b\u0107 mej nauki, \u017ce\u015bcie wszystkie pokrzywione. [&hellip;]<\/p>\n","protected":false},"author":274,"featured_media":0,"parent":2573,"menu_order":0,"comment_status":"open","ping_status":"open","template":"wiersze_osobowosci.php","meta":{"footnotes":""},"class_list":["post-2710","page","type-page","status-publish","hentry"],"_links":{"self":[{"href":"https:\/\/blog-bobika.eu\/index.php?rest_route=\/wp\/v2\/pages\/2710","targetHints":{"allow":["GET"]}}],"collection":[{"href":"https:\/\/blog-bobika.eu\/index.php?rest_route=\/wp\/v2\/pages"}],"about":[{"href":"https:\/\/blog-bobika.eu\/index.php?rest_route=\/wp\/v2\/types\/page"}],"author":[{"embeddable":true,"href":"https:\/\/blog-bobika.eu\/index.php?rest_route=\/wp\/v2\/users\/274"}],"replies":[{"embeddable":true,"href":"https:\/\/blog-bobika.eu\/index.php?rest_route=%2Fwp%2Fv2%2Fcomments&post=2710"}],"version-history":[{"count":1,"href":"https:\/\/blog-bobika.eu\/index.php?rest_route=\/wp\/v2\/pages\/2710\/revisions"}],"predecessor-version":[{"id":2711,"href":"https:\/\/blog-bobika.eu\/index.php?rest_route=\/wp\/v2\/pages\/2710\/revisions\/2711"}],"up":[{"embeddable":true,"href":"https:\/\/blog-bobika.eu\/index.php?rest_route=\/wp\/v2\/pages\/2573"}],"wp:attachment":[{"href":"https:\/\/blog-bobika.eu\/index.php?rest_route=%2Fwp%2Fv2%2Fmedia&parent=2710"}],"curies":[{"name":"wp","href":"https:\/\/api.w.org\/{rel}","templated":true}]}}