{"id":2704,"date":"2015-09-04T21:48:23","date_gmt":"2015-09-04T19:48:23","guid":{"rendered":"http:\/\/blog-bobika.eu\/?page_id=2704"},"modified":"2015-09-04T21:48:23","modified_gmt":"2015-09-04T19:48:23","slug":"falstaff","status":"publish","type":"page","link":"https:\/\/blog-bobika.eu\/?page_id=2704","title":{"rendered":"Falstaff"},"content":{"rendered":"<p>Raz si\u0119 Szekspir z Zenkiem spotka\u0142 w pubie &#8222;Pod jeleniem&#8221;<br \/>\ni poprosi\u0142: udziel\u017ce mi nauk, drogi zeenie,<br \/>\nbo mi mo\u017ce si\u0119 przydarzy\u0107 wpadka, czyli gafa,<br \/>\ngdy bez twych poucze\u0144 \u015bwiat\u0142ych wymy\u015bl\u0119 Falstaffa.<br \/>\nZenek prze\u0142kn\u0105\u0142 p\u0142yn przejrzysty, co w kieliszku p\u0142ywa\u0142,<br \/>\nm\u00f3wi\u0105c: zapami\u0119taj, Wilu\u015b, to jest wywo\u0142ywacz.<br \/>\nPotem za kufelek z\u0142apa\u0142, co tu\u017c obok stercza\u0142<br \/>\nby spienion\u0105, z\u0142ot\u0105 strug\u0105 uraczy\u0107 nadnercza,<br \/>\ni w\u0105trob\u0119. Gdy znikn\u0119\u0142a w jego w\u0105tpiach fala,<br \/>\ndoda\u0142 jeszcze: zakonotuj, \u017ce to by\u0142 utrwalacz.<br \/>\nJe\u015bli z tych m\u0105dro\u015bci zrobisz u\u017cytek uczciwy,<br \/>\nmog\u0119 r\u0119czy\u0107, \u017ce ten Falstaff wyjdzie ci jak \u017cywy.<br \/>\nRuszy\u0142 Szekspir do roboty jak rakieta zgo\u0142a,<br \/>\npo trzech \u0107wiartkach g\u0142adko posta\u0107 Falstaffa wywo\u0142a\u0142,<br \/>\nseri\u0105 kufli j\u0105 utrwali\u0142, a z tak dobrym skutkiem,<br \/>\n\u017ce starczy\u0142o jej trwa\u0142o\u015bci na wieki calutkie.<\/p>\n<p>Wi\u0119c gdy Wilka chwali\u0107 zechcesz za to, co wymy\u015bla\u0142,<br \/>\npomy\u015bl, jaki mia\u0142 w tym udzia\u0142 nasz cz\u0142ek, z kraju Wi\u015blan.<br \/>\nGdy si\u0119 chwil\u0119 zastanowi\u0107, sprawa jest do\u015b\u0107 prosta &#8211;<br \/>\noczywiste, \u017ce bez Zenka Falstaff by nie powsta\u0142.<\/p>\n","protected":false},"excerpt":{"rendered":"<p>Raz si\u0119 Szekspir z Zenkiem spotka\u0142 w pubie &#8222;Pod jeleniem&#8221; i poprosi\u0142: udziel\u017ce mi nauk, drogi zeenie, bo mi mo\u017ce si\u0119 przydarzy\u0107 wpadka, czyli gafa, gdy bez twych poucze\u0144 \u015bwiat\u0142ych wymy\u015bl\u0119 Falstaffa. Zenek prze\u0142kn\u0105\u0142 p\u0142yn przejrzysty, co w kieliszku p\u0142ywa\u0142, m\u00f3wi\u0105c: zapami\u0119taj, Wilu\u015b, to jest wywo\u0142ywacz. Potem za kufelek z\u0142apa\u0142, co tu\u017c obok stercza\u0142 by spienion\u0105, z\u0142ot\u0105 strug\u0105 uraczy\u0107 nadnercza, i w\u0105trob\u0119. Gdy znikn\u0119\u0142a w jego w\u0105tpiach fala, doda\u0142 jeszcze: zakonotuj, \u017ce to by\u0142 utrwalacz. Je\u015bli z tych m\u0105dro\u015bci zrobisz u\u017cytek uczciwy, mog\u0119 r\u0119czy\u0107, \u017ce ten Falstaff wyjdzie ci jak \u017cywy. Ruszy\u0142 Szekspir do roboty jak rakieta zgo\u0142a, po trzech [&hellip;]<\/p>\n","protected":false},"author":274,"featured_media":0,"parent":2573,"menu_order":0,"comment_status":"open","ping_status":"open","template":"wiersze_osobowosci.php","meta":{"footnotes":""},"class_list":["post-2704","page","type-page","status-publish","hentry"],"_links":{"self":[{"href":"https:\/\/blog-bobika.eu\/index.php?rest_route=\/wp\/v2\/pages\/2704","targetHints":{"allow":["GET"]}}],"collection":[{"href":"https:\/\/blog-bobika.eu\/index.php?rest_route=\/wp\/v2\/pages"}],"about":[{"href":"https:\/\/blog-bobika.eu\/index.php?rest_route=\/wp\/v2\/types\/page"}],"author":[{"embeddable":true,"href":"https:\/\/blog-bobika.eu\/index.php?rest_route=\/wp\/v2\/users\/274"}],"replies":[{"embeddable":true,"href":"https:\/\/blog-bobika.eu\/index.php?rest_route=%2Fwp%2Fv2%2Fcomments&post=2704"}],"version-history":[{"count":1,"href":"https:\/\/blog-bobika.eu\/index.php?rest_route=\/wp\/v2\/pages\/2704\/revisions"}],"predecessor-version":[{"id":2705,"href":"https:\/\/blog-bobika.eu\/index.php?rest_route=\/wp\/v2\/pages\/2704\/revisions\/2705"}],"up":[{"embeddable":true,"href":"https:\/\/blog-bobika.eu\/index.php?rest_route=\/wp\/v2\/pages\/2573"}],"wp:attachment":[{"href":"https:\/\/blog-bobika.eu\/index.php?rest_route=%2Fwp%2Fv2%2Fmedia&parent=2704"}],"curies":[{"name":"wp","href":"https:\/\/api.w.org\/{rel}","templated":true}]}}