{"id":2696,"date":"2015-09-04T21:39:13","date_gmt":"2015-09-04T19:39:13","guid":{"rendered":"http:\/\/blog-bobika.eu\/?page_id=2696"},"modified":"2015-09-04T21:39:13","modified_gmt":"2015-09-04T19:39:13","slug":"do-stanislawa","status":"publish","type":"page","link":"https:\/\/blog-bobika.eu\/?page_id=2696","title":{"rendered":"Do Stanis\u0142awa"},"content":{"rendered":"<p>By\u0142by mo\u017ce zasmuci\u0142 psa Stanis\u0142aw, kt\u00f3ry<br \/>\npisa\u0142, \u017ce nie uderzy do zwierza w konkury,<br \/>\ngdyby nie pewne wie\u015bci, psu sk\u0105din\u0105d znane,<br \/>\no Stanis\u0142awa nade wszystko Ukochanej.<br \/>\nKonkretnie czyta\u0142 Bobik na wspomniany temat,<br \/>\n\u017ce owa Ukochana konkurencji nie ma,<br \/>\nwi\u0119c i tak \u017cadne zwierz\u0119, czy to pies, czy wydra,<br \/>\nkonkursu z wymienion\u0105 powy\u017cej nie wygra,<br \/>\nwi\u0119c miast si\u0119 martwi\u0107 spraw\u0105 z g\u00f3ry przechlapan\u0105,<br \/>\npies si\u0119 pocieszy jedn\u0105 panienk\u0105 z Serrano.<\/p>\n<p>O madre! A to biedne si\u0119 wrobi\u0142o psisko.<br \/>\nTeraz mu wszyscy ka\u017c\u0105 zaj\u0105\u0107 stanowisko,<br \/>\na to trudno tak zaraz t\u0119dy czy tamt\u0119dy,<br \/>\nbo przer\u00f3\u017cne wzi\u0105\u0107 trzeba pod uwag\u0119 wzgl\u0119dy.<br \/>\nAle dobrze, odpowiem bez zmru\u017cenia oczek:<br \/>\nOwczarek to Pies Du\u017cy, jemu nie podskocz\u0119,<br \/>\nzatem w imi\u0119 rozs\u0105dku oddam mu bez walki<br \/>\nwszy\u015bciutkie bogobojne, porz\u0105dne g\u00f3ralki,<br \/>\na sam serce i kr\u00f3tkie me skieruj\u0119 n\u00f3\u017cki<br \/>\ntam, gdzie m\u00f3j smak uciesz\u0105 g\u00f3ralki-\u015bwintuszki.<br \/>\nBo cho\u0107 morale te\u017c jest atrakcyjne krzynk\u0119,<br \/>\nto jednak dla psa nie ma, jak z\u0142apa\u0107 za szynk\u0119.<\/p>\n<p>&nbsp;<\/p>\n","protected":false},"excerpt":{"rendered":"<p>By\u0142by mo\u017ce zasmuci\u0142 psa Stanis\u0142aw, kt\u00f3ry pisa\u0142, \u017ce nie uderzy do zwierza w konkury, gdyby nie pewne wie\u015bci, psu sk\u0105din\u0105d znane, o Stanis\u0142awa nade wszystko Ukochanej. Konkretnie czyta\u0142 Bobik na wspomniany temat, \u017ce owa Ukochana konkurencji nie ma, wi\u0119c i tak \u017cadne zwierz\u0119, czy to pies, czy wydra, konkursu z wymienion\u0105 powy\u017cej nie wygra, wi\u0119c miast si\u0119 martwi\u0107 spraw\u0105 z g\u00f3ry przechlapan\u0105, pies si\u0119 pocieszy jedn\u0105 panienk\u0105 z Serrano. O madre! A to biedne si\u0119 wrobi\u0142o psisko. Teraz mu wszyscy ka\u017c\u0105 zaj\u0105\u0107 stanowisko, a to trudno tak zaraz t\u0119dy czy tamt\u0119dy, bo przer\u00f3\u017cne wzi\u0105\u0107 trzeba pod uwag\u0119 wzgl\u0119dy. Ale dobrze, [&hellip;]<\/p>\n","protected":false},"author":274,"featured_media":0,"parent":2573,"menu_order":0,"comment_status":"open","ping_status":"open","template":"wiersze_osobowosci.php","meta":{"footnotes":""},"class_list":["post-2696","page","type-page","status-publish","hentry"],"_links":{"self":[{"href":"https:\/\/blog-bobika.eu\/index.php?rest_route=\/wp\/v2\/pages\/2696","targetHints":{"allow":["GET"]}}],"collection":[{"href":"https:\/\/blog-bobika.eu\/index.php?rest_route=\/wp\/v2\/pages"}],"about":[{"href":"https:\/\/blog-bobika.eu\/index.php?rest_route=\/wp\/v2\/types\/page"}],"author":[{"embeddable":true,"href":"https:\/\/blog-bobika.eu\/index.php?rest_route=\/wp\/v2\/users\/274"}],"replies":[{"embeddable":true,"href":"https:\/\/blog-bobika.eu\/index.php?rest_route=%2Fwp%2Fv2%2Fcomments&post=2696"}],"version-history":[{"count":1,"href":"https:\/\/blog-bobika.eu\/index.php?rest_route=\/wp\/v2\/pages\/2696\/revisions"}],"predecessor-version":[{"id":2697,"href":"https:\/\/blog-bobika.eu\/index.php?rest_route=\/wp\/v2\/pages\/2696\/revisions\/2697"}],"up":[{"embeddable":true,"href":"https:\/\/blog-bobika.eu\/index.php?rest_route=\/wp\/v2\/pages\/2573"}],"wp:attachment":[{"href":"https:\/\/blog-bobika.eu\/index.php?rest_route=%2Fwp%2Fv2%2Fmedia&parent=2696"}],"curies":[{"name":"wp","href":"https:\/\/api.w.org\/{rel}","templated":true}]}}