{"id":2692,"date":"2015-09-04T19:51:27","date_gmt":"2015-09-04T17:51:27","guid":{"rendered":"http:\/\/blog-bobika.eu\/?page_id=2692"},"modified":"2015-09-04T19:51:27","modified_gmt":"2015-09-04T17:51:27","slug":"bradiaga","status":"publish","type":"page","link":"https:\/\/blog-bobika.eu\/?page_id=2692","title":{"rendered":"Bradiaga"},"content":{"rendered":"<p>Przez oceany czarnej kawy<br \/>\nna blog przedziera si\u0119 bradiaga,<br \/>\nmrucz\u0105c: ej, losie, b\u0105d\u017a \u0142askawy,<br \/>\nniech leci dzi\u015b bez przeszk\u00f3d Aga.<\/p>\n<p>Je\u015bli j\u0105 puszcz\u0105, daj\u0119 g\u0142ow\u0119,<br \/>\n\u017ce boska czeka mnie wy\u017cerka,<br \/>\nbo wiem, \u017ce wiezie bufetowe,<br \/>\npo brzegi pe\u0142ne dwa wiaderka.<\/p>\n<p>Ach, zimna w\u00f3dka, zimny kawior,<br \/>\npachn\u0105cy zw\u00f3j ciep\u0142ego blina,<br \/>\nkiedy przede mn\u0105 to postawi\u0105,<br \/>\npo c\u00f3\u017c bym sud&#8217;bu mia\u0142 przeklina\u0107?<\/p>\n<p>Chlapn\u0119, zak\u0105sz\u0119, zabradia\u017c\u0119,<br \/>\ndo sumki schowam co\u015b na zapas,<br \/>\nno, to po prostu m\u00f3j szczyt marze\u0144,<br \/>\na jutro&#8230;? E tam, pies je drapa\u0142.<\/p>\n<p>Nie darmo po tym stiepiam dikim<br \/>\nod rana bez wytchnienia lez\u0119,<br \/>\nomijam g\u00f3ry, do\u0142y, wnyki,<br \/>\nby si\u0119 za\u0142apa\u0107 na imprez\u0119.<\/p>\n<p>Bo chwila w gar\u015b\u0107 jak karp z\u0142apana<br \/>\ni wiecz\u00f3r-wr\u00f3bel w gar\u015bci drugiej,<br \/>\nnawet z bradiagi robi\u0105 pana,<br \/>\na z losu &#8211; cho\u0107 na moment &#8211; s\u0142ug\u0119.<\/p>\n","protected":false},"excerpt":{"rendered":"<p>Przez oceany czarnej kawy na blog przedziera si\u0119 bradiaga, mrucz\u0105c: ej, losie, b\u0105d\u017a \u0142askawy, niech leci dzi\u015b bez przeszk\u00f3d Aga. Je\u015bli j\u0105 puszcz\u0105, daj\u0119 g\u0142ow\u0119, \u017ce boska czeka mnie wy\u017cerka, bo wiem, \u017ce wiezie bufetowe, po brzegi pe\u0142ne dwa wiaderka. Ach, zimna w\u00f3dka, zimny kawior, pachn\u0105cy zw\u00f3j ciep\u0142ego blina, kiedy przede mn\u0105 to postawi\u0105, po c\u00f3\u017c bym sud&#8217;bu mia\u0142 przeklina\u0107? Chlapn\u0119, zak\u0105sz\u0119, zabradia\u017c\u0119, do sumki schowam co\u015b na zapas, no, to po prostu m\u00f3j szczyt marze\u0144, a jutro&#8230;? E tam, pies je drapa\u0142. Nie darmo po tym stiepiam dikim od rana bez wytchnienia lez\u0119, omijam g\u00f3ry, do\u0142y, wnyki, by si\u0119 [&hellip;]<\/p>\n","protected":false},"author":274,"featured_media":0,"parent":2573,"menu_order":0,"comment_status":"open","ping_status":"open","template":"wiersze_osobowosci.php","meta":{"footnotes":""},"class_list":["post-2692","page","type-page","status-publish","hentry"],"_links":{"self":[{"href":"https:\/\/blog-bobika.eu\/index.php?rest_route=\/wp\/v2\/pages\/2692","targetHints":{"allow":["GET"]}}],"collection":[{"href":"https:\/\/blog-bobika.eu\/index.php?rest_route=\/wp\/v2\/pages"}],"about":[{"href":"https:\/\/blog-bobika.eu\/index.php?rest_route=\/wp\/v2\/types\/page"}],"author":[{"embeddable":true,"href":"https:\/\/blog-bobika.eu\/index.php?rest_route=\/wp\/v2\/users\/274"}],"replies":[{"embeddable":true,"href":"https:\/\/blog-bobika.eu\/index.php?rest_route=%2Fwp%2Fv2%2Fcomments&post=2692"}],"version-history":[{"count":1,"href":"https:\/\/blog-bobika.eu\/index.php?rest_route=\/wp\/v2\/pages\/2692\/revisions"}],"predecessor-version":[{"id":2693,"href":"https:\/\/blog-bobika.eu\/index.php?rest_route=\/wp\/v2\/pages\/2692\/revisions\/2693"}],"up":[{"embeddable":true,"href":"https:\/\/blog-bobika.eu\/index.php?rest_route=\/wp\/v2\/pages\/2573"}],"wp:attachment":[{"href":"https:\/\/blog-bobika.eu\/index.php?rest_route=%2Fwp%2Fv2%2Fmedia&parent=2692"}],"curies":[{"name":"wp","href":"https:\/\/api.w.org\/{rel}","templated":true}]}}