{"id":2684,"date":"2015-09-04T19:44:27","date_gmt":"2015-09-04T17:44:27","guid":{"rendered":"http:\/\/blog-bobika.eu\/?page_id=2684"},"modified":"2015-09-04T19:44:27","modified_gmt":"2015-09-04T17:44:27","slug":"back","status":"publish","type":"page","link":"https:\/\/blog-bobika.eu\/?page_id=2684","title":{"rendered":"Back"},"content":{"rendered":"<p>Cho\u0107 chce przed prawem uciec cz\u0142ek<br \/>\ni stara si\u0119 jak mo\u017ce,<br \/>\nszans nie ma \u017cadnych taki zbieg,<br \/>\na mo\u017ce jeszcze gorzej,<br \/>\ngdy mruknie Foma, jedz\u0105c stek:<br \/>\nI&#8217;ll be back!<\/p>\n<p>Cho\u0107 pi\u0119kny jest moralny \u015bciek<br \/>\ni dost\u0119pno\u015bci\u0105 wabi,<br \/>\nw nim sp\u0119dzi\u0107 chcia\u0142by\u015b nawet wiek,<br \/>\nw\u0105chaj\u0105c chrzan z wasabi,<br \/>\nFoma wyci\u0105gnie ci\u0119 na brzeg &#8211;<br \/>\nyou&#8217;ll be back!<\/p>\n<p>Wystawiasz wi\u0119c fa\u0142szywy czek,<br \/>\nzacierasz wszelkie \u015blady,<br \/>\nw co drugim bucie zmieniasz flek<br \/>\ni piszesz do szuflady,<br \/>\nwszystko na nic, cho\u0107by\u015b si\u0119 w\u015bciek\u0142 &#8211;<br \/>\nhe&#8217;ll be back!<\/p>\n<p>Bo cho\u0107by nawet po protek-<br \/>\ncji mia\u0142 za\u0142atwia\u0107 spraw\u0119,<br \/>\ncho\u0107by podda\u0142y go inspek-<br \/>\ncji si\u0142y nie\u0142askawe,<br \/>\non powie, dziarsko brn\u0105c przez \u015bnieg:<br \/>\nI\u2019ll be back!<\/p>\n<p>A kiedy zajdzie ju\u017c do piek-<br \/>\n\u0142a i si\u0119 z diab\u0142em skuma.<br \/>\nto si\u0119 odwlek\u0142a, nie uciek-<br \/>\n\u0142a kwestia. W butach umar\u0142<br \/>\nten, co nie wierzy w Fomy gag:<br \/>\nI\u2019ll be back!<\/p>\n<p>Cho\u0107 jego power nie jest black<br \/>\ni prawo\u015b\u0107 z \u00f3cz mu tryska,<br \/>\nto wiemy, \u017ce ten dobry cz\u0142ek<br \/>\ngustuje w odaliskach.<br \/>\nLecz cho\u0107by w \u0142o\u017cu kt\u00f3rej\u015b leg\u0142,<br \/>\nhe&#8217;ll be back!<\/p>\n<p>Za nic Komisarz ma psi szczek,<br \/>\nnie boi si\u0119 miaukni\u0119cia<br \/>\ni bez zmru\u017cenia on powiek<br \/>\npodchodzi do ciel\u0119cia,<br \/>\nprzez ten okoliczno\u015bci zbieg<br \/>\nhe&#8217;ll be back!<\/p>\n<p>Gdy zbrodniarz ma na nosie pieg,<br \/>\nbum! robi, ptaki p\u0142osz\u0105c<br \/>\ni jak zabity w g\u0142ow\u0119 \u0107wiek<br \/>\nwyj\u015b\u0107 nie chce, cho\u0107 go prosz\u0105,<br \/>\nFoma \u015ble wie\u015b\u0107, jak jaki Grek:<br \/>\nI&#8217;ll be back<\/p>\n<p>Gdy krwawy gdzie\u015b na \u015bcianie kleks<br \/>\nwskazuje na przest\u0119pstwo,<br \/>\ngdy na talerzu \u017cabi skrzek<br \/>\nsi\u0119 lepk\u0105 rozla\u0142 g\u0119stw\u0105,<br \/>\nFoma, pot\u0119\u017cny jak OPEC,<br \/>\nwill be back!<\/p>\n<p>Jak rycerz, kt\u00f3ry szabl\u0105 siek\u0142<br \/>\nTatar\u00f3w i poha\u0144c\u00f3w<br \/>\njak kot, co wypi\u0142 kilka mlek<br \/>\ni porwa\u0142 si\u0119 do ta\u0144c\u00f3w,<br \/>\njak Donald Old, a jednak Mac,<br \/>\nhe&#8217;ll be back!<\/p>\n","protected":false},"excerpt":{"rendered":"<p>Cho\u0107 chce przed prawem uciec cz\u0142ek i stara si\u0119 jak mo\u017ce, szans nie ma \u017cadnych taki zbieg, a mo\u017ce jeszcze gorzej, gdy mruknie Foma, jedz\u0105c stek: I&#8217;ll be back! Cho\u0107 pi\u0119kny jest moralny \u015bciek i dost\u0119pno\u015bci\u0105 wabi, w nim sp\u0119dzi\u0107 chcia\u0142by\u015b nawet wiek, w\u0105chaj\u0105c chrzan z wasabi, Foma wyci\u0105gnie ci\u0119 na brzeg &#8211; you&#8217;ll be back! Wystawiasz wi\u0119c fa\u0142szywy czek, zacierasz wszelkie \u015blady, w co drugim bucie zmieniasz flek i piszesz do szuflady, wszystko na nic, cho\u0107by\u015b si\u0119 w\u015bciek\u0142 &#8211; he&#8217;ll be back! Bo cho\u0107by nawet po protek- cji mia\u0142 za\u0142atwia\u0107 spraw\u0119, cho\u0107by podda\u0142y go inspek- cji si\u0142y nie\u0142askawe, on [&hellip;]<\/p>\n","protected":false},"author":274,"featured_media":0,"parent":2573,"menu_order":0,"comment_status":"open","ping_status":"open","template":"wiersze_osobowosci.php","meta":{"footnotes":""},"class_list":["post-2684","page","type-page","status-publish","hentry"],"_links":{"self":[{"href":"https:\/\/blog-bobika.eu\/index.php?rest_route=\/wp\/v2\/pages\/2684","targetHints":{"allow":["GET"]}}],"collection":[{"href":"https:\/\/blog-bobika.eu\/index.php?rest_route=\/wp\/v2\/pages"}],"about":[{"href":"https:\/\/blog-bobika.eu\/index.php?rest_route=\/wp\/v2\/types\/page"}],"author":[{"embeddable":true,"href":"https:\/\/blog-bobika.eu\/index.php?rest_route=\/wp\/v2\/users\/274"}],"replies":[{"embeddable":true,"href":"https:\/\/blog-bobika.eu\/index.php?rest_route=%2Fwp%2Fv2%2Fcomments&post=2684"}],"version-history":[{"count":1,"href":"https:\/\/blog-bobika.eu\/index.php?rest_route=\/wp\/v2\/pages\/2684\/revisions"}],"predecessor-version":[{"id":2685,"href":"https:\/\/blog-bobika.eu\/index.php?rest_route=\/wp\/v2\/pages\/2684\/revisions\/2685"}],"up":[{"embeddable":true,"href":"https:\/\/blog-bobika.eu\/index.php?rest_route=\/wp\/v2\/pages\/2573"}],"wp:attachment":[{"href":"https:\/\/blog-bobika.eu\/index.php?rest_route=%2Fwp%2Fv2%2Fmedia&parent=2684"}],"curies":[{"name":"wp","href":"https:\/\/api.w.org\/{rel}","templated":true}]}}