{"id":2682,"date":"2015-09-01T01:18:26","date_gmt":"2015-08-31T23:18:26","guid":{"rendered":"http:\/\/blog-bobika.eu\/?page_id=2682"},"modified":"2015-09-01T01:18:26","modified_gmt":"2015-08-31T23:18:26","slug":"trawiata","status":"publish","type":"page","link":"https:\/\/blog-bobika.eu\/?page_id=2682","title":{"rendered":"Trawiata"},"content":{"rendered":"<p>Historie bardzo ludzie lubi\u0105,<br \/>\nmuzyk\u0119, tako\u017c obraz,<br \/>\nlecz nie ka\u017cdemu zda si\u0119 ka\u017cda<br \/>\nhistoria r\u00f3wnie dobra.<br \/>\nKto wychowany jest na Dodzie<br \/>\nlub na Wi\u015bniewskich stadle<br \/>\nb\u0119dzie na jakim\u015b tam Szekspirze<br \/>\ncierpie\u0107 jak rak w imadle.<br \/>\nA je\u015bli runie do opery<br \/>\nto bractwo niekumate?<br \/>\nTo tak, jak gdyby m\u0142ode byczki<br \/>\nwypu\u015bci\u0107 na trawiat\u0119.<br \/>\nPobod\u0105 si\u0119, rogami zrobi\u0105<br \/>\nw libretcie szpetne dziury,<br \/>\nfina\u0142 zawlok\u0105 na racicach<br \/>\ngdzie\u015b tam do uwertury,<br \/>\nAlfredo b\u0119dzie dla nich p\u0142acht\u0105,<br \/>\nVioletta zwyk\u0142\u0105 zdzir\u0105,<br \/>\noboje g\u0142upi za\u015b, bo czemu<br \/>\nnie wskocz\u0105 zaraz w wyro?<br \/>\nZaraz mi szepn\u0105 pedagodzy:<br \/>\nwychowa\u0107 byczka wprz\u00f3dy&#8230;<br \/>\nMo\u017ce. Lecz ja si\u0119 przed nim wol\u0119<br \/>\ndo swojej schowa\u0107 budy.<\/p>\n","protected":false},"excerpt":{"rendered":"<p>Historie bardzo ludzie lubi\u0105, muzyk\u0119, tako\u017c obraz, lecz nie ka\u017cdemu zda si\u0119 ka\u017cda historia r\u00f3wnie dobra. Kto wychowany jest na Dodzie lub na Wi\u015bniewskich stadle b\u0119dzie na jakim\u015b tam Szekspirze cierpie\u0107 jak rak w imadle. A je\u015bli runie do opery to bractwo niekumate? To tak, jak gdyby m\u0142ode byczki wypu\u015bci\u0107 na trawiat\u0119. Pobod\u0105 si\u0119, rogami zrobi\u0105 w libretcie szpetne dziury, fina\u0142 zawlok\u0105 na racicach gdzie\u015b tam do uwertury, Alfredo b\u0119dzie dla nich p\u0142acht\u0105, Violetta zwyk\u0142\u0105 zdzir\u0105, oboje g\u0142upi za\u015b, bo czemu nie wskocz\u0105 zaraz w wyro? Zaraz mi szepn\u0105 pedagodzy: wychowa\u0107 byczka wprz\u00f3dy&#8230; Mo\u017ce. Lecz ja si\u0119 przed nim wol\u0119 [&hellip;]<\/p>\n","protected":false},"author":274,"featured_media":0,"parent":2571,"menu_order":0,"comment_status":"open","ping_status":"open","template":"wiersze_muzyczne.php","meta":{"footnotes":""},"class_list":["post-2682","page","type-page","status-publish","hentry"],"_links":{"self":[{"href":"https:\/\/blog-bobika.eu\/index.php?rest_route=\/wp\/v2\/pages\/2682","targetHints":{"allow":["GET"]}}],"collection":[{"href":"https:\/\/blog-bobika.eu\/index.php?rest_route=\/wp\/v2\/pages"}],"about":[{"href":"https:\/\/blog-bobika.eu\/index.php?rest_route=\/wp\/v2\/types\/page"}],"author":[{"embeddable":true,"href":"https:\/\/blog-bobika.eu\/index.php?rest_route=\/wp\/v2\/users\/274"}],"replies":[{"embeddable":true,"href":"https:\/\/blog-bobika.eu\/index.php?rest_route=%2Fwp%2Fv2%2Fcomments&post=2682"}],"version-history":[{"count":1,"href":"https:\/\/blog-bobika.eu\/index.php?rest_route=\/wp\/v2\/pages\/2682\/revisions"}],"predecessor-version":[{"id":2683,"href":"https:\/\/blog-bobika.eu\/index.php?rest_route=\/wp\/v2\/pages\/2682\/revisions\/2683"}],"up":[{"embeddable":true,"href":"https:\/\/blog-bobika.eu\/index.php?rest_route=\/wp\/v2\/pages\/2571"}],"wp:attachment":[{"href":"https:\/\/blog-bobika.eu\/index.php?rest_route=%2Fwp%2Fv2%2Fmedia&parent=2682"}],"curies":[{"name":"wp","href":"https:\/\/api.w.org\/{rel}","templated":true}]}}