{"id":2678,"date":"2015-09-01T01:09:14","date_gmt":"2015-08-31T23:09:14","guid":{"rendered":"http:\/\/blog-bobika.eu\/?page_id=2678"},"modified":"2017-04-18T00:25:06","modified_gmt":"2017-04-17T22:25:06","slug":"trolololo","status":"publish","type":"page","link":"https:\/\/blog-bobika.eu\/?page_id=2678","title":{"rendered":"Trolololo"},"content":{"rendered":"<p>Ktooo s\u0142yszy pieee\u015b\u0144,<br \/>\nco jest taka w dech\u0119,<br \/>\nmaaa wszystko gdzieee\u015b,<br \/>\nzw\u0142aszcza za\u015b deprech\u0119.<\/p>\n<p>Mister Trolololo wraz z pie\u015bni\u0105 mknie w dal,<br \/>\nnikt nie wstrzyma go,<br \/>\nptaszki mu pitoll\u0105, hartuje si\u0119 stal,<br \/>\nohohohoho.<\/p>\n<p>Taka pie\u015b\u0144 powala g\u00f3rala z Nosala<br \/>\ni rzuca o ziem,<br \/>\npie\u015bci po przegubach Kaszuba jak d\u017cem<br \/>\ncudny jej ad rem,<br \/>\ncudny jej ad reeeeem.<\/p>\n<p>Ktooo pie\u015bni-cuuud<br \/>\nszybko nie zanuci,<br \/>\nzieeemi\u0119 sk\u0105d r\u00f3\u00f3\u00f3d<br \/>\nb\u0119dzie musia\u0142 rzuci\u0107.<\/p>\n<p>Mister Trolololo na koniu przez step,<br \/>\nz wichrem pie\u015bni gna,<br \/>\nko\u0144 za niego my\u015bli, bo ma du\u017cy \u0142eb,<br \/>\nlalalalala.<\/p>\n<p>A -hii-iii-hahahahaha&#8230;.<\/p>\n<p><a title=\"Trolololo\" href=\"https:\/\/www.youtube.com\/watch?v=OkvnqRkVaIs\">https:\/\/www.youtube.com\/watch?v=OkvnqRkVaIs<\/a><\/p>\n","protected":false},"excerpt":{"rendered":"<p>Ktooo s\u0142yszy pieee\u015b\u0144, co jest taka w dech\u0119, maaa wszystko gdzieee\u015b, zw\u0142aszcza za\u015b deprech\u0119. Mister Trolololo wraz z pie\u015bni\u0105 mknie w dal, nikt nie wstrzyma go, ptaszki mu pitoll\u0105, hartuje si\u0119 stal, ohohohoho. Taka pie\u015b\u0144 powala g\u00f3rala z Nosala i rzuca o ziem, pie\u015bci po przegubach Kaszuba jak d\u017cem cudny jej ad rem, cudny jej ad reeeeem. Ktooo pie\u015bni-cuuud szybko nie zanuci, zieeemi\u0119 sk\u0105d r\u00f3\u00f3\u00f3d b\u0119dzie musia\u0142 rzuci\u0107. Mister Trolololo na koniu przez step, z wichrem pie\u015bni gna, ko\u0144 za niego my\u015bli, bo ma du\u017cy \u0142eb, lalalalala. A -hii-iii-hahahahaha&#8230;. https:\/\/www.youtube.com\/watch?v=OkvnqRkVaIs<\/p>\n","protected":false},"author":274,"featured_media":0,"parent":2571,"menu_order":0,"comment_status":"open","ping_status":"open","template":"wiersze_muzyczne.php","meta":{"footnotes":""},"class_list":["post-2678","page","type-page","status-publish","hentry"],"_links":{"self":[{"href":"https:\/\/blog-bobika.eu\/index.php?rest_route=\/wp\/v2\/pages\/2678","targetHints":{"allow":["GET"]}}],"collection":[{"href":"https:\/\/blog-bobika.eu\/index.php?rest_route=\/wp\/v2\/pages"}],"about":[{"href":"https:\/\/blog-bobika.eu\/index.php?rest_route=\/wp\/v2\/types\/page"}],"author":[{"embeddable":true,"href":"https:\/\/blog-bobika.eu\/index.php?rest_route=\/wp\/v2\/users\/274"}],"replies":[{"embeddable":true,"href":"https:\/\/blog-bobika.eu\/index.php?rest_route=%2Fwp%2Fv2%2Fcomments&post=2678"}],"version-history":[{"count":4,"href":"https:\/\/blog-bobika.eu\/index.php?rest_route=\/wp\/v2\/pages\/2678\/revisions"}],"predecessor-version":[{"id":2680,"href":"https:\/\/blog-bobika.eu\/index.php?rest_route=\/wp\/v2\/pages\/2678\/revisions\/2680"}],"up":[{"embeddable":true,"href":"https:\/\/blog-bobika.eu\/index.php?rest_route=\/wp\/v2\/pages\/2571"}],"wp:attachment":[{"href":"https:\/\/blog-bobika.eu\/index.php?rest_route=%2Fwp%2Fv2%2Fmedia&parent=2678"}],"curies":[{"name":"wp","href":"https:\/\/api.w.org\/{rel}","templated":true}]}}