{"id":2676,"date":"2015-09-01T01:07:35","date_gmt":"2015-08-31T23:07:35","guid":{"rendered":"http:\/\/blog-bobika.eu\/?page_id=2676"},"modified":"2015-09-01T01:07:35","modified_gmt":"2015-08-31T23:07:35","slug":"plecaczek","status":"publish","type":"page","link":"https:\/\/blog-bobika.eu\/?page_id=2676","title":{"rendered":"Plecaczek"},"content":{"rendered":"<p>Czy\u015b rudy niepal\u0105cy, czy raczej blond palaczka,<br \/>\ngdy znajdziesz si\u0119 w operze, wypatruj tam plecaczka.<br \/>\nBo je\u015bli\u015b czytelnikiem jest blog\u00f3w &#8222;Polityki&#8221;,<br \/>\nwiesz, \u017ce plecaczek flag\u0105 muzycznej jest krytyki.<\/p>\n<p>Bez plecaczka Lohengrinem trudno si\u0119 napawa\u0107,<br \/>\nbez plecaczka i Traviata smakuje jak trawa,<br \/>\nbez plecaczka Don Giovanni pozbawiony znacze\u0144,<br \/>\nnie ma rady &#8211; do opery musi by\u0107 plecaczek.<\/p>\n","protected":false},"excerpt":{"rendered":"<p>Czy\u015b rudy niepal\u0105cy, czy raczej blond palaczka, gdy znajdziesz si\u0119 w operze, wypatruj tam plecaczka. Bo je\u015bli\u015b czytelnikiem jest blog\u00f3w &#8222;Polityki&#8221;, wiesz, \u017ce plecaczek flag\u0105 muzycznej jest krytyki. Bez plecaczka Lohengrinem trudno si\u0119 napawa\u0107, bez plecaczka i Traviata smakuje jak trawa, bez plecaczka Don Giovanni pozbawiony znacze\u0144, nie ma rady &#8211; do opery musi by\u0107 plecaczek.<\/p>\n","protected":false},"author":274,"featured_media":0,"parent":2571,"menu_order":0,"comment_status":"open","ping_status":"open","template":"wiersze_muzyczne.php","meta":{"footnotes":""},"class_list":["post-2676","page","type-page","status-publish","hentry"],"_links":{"self":[{"href":"https:\/\/blog-bobika.eu\/index.php?rest_route=\/wp\/v2\/pages\/2676","targetHints":{"allow":["GET"]}}],"collection":[{"href":"https:\/\/blog-bobika.eu\/index.php?rest_route=\/wp\/v2\/pages"}],"about":[{"href":"https:\/\/blog-bobika.eu\/index.php?rest_route=\/wp\/v2\/types\/page"}],"author":[{"embeddable":true,"href":"https:\/\/blog-bobika.eu\/index.php?rest_route=\/wp\/v2\/users\/274"}],"replies":[{"embeddable":true,"href":"https:\/\/blog-bobika.eu\/index.php?rest_route=%2Fwp%2Fv2%2Fcomments&post=2676"}],"version-history":[{"count":1,"href":"https:\/\/blog-bobika.eu\/index.php?rest_route=\/wp\/v2\/pages\/2676\/revisions"}],"predecessor-version":[{"id":2677,"href":"https:\/\/blog-bobika.eu\/index.php?rest_route=\/wp\/v2\/pages\/2676\/revisions\/2677"}],"up":[{"embeddable":true,"href":"https:\/\/blog-bobika.eu\/index.php?rest_route=\/wp\/v2\/pages\/2571"}],"wp:attachment":[{"href":"https:\/\/blog-bobika.eu\/index.php?rest_route=%2Fwp%2Fv2%2Fmedia&parent=2676"}],"curies":[{"name":"wp","href":"https:\/\/api.w.org\/{rel}","templated":true}]}}