{"id":2665,"date":"2015-08-29T15:23:43","date_gmt":"2015-08-29T13:23:43","guid":{"rendered":"http:\/\/blog-bobika.eu\/?page_id=2665"},"modified":"2015-08-29T15:23:43","modified_gmt":"2015-08-29T13:23:43","slug":"gender-na-blogu","status":"publish","type":"page","link":"https:\/\/blog-bobika.eu\/?page_id=2665","title":{"rendered":"Gender na blogu"},"content":{"rendered":"<p>D\u0142ugo si\u0119 Pies Bobik do tego zabiera\u0142,<br \/>\na\u017c wreszcie na blogu wprowadzi\u0142 gendera,<br \/>\nbo okropnie lubi\u0142 ten hultaj kud\u0142aty<br \/>\npowodowa\u0107 wielkie dla Polski dramaty.<br \/>\nNie\u0142atwo mu by\u0142o od razu da\u0107 w rur\u0119,<br \/>\nbo przecie\u017c zachowa\u0107 musia\u0142 procedur\u0119,<br \/>\nwi\u0119c si\u0119 najpierw k\u0142ania\u0142, gdy zobaczy\u0142 krucht\u0119,<br \/>\npotem do ko\u015bcio\u0142a biega\u0142 szybkim truchtem<br \/>\ni dopiero wtedy, gdy wymogi spe\u0142ni\u0142,<br \/>\nwodze genderyzmu pu\u015bci\u0142 w ca\u0142ej pe\u0142ni,<br \/>\nznaczy, najpierw Wodza wp\u0119dzi\u0142 w damsk\u0105 rol\u0119,<br \/>\na potem lubie\u017cnie zaj\u0105\u0142 si\u0119 Andsolem.<br \/>\nZ tym ca\u0142ym Andsolem by\u0142a taka sprawa,<br \/>\n\u017ce by\u0142 uniseksem, cho\u0107 si\u0119 nie przyznawa\u0142,<br \/>\nale po tym pozna\u0107 by\u0142o to zboczenie,<br \/>\n\u017ce robi\u0142 pierogi, czy nawet pielmienie,<br \/>\na \u017ce r\u00f3wnocze\u015bnie z ubioru by\u0142 panem,<br \/>\nka\u017cdy, kto mia\u0142 rozum, widzia\u0142, w co jest grane.<br \/>\nTemu\u017c Andsolowi z\u0142y Bobik na chama<br \/>\nwm\u00f3wi\u0142, \u017ce powinien si\u0119 nazywa\u0107 Lama,<br \/>\na to z tej rzekomo powa\u017cnej przyczyny,<br \/>\n\u017ce niby w Brazylii pe\u0142no tej zwierzyny,<br \/>\ncho\u0107 wie w Polsce ka\u017cde bogobojne dzieci\u0119,<br \/>\n\u017ce Lama to sekta, co siedzi w Tybecie.<br \/>\nAndsol, cho\u0107 uniseks, broni\u0107 si\u0119 pr\u00f3bowa\u0142,<br \/>\nlecz gdzie\u017c by go Bobik dopu\u015bci\u0142 do s\u0142owa:<br \/>\nco chce Andsol wierzgn\u0105\u0107 i kopn\u0105\u0107 gendera,<br \/>\nto go pies przebrzyd\u0142y do muru przypiera,<br \/>\nwo\u0142a \u201edalej, Lama\u201c, pcha w gendersk\u0105 stron\u0119<br \/>\ni za kud\u0142y trzyma jak Dalil Samson\u0119.<br \/>\nChcia\u0142 Ojciec Derechtor pom\u00f3c w tym problemie,<br \/>\ngot\u00f3w by\u0142 poruszy\u0107 ca\u0142\u0105 p\u0142ask\u0105 Ziemi\u0119,<br \/>\nale Bobik warkn\u0105\u0142 \u201eo, nie, za choler\u0119!\u201c<br \/>\ni na niego Czarn\u0105 wypu\u015bci\u0142 Panter\u0119,<br \/>\nco k\u0142y tak\u017ce mia\u0142a genderowe srodze,<br \/>\nbowiem przerobionym by\u0142a Wielkim Wodzem,<br \/>\na jak ju\u017c Pantera si\u0119 do dzie\u0142a wzi\u0119\u0142a,<br \/>\nto wiadomo &#8211; zacz\u0105\u0142 si\u0119 moralny nie\u0142ad,<br \/>\nnie odr\u00f3\u017cni\u0142 strony przedniej nikt od zadniej<br \/>\ni si\u0119 rozpanoszy\u0142 ten gender wszechw\u0142adnie.<br \/>\nP\u0142acz\u0105 polskie matki i dzieci pocz\u0119te,<br \/>\n\u017ca\u0142o\u015b\u0107 je ujmuje i nieludzki sm\u0119tek,<br \/>\na Bobik si\u0119 \u015bmieje na lewo i prawo,<br \/>\nbo \u0142zy polskich matek najlepsz\u0105 mu straw\u0105.<br \/>\nBaczcie wi\u0119c ojcowie i matki-niebogi,<br \/>\nby\u015bcie nie wpu\u015bcili gendera w swe progi,<br \/>\na dla dobra Polski strze\u017ccie si\u0119 najbaczniej,<br \/>\nPsa, co od gendera jeszcze gorszy znacznie.<\/p>\n","protected":false},"excerpt":{"rendered":"<p>D\u0142ugo si\u0119 Pies Bobik do tego zabiera\u0142, a\u017c wreszcie na blogu wprowadzi\u0142 gendera, bo okropnie lubi\u0142 ten hultaj kud\u0142aty powodowa\u0107 wielkie dla Polski dramaty. Nie\u0142atwo mu by\u0142o od razu da\u0107 w rur\u0119, bo przecie\u017c zachowa\u0107 musia\u0142 procedur\u0119, wi\u0119c si\u0119 najpierw k\u0142ania\u0142, gdy zobaczy\u0142 krucht\u0119, potem do ko\u015bcio\u0142a biega\u0142 szybkim truchtem i dopiero wtedy, gdy wymogi spe\u0142ni\u0142, wodze genderyzmu pu\u015bci\u0142 w ca\u0142ej pe\u0142ni, znaczy, najpierw Wodza wp\u0119dzi\u0142 w damsk\u0105 rol\u0119, a potem lubie\u017cnie zaj\u0105\u0142 si\u0119 Andsolem. Z tym ca\u0142ym Andsolem by\u0142a taka sprawa, \u017ce by\u0142 uniseksem, cho\u0107 si\u0119 nie przyznawa\u0142, ale po tym pozna\u0107 by\u0142o to zboczenie, \u017ce robi\u0142 pierogi, czy [&hellip;]<\/p>\n","protected":false},"author":274,"featured_media":0,"parent":2573,"menu_order":0,"comment_status":"open","ping_status":"open","template":"wiersze_osobowosci.php","meta":{"footnotes":""},"class_list":["post-2665","page","type-page","status-publish","hentry"],"_links":{"self":[{"href":"https:\/\/blog-bobika.eu\/index.php?rest_route=\/wp\/v2\/pages\/2665","targetHints":{"allow":["GET"]}}],"collection":[{"href":"https:\/\/blog-bobika.eu\/index.php?rest_route=\/wp\/v2\/pages"}],"about":[{"href":"https:\/\/blog-bobika.eu\/index.php?rest_route=\/wp\/v2\/types\/page"}],"author":[{"embeddable":true,"href":"https:\/\/blog-bobika.eu\/index.php?rest_route=\/wp\/v2\/users\/274"}],"replies":[{"embeddable":true,"href":"https:\/\/blog-bobika.eu\/index.php?rest_route=%2Fwp%2Fv2%2Fcomments&post=2665"}],"version-history":[{"count":1,"href":"https:\/\/blog-bobika.eu\/index.php?rest_route=\/wp\/v2\/pages\/2665\/revisions"}],"predecessor-version":[{"id":2666,"href":"https:\/\/blog-bobika.eu\/index.php?rest_route=\/wp\/v2\/pages\/2665\/revisions\/2666"}],"up":[{"embeddable":true,"href":"https:\/\/blog-bobika.eu\/index.php?rest_route=\/wp\/v2\/pages\/2573"}],"wp:attachment":[{"href":"https:\/\/blog-bobika.eu\/index.php?rest_route=%2Fwp%2Fv2%2Fmedia&parent=2665"}],"curies":[{"name":"wp","href":"https:\/\/api.w.org\/{rel}","templated":true}]}}