{"id":2663,"date":"2015-08-29T15:22:07","date_gmt":"2015-08-29T13:22:07","guid":{"rendered":"http:\/\/blog-bobika.eu\/?page_id=2663"},"modified":"2015-08-29T15:22:07","modified_gmt":"2015-08-29T13:22:07","slug":"gdzie-andsol","status":"publish","type":"page","link":"https:\/\/blog-bobika.eu\/?page_id=2663","title":{"rendered":"Gdzie andsol"},"content":{"rendered":"<p>Gdzie si\u0119 dzi\u015b andsol podziewa?<br \/>\nC\u00f3\u017c, wiemy, \u017ce z niego lewak,<br \/>\nwi\u0119c pojmie ka\u017cda maruda,<br \/>\n\u017ce si\u0119 na prawo nie uda\u0142<br \/>\ni raczej dalej ni\u017c bli\u017cej &#8211;<br \/>\nmo\u017ce jest w jakim\u015b Izmirze,<br \/>\ngdzie go pytaj\u0105: czy pan tu<br \/>\np\u0142awi si\u0119  skarbach Lewantu?<br \/>\nMo\u017ce w Lewicach nad ranem<br \/>\npodkurek je z lewiatanem,<br \/>\nlub skacze w bok z ho\u017c\u0105 dziew\u0105?<br \/>\nNiewa\u017cne. Kto p\u00f3jdzie w lewo,<br \/>\npr\u0119dzej czy p\u00f3\u017aniej gdzie\u015b w polach<br \/>\nmusi napotka\u0107 andsola.<\/p>\n","protected":false},"excerpt":{"rendered":"<p>Gdzie si\u0119 dzi\u015b andsol podziewa? C\u00f3\u017c, wiemy, \u017ce z niego lewak, wi\u0119c pojmie ka\u017cda maruda, \u017ce si\u0119 na prawo nie uda\u0142 i raczej dalej ni\u017c bli\u017cej &#8211; mo\u017ce jest w jakim\u015b Izmirze, gdzie go pytaj\u0105: czy pan tu p\u0142awi si\u0119 skarbach Lewantu? Mo\u017ce w Lewicach nad ranem podkurek je z lewiatanem, lub skacze w bok z ho\u017c\u0105 dziew\u0105? Niewa\u017cne. Kto p\u00f3jdzie w lewo, pr\u0119dzej czy p\u00f3\u017aniej gdzie\u015b w polach musi napotka\u0107 andsola.<\/p>\n","protected":false},"author":274,"featured_media":0,"parent":2573,"menu_order":0,"comment_status":"open","ping_status":"open","template":"wiersze_osobowosci.php","meta":{"footnotes":""},"class_list":["post-2663","page","type-page","status-publish","hentry"],"_links":{"self":[{"href":"https:\/\/blog-bobika.eu\/index.php?rest_route=\/wp\/v2\/pages\/2663","targetHints":{"allow":["GET"]}}],"collection":[{"href":"https:\/\/blog-bobika.eu\/index.php?rest_route=\/wp\/v2\/pages"}],"about":[{"href":"https:\/\/blog-bobika.eu\/index.php?rest_route=\/wp\/v2\/types\/page"}],"author":[{"embeddable":true,"href":"https:\/\/blog-bobika.eu\/index.php?rest_route=\/wp\/v2\/users\/274"}],"replies":[{"embeddable":true,"href":"https:\/\/blog-bobika.eu\/index.php?rest_route=%2Fwp%2Fv2%2Fcomments&post=2663"}],"version-history":[{"count":1,"href":"https:\/\/blog-bobika.eu\/index.php?rest_route=\/wp\/v2\/pages\/2663\/revisions"}],"predecessor-version":[{"id":2664,"href":"https:\/\/blog-bobika.eu\/index.php?rest_route=\/wp\/v2\/pages\/2663\/revisions\/2664"}],"up":[{"embeddable":true,"href":"https:\/\/blog-bobika.eu\/index.php?rest_route=\/wp\/v2\/pages\/2573"}],"wp:attachment":[{"href":"https:\/\/blog-bobika.eu\/index.php?rest_route=%2Fwp%2Fv2%2Fmedia&parent=2663"}],"curies":[{"name":"wp","href":"https:\/\/api.w.org\/{rel}","templated":true}]}}