{"id":2659,"date":"2015-08-29T15:19:03","date_gmt":"2015-08-29T13:19:03","guid":{"rendered":"http:\/\/blog-bobika.eu\/?page_id=2659"},"modified":"2015-08-29T15:19:03","modified_gmt":"2015-08-29T13:19:03","slug":"allla","status":"publish","type":"page","link":"https:\/\/blog-bobika.eu\/?page_id=2659","title":{"rendered":"Allla"},"content":{"rendered":"<p>Alllo! Alllo!<br \/>\nSzczekam w\u015br\u00f3d nocnej ciszy &#8211;<br \/>\nmo\u017ce Allla przysi\u0105dzie,<br \/>\nmo\u017ce jednak us\u0142yszy?<\/p>\n<p>Weso\u0142ych \u015awi\u0105t Ci \u017cyczy<br \/>\nAlllo, fruwaczu wieczny,<br \/>\npies spuszczony ze smyczy,<br \/>\nby m\u00f3g\u0142 biega\u0107 po sieci,<br \/>\nna roz\u015bpiewanych \u0142apach,<br \/>\npatrzy\u0107, jak gwiazdka \u015bwieci<br \/>\ni wdycha\u0107 zapach<br \/>\n\u015bwi\u0105teczny.<\/p>\n","protected":false},"excerpt":{"rendered":"<p>Alllo! Alllo! Szczekam w\u015br\u00f3d nocnej ciszy &#8211; mo\u017ce Allla przysi\u0105dzie, mo\u017ce jednak us\u0142yszy? Weso\u0142ych \u015awi\u0105t Ci \u017cyczy Alllo, fruwaczu wieczny, pies spuszczony ze smyczy, by m\u00f3g\u0142 biega\u0107 po sieci, na roz\u015bpiewanych \u0142apach, patrzy\u0107, jak gwiazdka \u015bwieci i wdycha\u0107 zapach \u015bwi\u0105teczny.<\/p>\n","protected":false},"author":274,"featured_media":0,"parent":2573,"menu_order":0,"comment_status":"open","ping_status":"open","template":"wiersze_osobowosci.php","meta":{"footnotes":""},"class_list":["post-2659","page","type-page","status-publish","hentry"],"_links":{"self":[{"href":"https:\/\/blog-bobika.eu\/index.php?rest_route=\/wp\/v2\/pages\/2659","targetHints":{"allow":["GET"]}}],"collection":[{"href":"https:\/\/blog-bobika.eu\/index.php?rest_route=\/wp\/v2\/pages"}],"about":[{"href":"https:\/\/blog-bobika.eu\/index.php?rest_route=\/wp\/v2\/types\/page"}],"author":[{"embeddable":true,"href":"https:\/\/blog-bobika.eu\/index.php?rest_route=\/wp\/v2\/users\/274"}],"replies":[{"embeddable":true,"href":"https:\/\/blog-bobika.eu\/index.php?rest_route=%2Fwp%2Fv2%2Fcomments&post=2659"}],"version-history":[{"count":1,"href":"https:\/\/blog-bobika.eu\/index.php?rest_route=\/wp\/v2\/pages\/2659\/revisions"}],"predecessor-version":[{"id":2660,"href":"https:\/\/blog-bobika.eu\/index.php?rest_route=\/wp\/v2\/pages\/2659\/revisions\/2660"}],"up":[{"embeddable":true,"href":"https:\/\/blog-bobika.eu\/index.php?rest_route=\/wp\/v2\/pages\/2573"}],"wp:attachment":[{"href":"https:\/\/blog-bobika.eu\/index.php?rest_route=%2Fwp%2Fv2%2Fmedia&parent=2659"}],"curies":[{"name":"wp","href":"https:\/\/api.w.org\/{rel}","templated":true}]}}