{"id":2657,"date":"2015-08-29T11:49:41","date_gmt":"2015-08-29T09:49:41","guid":{"rendered":"http:\/\/blog-bobika.eu\/?page_id=2657"},"modified":"2015-08-29T11:49:41","modified_gmt":"2015-08-29T09:49:41","slug":"dama-karo","status":"publish","type":"page","link":"https:\/\/blog-bobika.eu\/?page_id=2657","title":{"rendered":"Dama karo"},"content":{"rendered":"<p>Po\u017cycie z dam\u0105 karo<br \/>\nna kart\u0119 rowerow\u0105<br \/>\nhistori\u0105 jest do\u015b\u0107 star\u0105<br \/>\nszczeniacze daj\u0119 s\u0142owo!<\/p>\n<p>Gdy w rytmie cza-cza pika,<br \/>\nkier pili nie na \u017carty,<br \/>\nto op\u00f3r wszelki znika<br \/>\nprzed tej u\u017cyciem karty.<\/p>\n<p>I czy by\u015b by\u0142 ratlerkiem,<br \/>\nczy samym ksi\u0119ciem Walii,<br \/>\npojedziesz w dal rowerkiem,<br \/>\nby dorwa\u0107 si\u0119 do talii.<\/p>\n<p>Lecz kiedy talia w balii<br \/>\npoczyna sobie gracko?<br \/>\nTo musisz mosty spali\u0107<br \/>\ni kart\u0119 mie\u0107 p\u0142ywack\u0105.<\/p>\n","protected":false},"excerpt":{"rendered":"<p>Po\u017cycie z dam\u0105 karo na kart\u0119 rowerow\u0105 histori\u0105 jest do\u015b\u0107 star\u0105 szczeniacze daj\u0119 s\u0142owo! Gdy w rytmie cza-cza pika, kier pili nie na \u017carty, to op\u00f3r wszelki znika przed tej u\u017cyciem karty. I czy by\u015b by\u0142 ratlerkiem, czy samym ksi\u0119ciem Walii, pojedziesz w dal rowerkiem, by dorwa\u0107 si\u0119 do talii. Lecz kiedy talia w balii poczyna sobie gracko? To musisz mosty spali\u0107 i kart\u0119 mie\u0107 p\u0142ywack\u0105.<\/p>\n","protected":false},"author":274,"featured_media":0,"parent":2573,"menu_order":0,"comment_status":"open","ping_status":"open","template":"wiersze_osobowosci.php","meta":{"footnotes":""},"class_list":["post-2657","page","type-page","status-publish","hentry"],"_links":{"self":[{"href":"https:\/\/blog-bobika.eu\/index.php?rest_route=\/wp\/v2\/pages\/2657","targetHints":{"allow":["GET"]}}],"collection":[{"href":"https:\/\/blog-bobika.eu\/index.php?rest_route=\/wp\/v2\/pages"}],"about":[{"href":"https:\/\/blog-bobika.eu\/index.php?rest_route=\/wp\/v2\/types\/page"}],"author":[{"embeddable":true,"href":"https:\/\/blog-bobika.eu\/index.php?rest_route=\/wp\/v2\/users\/274"}],"replies":[{"embeddable":true,"href":"https:\/\/blog-bobika.eu\/index.php?rest_route=%2Fwp%2Fv2%2Fcomments&post=2657"}],"version-history":[{"count":1,"href":"https:\/\/blog-bobika.eu\/index.php?rest_route=\/wp\/v2\/pages\/2657\/revisions"}],"predecessor-version":[{"id":2658,"href":"https:\/\/blog-bobika.eu\/index.php?rest_route=\/wp\/v2\/pages\/2657\/revisions\/2658"}],"up":[{"embeddable":true,"href":"https:\/\/blog-bobika.eu\/index.php?rest_route=\/wp\/v2\/pages\/2573"}],"wp:attachment":[{"href":"https:\/\/blog-bobika.eu\/index.php?rest_route=%2Fwp%2Fv2%2Fmedia&parent=2657"}],"curies":[{"name":"wp","href":"https:\/\/api.w.org\/{rel}","templated":true}]}}