{"id":2651,"date":"2015-08-28T22:38:00","date_gmt":"2015-08-28T20:38:00","guid":{"rendered":"http:\/\/blog-bobika.eu\/?page_id=2651"},"modified":"2015-08-28T22:38:00","modified_gmt":"2015-08-28T20:38:00","slug":"jajeczko-i-plemnik","status":"publish","type":"page","link":"https:\/\/blog-bobika.eu\/?page_id=2651","title":{"rendered":"Jajeczko i plemnik"},"content":{"rendered":"<p>Duchy poet\u00f3w pods\u0142uchane w zwi\u0105zku z pomnikiem dzieci nienarodzonych<\/p>\n<p>Cho\u0107 PiS-y m\u00f3wi\u0105, \u017ce to dla plemnika,<br \/>\n\u017ce dla jajeczka ta bry\u0142a pomnika<br \/>\nsw\u0105 estetyk\u0105 urzeka,<\/p>\n<p>to inni twierdz\u0105, mo\u017ce nie bez racji,<br \/>\n\u017ce to objawy czystej aberracji<br \/>\ni \u017ce nikt na nie nie czeka\u2026<\/p>\n<p>&#8212;&#8212;&#8212;&#8212;&#8212;&#8212;-<\/p>\n<p>W marcowe wieczory<br \/>\npod wieszcza pomnikiem<br \/>\njajeczko widziano<br \/>\nz niejakim plemnikiem.<br \/>\nLecz spisek straszliwy<br \/>\nsi\u0119 zal\u0105g\u0142 pod wieszczem<br \/>\ni przez to do zbli\u017ce\u0144<br \/>\nnie dosz\u0142o tam jeszcze,<br \/>\nbo co zechce plemnik<br \/>\nw jajeczka wle\u017a\u0107 tonie,<br \/>\nto \u017cydokomuna<br \/>\nmu staje okoniem.<\/p>\n<p>Ju\u017c Blumsztajn z Michnikiem,<br \/>\nnasz duet znajomy,<br \/>\npod pomnik przywleka<br \/>\nogromne kondomy,<br \/>\na Gross post\u0119kuj\u0105c<br \/>\ni drapi\u0105c si\u0119 w cz\u00f3\u0142ko<br \/>\njajeczko cz\u0119stuje<br \/>\npodw\u00f3jn\u0105 pigu\u0142k\u0105.<br \/>\nA\u017c wieszcz si\u0119 zaduma\u0142:<br \/>\nz jakiego powodu<br \/>\nte \u017bydy tak strasznie<br \/>\nnie cierpi\u0105 Narodu?<\/p>\n<p>&#8212;&#8212;&#8212;&#8212;&#8212;&#8212;&#8211;<\/p>\n<p>Dobranoc, ju\u017c dzi\u015b wi\u0119cej nie b\u0119dziem bawili &#8211;<br \/>\nrzek\u0142 plemnik do jajeczka i si\u0119 skromnie wstrzyma\u0142.<br \/>\nDobranoc, zbyt jest grzeszna seksowna zadyma,<br \/>\ndobranoc, wody \u0142ykn\u0119 jak ju\u017c mnie przypili.<\/p>\n<p>Dobranoc, nie spotkamy si\u0119 ju\u017c w \u017cadnej chwili,<br \/>\nokazja raz stracona nigdy nie powraca,<br \/>\npoza tym zap\u0142odnienie to jest ci\u0119\u017cka praca<br \/>\ntak dla czystego szpasu nie b\u0119dziem wsp\u00f3\u0142\u017cyli!<\/p>\n<p>Dobranoc, odwr\u00f3\u0107 swoj\u0105 kom\u00f3rkow\u0105 b\u0142on\u0119,<br \/>\nzbyt g\u0119stym \u015bluzem otocz, bym si\u0119 przebi\u0107 zdo\u0142a\u0142,<br \/>\nzachody wszelkie moje niech b\u0119d\u0105 stracone.<\/p>\n<p>Dobranoc, ju\u017c uciek\u0142o\u015b i chyba masz do\u0142a,<br \/>\nbo dziecko nasze b\u0119dzie zn\u00f3w nienarodzone&#8230;<br \/>\noj, chyba lepiej sp\u0142yn\u0119 nim si\u0119 zacznie dzionek.<\/p>\n<p>&#8212;&#8212;&#8212;&#8212;<\/p>\n<p>Smutno mi, Bo\u017ce. Ku mojej wygodzie<br \/>\nstworzy\u0142e\u015b pono\u0107 to cia\u0142o dorodne,<br \/>\ndla mnie ta pani ch\u0119tnie zrzuca odzie\u017c<br \/>\nw swoje dni p\u0142odne.<br \/>\nLecz \u017ce utrafi\u0107 to jest ci\u0119\u017cki orzech,<br \/>\nsmutno mi, Bo\u017ce.<\/p>\n<p>Nie ka\u017cdym strza\u0142em, niech\u017ce si\u0119 po\u017cal\u0119,<br \/>\nma\u0142\u0105 dziecin\u0119 zrobi\u0119. Czasem bliski<br \/>\njestem, a potem nic nie wyjdzie wcale,<br \/>\nnici z ko\u0142yski.<br \/>\n\u017be nie wiem, czy si\u0119 dzi\u015b w jajeczku z\u0142o\u017c\u0119,<br \/>\nsmutno mi, Bo\u017ce!<\/p>\n<p>&#8212;&#8212;&#8212;&#8212;&#8212;&#8212;&#8212;&#8212;-<\/p>\n<p>Kiedy si\u0119 wype\u0142ni\u0142y dni<br \/>\ni przysz\u0142o im zap\u0142odni\u0107,<br \/>\nwprost do jajeczek plemniki sz\u0142y,<br \/>\nwyrwaszy si\u0119 ze spodni.<\/p>\n<p>(A dziecko by\u0142y w planie tego roku)<\/p>\n<p>I tak \u015bpiewa\u0142y: ach, to nic,<br \/>\n\u017ce troch\u0119 nas niewielu,<br \/>\nbo i\u015b\u0107 przed siebie, w tym jest wic,<br \/>\ngdy chce si\u0119 doj\u015b\u0107 do celu.<\/p>\n<p>(A wskazywa\u0142 kalendarzyk dzie\u0144 w\u0142a\u015bciwy u kobiety)<\/p>\n<p>Lecz ci, co mieli dobry s\u0142uch<br \/>\ni wzrok, widzieli pono,<br \/>\n\u017ce po godzinie usta\u0142 ruch<br \/>\ni nic nie zap\u0142odniono.<\/p>\n<p>I \u015bpiew s\u0142yszano taki: by<br \/>\nkorzystny czas wyzyska\u0107,<br \/>\nzaczeka\u0107 trzeba ze dwa dni,<br \/>\na nie od razu pryska\u0107.<\/p>\n<p>Ale gdy wicher b\u0119dzie du\u0142<br \/>\npo\u017c\u0105da\u0144 p\u0142odnych znowu,<br \/>\nw \u015brodek jajeczka sp\u0142yn\u0105 w d\u00f3\u0142<br \/>\nplemniki z tego chowu!<\/p>\n<p>&#8212;&#8212;&#8212;&#8212;&#8212;<\/p>\n<p>Daremne \u017cale, pr\u00f3\u017cny trud,<br \/>\nnie by\u0142o zap\u0142odnienia,<br \/>\nnie zdarzy\u0142 si\u0119 pocz\u0119cia cud,<br \/>\nbo by\u0142 z plemnika cienias.<\/p>\n<p>Natura pokaza\u0142a, gdzie<br \/>\nsi\u0119 zgina dzi\u00f3b pingwina,<br \/>\nzn\u00f3w nie uda\u0142o zrobi\u0107 si\u0119<br \/>\nni c\u00f3rki, ni te\u017c syna.<\/p>\n<p>Cho\u0107 do upadu b\u0119dziem zn\u00f3w<br \/>\npo \u017cycie si\u0119g\u0105\u0107 nowe,<br \/>\ntego tak \u017cal, \u017ce szkoda s\u0142\u00f3w,<br \/>\nsi\u0119, znaczy, traci mow\u0119.<\/p>\n<p>Lecz \u017ceby b\u00f3l po stracie tej<br \/>\nwyrazi\u0107 nasz ogromny,<br \/>\nniezrobionemu dziecku, hej,<br \/>\npostawmy dupny pomnik! <\/p>\n","protected":false},"excerpt":{"rendered":"<p>Duchy poet\u00f3w pods\u0142uchane w zwi\u0105zku z pomnikiem dzieci nienarodzonych Cho\u0107 PiS-y m\u00f3wi\u0105, \u017ce to dla plemnika, \u017ce dla jajeczka ta bry\u0142a pomnika sw\u0105 estetyk\u0105 urzeka, to inni twierdz\u0105, mo\u017ce nie bez racji, \u017ce to objawy czystej aberracji i \u017ce nikt na nie nie czeka\u2026 &#8212;&#8212;&#8212;&#8212;&#8212;&#8212;- W marcowe wieczory pod wieszcza pomnikiem jajeczko widziano z niejakim plemnikiem. Lecz spisek straszliwy si\u0119 zal\u0105g\u0142 pod wieszczem i przez to do zbli\u017ce\u0144 nie dosz\u0142o tam jeszcze, bo co zechce plemnik w jajeczka wle\u017a\u0107 tonie, to \u017cydokomuna mu staje okoniem. Ju\u017c Blumsztajn z Michnikiem, nasz duet znajomy, pod pomnik przywleka ogromne kondomy, a Gross post\u0119kuj\u0105c [&hellip;]<\/p>\n","protected":false},"author":274,"featured_media":0,"parent":2565,"menu_order":0,"comment_status":"open","ping_status":"open","template":"wiersze_wypisy.php","meta":{"footnotes":""},"class_list":["post-2651","page","type-page","status-publish","hentry"],"_links":{"self":[{"href":"https:\/\/blog-bobika.eu\/index.php?rest_route=\/wp\/v2\/pages\/2651","targetHints":{"allow":["GET"]}}],"collection":[{"href":"https:\/\/blog-bobika.eu\/index.php?rest_route=\/wp\/v2\/pages"}],"about":[{"href":"https:\/\/blog-bobika.eu\/index.php?rest_route=\/wp\/v2\/types\/page"}],"author":[{"embeddable":true,"href":"https:\/\/blog-bobika.eu\/index.php?rest_route=\/wp\/v2\/users\/274"}],"replies":[{"embeddable":true,"href":"https:\/\/blog-bobika.eu\/index.php?rest_route=%2Fwp%2Fv2%2Fcomments&post=2651"}],"version-history":[{"count":1,"href":"https:\/\/blog-bobika.eu\/index.php?rest_route=\/wp\/v2\/pages\/2651\/revisions"}],"predecessor-version":[{"id":2652,"href":"https:\/\/blog-bobika.eu\/index.php?rest_route=\/wp\/v2\/pages\/2651\/revisions\/2652"}],"up":[{"embeddable":true,"href":"https:\/\/blog-bobika.eu\/index.php?rest_route=\/wp\/v2\/pages\/2565"}],"wp:attachment":[{"href":"https:\/\/blog-bobika.eu\/index.php?rest_route=%2Fwp%2Fv2%2Fmedia&parent=2651"}],"curies":[{"name":"wp","href":"https:\/\/api.w.org\/{rel}","templated":true}]}}