{"id":2647,"date":"2015-08-28T22:32:34","date_gmt":"2015-08-28T20:32:34","guid":{"rendered":"http:\/\/blog-bobika.eu\/?page_id=2647"},"modified":"2015-08-28T22:32:34","modified_gmt":"2015-08-28T20:32:34","slug":"niewiele-cygara","status":"publish","type":"page","link":"https:\/\/blog-bobika.eu\/?page_id=2647","title":{"rendered":"Niewiele cygara"},"content":{"rendered":"<p>Uwertura<br \/>\n(dwie, trzy sekundy g\u00f3ra)<\/p>\n<p>Cygaro:<br \/>\nJu\u017c mnie ma\u0142o, Bobiku kud\u0142aty,<br \/>\nto co jest mo\u017cna spisa\u0107 na straty,<br \/>\nteraz b\u0119dziesz prze\u017cywa\u0142 dramaty,<br \/>\nnawet resztce mej powiesz &#8211; ach, st\u00f3j!<\/p>\n<p>B\u0119dziesz musia\u0142 przeszuka\u0107 p\u00f3\u0142 biurka,<br \/>\nb\u0119dziesz w\u0142osy w \u017ca\u0142o\u015bci rwa\u0142 z g\u0142owy!<br \/>\nB\u0119dziesz peta ho\u0142ubi\u0142 w pazurkach &#8211;<br \/>\nna\u0142\u00f3g rzuci\u0107 ty\u015b jest niegotowy,<br \/>\nna\u0142\u00f3g rzuci\u0107 ty\u015b jest niegotowy!<\/p>\n<p>Czas ju\u017c dobra\u0107<br \/>\nsi\u0119 do biurka,<br \/>\nfutra ci<br \/>\nub\u0119dzie z g\u0142owy,<br \/>\nub\u0119dzie ci z g\u0142owy.<\/p>\n<p>Ju\u017c nie b\u0119dziesz, Bobiku kud\u0142aty,<br \/>\njad\u0142 z rozpaczy, wi\u0119c schudniesz na patyk.<br \/>\nNa nic w sklepie z tytoniem rabaty,<br \/>\ngdy cygara ju\u017c ko\u0144czy si\u0119 zw\u00f3j.<\/p>\n<p>Pies Ogrodnika (przeliczaj\u0105c swoje skrzynki z cygarami):<br \/>\nCinque&#8230; dieci&#8230;<br \/>\nventi&#8230; trenta&#8230;<br \/>\ntrentasei&#8230; quarantatre&#8230;<br \/>\ntyle b\u0119d\u0119 mia\u0142 na \u015bwi\u0119ta,<br \/>\nale nie podziel\u0119 si\u0119!<\/p>\n<p>Bobik (zazdro\u015bnie):<br \/>\nNa pewno stare, cho\u0107 z nikotyn\u0105,<br \/>\nz pewn\u0105 to drwin\u0105 czuje m\u00f3j nos.<br \/>\nM\u00f3wi\u0119 to z drwin\u0105,<br \/>\nczuj\u0119 to nosem,<br \/>\nczuj\u0119 to nosem,<br \/>\nach, czuj\u0119 to!<\/p>\n<p>Cygaro:<br \/>\nLa vendetta&#8230;<br \/>\n(przerywa orientuj\u0105c si\u0119, \u017ce to nie jego partia)<\/p>\n<p>Hrabina Ledwo\u017cywa:<br \/>\n(nim zaczyna, ju\u017c przerywa)<\/p>\n<p>Bobik (\u017ca\u0142o\u015bnie):<br \/>\nNa ch\u00f3jk\u0119 z petem,<br \/>\nniech koza ma \u017cer,<br \/>\nlepiej kotletem<br \/>\nzaspokoj\u0119 si\u0119<br \/>\nlepiej kotleetem<br \/>\nzaspokoj\u0119 si\u0119.<\/p>\n<p>Ch\u00f3r:<br \/>\nPerdono, perdono<br \/>\ni na tym sko\u0144czono.<\/p>\n","protected":false},"excerpt":{"rendered":"<p>Uwertura (dwie, trzy sekundy g\u00f3ra) Cygaro: Ju\u017c mnie ma\u0142o, Bobiku kud\u0142aty, to co jest mo\u017cna spisa\u0107 na straty, teraz b\u0119dziesz prze\u017cywa\u0142 dramaty, nawet resztce mej powiesz &#8211; ach, st\u00f3j! B\u0119dziesz musia\u0142 przeszuka\u0107 p\u00f3\u0142 biurka, b\u0119dziesz w\u0142osy w \u017ca\u0142o\u015bci rwa\u0142 z g\u0142owy! B\u0119dziesz peta ho\u0142ubi\u0142 w pazurkach &#8211; na\u0142\u00f3g rzuci\u0107 ty\u015b jest niegotowy, na\u0142\u00f3g rzuci\u0107 ty\u015b jest niegotowy! Czas ju\u017c dobra\u0107 si\u0119 do biurka, futra ci ub\u0119dzie z g\u0142owy, ub\u0119dzie ci z g\u0142owy. Ju\u017c nie b\u0119dziesz, Bobiku kud\u0142aty, jad\u0142 z rozpaczy, wi\u0119c schudniesz na patyk. Na nic w sklepie z tytoniem rabaty, gdy cygara ju\u017c ko\u0144czy si\u0119 zw\u00f3j. Pies Ogrodnika (przeliczaj\u0105c [&hellip;]<\/p>\n","protected":false},"author":274,"featured_media":0,"parent":2571,"menu_order":0,"comment_status":"open","ping_status":"open","template":"wiersze_muzyczne.php","meta":{"footnotes":""},"class_list":["post-2647","page","type-page","status-publish","hentry"],"_links":{"self":[{"href":"https:\/\/blog-bobika.eu\/index.php?rest_route=\/wp\/v2\/pages\/2647","targetHints":{"allow":["GET"]}}],"collection":[{"href":"https:\/\/blog-bobika.eu\/index.php?rest_route=\/wp\/v2\/pages"}],"about":[{"href":"https:\/\/blog-bobika.eu\/index.php?rest_route=\/wp\/v2\/types\/page"}],"author":[{"embeddable":true,"href":"https:\/\/blog-bobika.eu\/index.php?rest_route=\/wp\/v2\/users\/274"}],"replies":[{"embeddable":true,"href":"https:\/\/blog-bobika.eu\/index.php?rest_route=%2Fwp%2Fv2%2Fcomments&post=2647"}],"version-history":[{"count":1,"href":"https:\/\/blog-bobika.eu\/index.php?rest_route=\/wp\/v2\/pages\/2647\/revisions"}],"predecessor-version":[{"id":2648,"href":"https:\/\/blog-bobika.eu\/index.php?rest_route=\/wp\/v2\/pages\/2647\/revisions\/2648"}],"up":[{"embeddable":true,"href":"https:\/\/blog-bobika.eu\/index.php?rest_route=\/wp\/v2\/pages\/2571"}],"wp:attachment":[{"href":"https:\/\/blog-bobika.eu\/index.php?rest_route=%2Fwp%2Fv2%2Fmedia&parent=2647"}],"curies":[{"name":"wp","href":"https:\/\/api.w.org\/{rel}","templated":true}]}}