{"id":2645,"date":"2015-08-28T22:31:00","date_gmt":"2015-08-28T20:31:00","guid":{"rendered":"http:\/\/blog-bobika.eu\/?page_id=2645"},"modified":"2015-08-28T22:31:00","modified_gmt":"2015-08-28T20:31:00","slug":"namiot-dywanowy","status":"publish","type":"page","link":"https:\/\/blog-bobika.eu\/?page_id=2645","title":{"rendered":"Namiot Dywanowy"},"content":{"rendered":"<p>W gruzach ju\u017c le\u017c\u0105 posady cudne,<br \/>\nkariera \u017cycia nie z\u0142oci,<br \/>\nale na wyspie cz\u0119\u015bciowo ludnej<br \/>\nbroni si\u0119 \u015bmiechem namiocik.<\/p>\n<p>Duchem Dywanu namiot natchniony<br \/>\njajcarskie \u015bpiewa motywy,<br \/>\ncho\u0107 oblegaj\u0105 go z ka\u017cdej strony<br \/>\nhordy powsta\u0144c\u00f3w nie\u017cywych.<\/p>\n<p>Co si\u0119 powstaniec, trupim zwyczajem,<br \/>\nwdaje w sieriozne podchody,<br \/>\nju\u017c kto\u015b z namiotu naprzeciw staje,<br \/>\nlej\u0105c mu smo\u0142\u0119 na ody.<\/p>\n<p>Ciska Dorota we\u0144 s\u0142owem srogim,<br \/>\nPiotr mu obni\u017ca libido,<br \/>\na W\u00f3dz z Bobikiem wiernym u nogi<br \/>\ndziarsko odpiera go dzid\u0105.<\/p>\n<p>Gdy si\u0119 powstaniec podkradnie blisko,<br \/>\nsiej\u0105c miazmaty ponure,<br \/>\nto go dopada straszne Kocisko,<br \/>\npo czym dobija pazurem.<\/p>\n<p>Na nic si\u0119 zdaj\u0105 elegie smutne,<br \/>\nsk\u0105pane w rzewnym patosie,<br \/>\nbo towarzystwo ca\u0142e pod p\u0142\u00f3tnem<br \/>\nma je&#8230; powiedzmy, \u017ce w nosie.<\/p>\n<p>Wi\u0119c mniejsza o to, \u017ce W\u0142adzia chora<br \/>\ni \u017ce zaraza w Grenadzie,<br \/>\nnamiot z problemem tym si\u0119 upora,<br \/>\nczniaj\u0105c zaraz\u0119 i W\u0142adzi\u0119.<\/p>\n","protected":false},"excerpt":{"rendered":"<p>W gruzach ju\u017c le\u017c\u0105 posady cudne, kariera \u017cycia nie z\u0142oci, ale na wyspie cz\u0119\u015bciowo ludnej broni si\u0119 \u015bmiechem namiocik. Duchem Dywanu namiot natchniony jajcarskie \u015bpiewa motywy, cho\u0107 oblegaj\u0105 go z ka\u017cdej strony hordy powsta\u0144c\u00f3w nie\u017cywych. Co si\u0119 powstaniec, trupim zwyczajem, wdaje w sieriozne podchody, ju\u017c kto\u015b z namiotu naprzeciw staje, lej\u0105c mu smo\u0142\u0119 na ody. Ciska Dorota we\u0144 s\u0142owem srogim, Piotr mu obni\u017ca libido, a W\u00f3dz z Bobikiem wiernym u nogi dziarsko odpiera go dzid\u0105. Gdy si\u0119 powstaniec podkradnie blisko, siej\u0105c miazmaty ponure, to go dopada straszne Kocisko, po czym dobija pazurem. Na nic si\u0119 zdaj\u0105 elegie smutne, sk\u0105pane w [&hellip;]<\/p>\n","protected":false},"author":274,"featured_media":0,"parent":2571,"menu_order":0,"comment_status":"open","ping_status":"open","template":"wiersze_muzyczne.php","meta":{"footnotes":""},"class_list":["post-2645","page","type-page","status-publish","hentry"],"_links":{"self":[{"href":"https:\/\/blog-bobika.eu\/index.php?rest_route=\/wp\/v2\/pages\/2645","targetHints":{"allow":["GET"]}}],"collection":[{"href":"https:\/\/blog-bobika.eu\/index.php?rest_route=\/wp\/v2\/pages"}],"about":[{"href":"https:\/\/blog-bobika.eu\/index.php?rest_route=\/wp\/v2\/types\/page"}],"author":[{"embeddable":true,"href":"https:\/\/blog-bobika.eu\/index.php?rest_route=\/wp\/v2\/users\/274"}],"replies":[{"embeddable":true,"href":"https:\/\/blog-bobika.eu\/index.php?rest_route=%2Fwp%2Fv2%2Fcomments&post=2645"}],"version-history":[{"count":1,"href":"https:\/\/blog-bobika.eu\/index.php?rest_route=\/wp\/v2\/pages\/2645\/revisions"}],"predecessor-version":[{"id":2646,"href":"https:\/\/blog-bobika.eu\/index.php?rest_route=\/wp\/v2\/pages\/2645\/revisions\/2646"}],"up":[{"embeddable":true,"href":"https:\/\/blog-bobika.eu\/index.php?rest_route=\/wp\/v2\/pages\/2571"}],"wp:attachment":[{"href":"https:\/\/blog-bobika.eu\/index.php?rest_route=%2Fwp%2Fv2%2Fmedia&parent=2645"}],"curies":[{"name":"wp","href":"https:\/\/api.w.org\/{rel}","templated":true}]}}