{"id":2643,"date":"2015-08-28T22:27:06","date_gmt":"2015-08-28T20:27:06","guid":{"rendered":"http:\/\/blog-bobika.eu\/?page_id=2643"},"modified":"2015-08-28T22:27:06","modified_gmt":"2015-08-28T20:27:06","slug":"hip-chopek","status":"publish","type":"page","link":"https:\/\/blog-bobika.eu\/?page_id=2643","title":{"rendered":"Hip-Chopek"},"content":{"rendered":"<p>Gdyby dzisiaj \u017cy\u0142 nasz Chopek,<br \/>\nby si\u0119 nosi\u0142 jak hip-hopek,<br \/>\nrytmy lubi\u0142by baunsowe<br \/>\nczapk\u0119 z daszkiem wdzia\u0142 na g\u0142ow\u0119&#8230;<br \/>\nDandy dresik, d\u017cinsy baggy,<br \/>\nbuty na dzisiejsze \u015bniegi<br \/>\ni z kapturem bluza lu\u017ana &#8211;<br \/>\ntaka Chopka wersja p\u00f3\u017ana,<br \/>\ntaka w duchu czasu odzie\u017c<br \/>\nzjednywa\u0142aby mu m\u0142odzie\u017c.<br \/>\nKa\u017cdy chcia\u0142by wzi\u0105\u0107 na chat\u0119<br \/>\njakie\u015b scherzo czy sonat\u0119,<br \/>\ntylko jaki\u015b metal durny<br \/>\nby nie lecia\u0142 na nokturny,<br \/>\na bez gangsta poloneza<br \/>\nnie istnia\u0142aby impreza.<\/p>\n<p>M\u0142odzie\u017c trzeba dzi\u015b uwodzi\u0107,<br \/>\nna klat\u00f3wie z ni\u0105 si\u0119 schodzi\u0107,<br \/>\nkto zasady tej nie klei,<br \/>\nchyba ma nie po kolei.<\/p>\n","protected":false},"excerpt":{"rendered":"<p>Gdyby dzisiaj \u017cy\u0142 nasz Chopek, by si\u0119 nosi\u0142 jak hip-hopek, rytmy lubi\u0142by baunsowe czapk\u0119 z daszkiem wdzia\u0142 na g\u0142ow\u0119&#8230; Dandy dresik, d\u017cinsy baggy, buty na dzisiejsze \u015bniegi i z kapturem bluza lu\u017ana &#8211; taka Chopka wersja p\u00f3\u017ana, taka w duchu czasu odzie\u017c zjednywa\u0142aby mu m\u0142odzie\u017c. Ka\u017cdy chcia\u0142by wzi\u0105\u0107 na chat\u0119 jakie\u015b scherzo czy sonat\u0119, tylko jaki\u015b metal durny by nie lecia\u0142 na nokturny, a bez gangsta poloneza nie istnia\u0142aby impreza. M\u0142odzie\u017c trzeba dzi\u015b uwodzi\u0107, na klat\u00f3wie z ni\u0105 si\u0119 schodzi\u0107, kto zasady tej nie klei, chyba ma nie po kolei.<\/p>\n","protected":false},"author":274,"featured_media":0,"parent":2571,"menu_order":0,"comment_status":"open","ping_status":"open","template":"wiersze_muzyczne.php","meta":{"footnotes":""},"class_list":["post-2643","page","type-page","status-publish","hentry"],"_links":{"self":[{"href":"https:\/\/blog-bobika.eu\/index.php?rest_route=\/wp\/v2\/pages\/2643","targetHints":{"allow":["GET"]}}],"collection":[{"href":"https:\/\/blog-bobika.eu\/index.php?rest_route=\/wp\/v2\/pages"}],"about":[{"href":"https:\/\/blog-bobika.eu\/index.php?rest_route=\/wp\/v2\/types\/page"}],"author":[{"embeddable":true,"href":"https:\/\/blog-bobika.eu\/index.php?rest_route=\/wp\/v2\/users\/274"}],"replies":[{"embeddable":true,"href":"https:\/\/blog-bobika.eu\/index.php?rest_route=%2Fwp%2Fv2%2Fcomments&post=2643"}],"version-history":[{"count":1,"href":"https:\/\/blog-bobika.eu\/index.php?rest_route=\/wp\/v2\/pages\/2643\/revisions"}],"predecessor-version":[{"id":2644,"href":"https:\/\/blog-bobika.eu\/index.php?rest_route=\/wp\/v2\/pages\/2643\/revisions\/2644"}],"up":[{"embeddable":true,"href":"https:\/\/blog-bobika.eu\/index.php?rest_route=\/wp\/v2\/pages\/2571"}],"wp:attachment":[{"href":"https:\/\/blog-bobika.eu\/index.php?rest_route=%2Fwp%2Fv2%2Fmedia&parent=2643"}],"curies":[{"name":"wp","href":"https:\/\/api.w.org\/{rel}","templated":true}]}}