{"id":2641,"date":"2015-08-28T22:24:44","date_gmt":"2015-08-28T20:24:44","guid":{"rendered":"http:\/\/blog-bobika.eu\/?page_id=2641"},"modified":"2015-08-28T22:24:44","modified_gmt":"2015-08-28T20:24:44","slug":"hej-fredzelki","status":"publish","type":"page","link":"https:\/\/blog-bobika.eu\/?page_id=2641","title":{"rendered":"Hej, fr\u0119dzelki"},"content":{"rendered":"<p>U Bobika smutne liczko,<br \/>\n\u017cal, \u017cal, za Kierowniczk\u0105,<br \/>\nona ju\u017c na Ukrainie,<br \/>\na psu mokre z oka p\u0142ynie&#8230;<br \/>\nHej, hej, hej Fr\u0119dzelki,<br \/>\nwiem, \u017ce i wasz smutek pewnie wielki,<br \/>\nbo na taki typ smuteczku<br \/>\nnie pomo\u017ce \u017cadna bro\u0144.<\/p>\n<p>Ona gdzie\u015b pod \u017bytomierzem,<br \/>\na tu biedne szlocha zwierz\u0119,<br \/>\npasztet\u00f3wki \u017cre\u0107 nie raczy,<br \/>\np\u00f3ki P.K. nie zobaczy&#8230;<br \/>\nHej, hej, hej Fr\u0119dzelki,<br \/>\nwiem, \u017ce i wasz smutek pewnie wielki,<br \/>\nws\u0105cza si\u0119 on po troszeczku,<br \/>\na\u017c posiwie\u0107 mo\u017ce skro\u0144.<\/p>\n<p>Wina, wina, wina dajcie<br \/>\ni na trombach mi zagrajcie,<br \/>\nakcja mi potrzebna taka,<br \/>\nbym si\u0119 na \u015bmier\u0107 nie zap\u0142aka\u0142&#8230;<br \/>\nHej, hej, hej Fr\u0119dzelki,<br \/>\nwyci\u0105gajcie tromby i butelki,<br \/>\ndzi\u015b d\u0142o\u0144 z jak\u0105\u015b piersi\u00f3weczk\u0105,<br \/>\nto pomocna bardzo d\u0142o\u0144.<\/p>\n","protected":false},"excerpt":{"rendered":"<p>U Bobika smutne liczko, \u017cal, \u017cal, za Kierowniczk\u0105, ona ju\u017c na Ukrainie, a psu mokre z oka p\u0142ynie&#8230; Hej, hej, hej Fr\u0119dzelki, wiem, \u017ce i wasz smutek pewnie wielki, bo na taki typ smuteczku nie pomo\u017ce \u017cadna bro\u0144. Ona gdzie\u015b pod \u017bytomierzem, a tu biedne szlocha zwierz\u0119, pasztet\u00f3wki \u017cre\u0107 nie raczy, p\u00f3ki P.K. nie zobaczy&#8230; Hej, hej, hej Fr\u0119dzelki, wiem, \u017ce i wasz smutek pewnie wielki, ws\u0105cza si\u0119 on po troszeczku, a\u017c posiwie\u0107 mo\u017ce skro\u0144. Wina, wina, wina dajcie i na trombach mi zagrajcie, akcja mi potrzebna taka, bym si\u0119 na \u015bmier\u0107 nie zap\u0142aka\u0142&#8230; Hej, hej, hej Fr\u0119dzelki, wyci\u0105gajcie tromby [&hellip;]<\/p>\n","protected":false},"author":274,"featured_media":0,"parent":2571,"menu_order":0,"comment_status":"open","ping_status":"open","template":"wiersze_muzyczne.php","meta":{"footnotes":""},"class_list":["post-2641","page","type-page","status-publish","hentry"],"_links":{"self":[{"href":"https:\/\/blog-bobika.eu\/index.php?rest_route=\/wp\/v2\/pages\/2641","targetHints":{"allow":["GET"]}}],"collection":[{"href":"https:\/\/blog-bobika.eu\/index.php?rest_route=\/wp\/v2\/pages"}],"about":[{"href":"https:\/\/blog-bobika.eu\/index.php?rest_route=\/wp\/v2\/types\/page"}],"author":[{"embeddable":true,"href":"https:\/\/blog-bobika.eu\/index.php?rest_route=\/wp\/v2\/users\/274"}],"replies":[{"embeddable":true,"href":"https:\/\/blog-bobika.eu\/index.php?rest_route=%2Fwp%2Fv2%2Fcomments&post=2641"}],"version-history":[{"count":1,"href":"https:\/\/blog-bobika.eu\/index.php?rest_route=\/wp\/v2\/pages\/2641\/revisions"}],"predecessor-version":[{"id":2642,"href":"https:\/\/blog-bobika.eu\/index.php?rest_route=\/wp\/v2\/pages\/2641\/revisions\/2642"}],"up":[{"embeddable":true,"href":"https:\/\/blog-bobika.eu\/index.php?rest_route=\/wp\/v2\/pages\/2571"}],"wp:attachment":[{"href":"https:\/\/blog-bobika.eu\/index.php?rest_route=%2Fwp%2Fv2%2Fmedia&parent=2641"}],"curies":[{"name":"wp","href":"https:\/\/api.w.org\/{rel}","templated":true}]}}