{"id":2637,"date":"2015-08-28T22:19:46","date_gmt":"2015-08-28T20:19:46","guid":{"rendered":"http:\/\/blog-bobika.eu\/?page_id=2637"},"modified":"2015-08-28T22:19:46","modified_gmt":"2015-08-28T20:19:46","slug":"concerto-grosso","status":"publish","type":"page","link":"https:\/\/blog-bobika.eu\/?page_id=2637","title":{"rendered":"Concerto Grosso"},"content":{"rendered":"<p>Krewetki gdy na talerz sp\u0142yn\u0105,<br \/>\na przy nich krab\u00f3w par\u0119,<br \/>\nniebia\u0144skie s\u0142ysz\u0119 concertino,<br \/>\nboskie tutti di mare.<\/p>\n<p>Wydaj\u0105 z siebie d\u017awi\u0119ki rzewne<br \/>\nripieni calamari&#8230;<br \/>\nAch, takich prze\u017cy\u0107 by zapewne<br \/>\nzazdro\u015bci\u0142 mi sam Szarik.<\/p>\n<p>A kiedy z sepi\u0105 kluski czarne<br \/>\ndo tego jeszcze wnios\u0105,<br \/>\nto si\u0119 prawdziwe kulinarne<br \/>\nrobi Concerto Grosso.<\/p>\n","protected":false},"excerpt":{"rendered":"<p>Krewetki gdy na talerz sp\u0142yn\u0105, a przy nich krab\u00f3w par\u0119, niebia\u0144skie s\u0142ysz\u0119 concertino, boskie tutti di mare. Wydaj\u0105 z siebie d\u017awi\u0119ki rzewne ripieni calamari&#8230; Ach, takich prze\u017cy\u0107 by zapewne zazdro\u015bci\u0142 mi sam Szarik. A kiedy z sepi\u0105 kluski czarne do tego jeszcze wnios\u0105, to si\u0119 prawdziwe kulinarne robi Concerto Grosso.<\/p>\n","protected":false},"author":274,"featured_media":0,"parent":2571,"menu_order":0,"comment_status":"open","ping_status":"open","template":"wiersze_muzyczne.php","meta":{"footnotes":""},"class_list":["post-2637","page","type-page","status-publish","hentry"],"_links":{"self":[{"href":"https:\/\/blog-bobika.eu\/index.php?rest_route=\/wp\/v2\/pages\/2637","targetHints":{"allow":["GET"]}}],"collection":[{"href":"https:\/\/blog-bobika.eu\/index.php?rest_route=\/wp\/v2\/pages"}],"about":[{"href":"https:\/\/blog-bobika.eu\/index.php?rest_route=\/wp\/v2\/types\/page"}],"author":[{"embeddable":true,"href":"https:\/\/blog-bobika.eu\/index.php?rest_route=\/wp\/v2\/users\/274"}],"replies":[{"embeddable":true,"href":"https:\/\/blog-bobika.eu\/index.php?rest_route=%2Fwp%2Fv2%2Fcomments&post=2637"}],"version-history":[{"count":1,"href":"https:\/\/blog-bobika.eu\/index.php?rest_route=\/wp\/v2\/pages\/2637\/revisions"}],"predecessor-version":[{"id":2638,"href":"https:\/\/blog-bobika.eu\/index.php?rest_route=\/wp\/v2\/pages\/2637\/revisions\/2638"}],"up":[{"embeddable":true,"href":"https:\/\/blog-bobika.eu\/index.php?rest_route=\/wp\/v2\/pages\/2571"}],"wp:attachment":[{"href":"https:\/\/blog-bobika.eu\/index.php?rest_route=%2Fwp%2Fv2%2Fmedia&parent=2637"}],"curies":[{"name":"wp","href":"https:\/\/api.w.org\/{rel}","templated":true}]}}