{"id":2635,"date":"2015-08-28T22:18:12","date_gmt":"2015-08-28T20:18:12","guid":{"rendered":"http:\/\/blog-bobika.eu\/?page_id=2635"},"modified":"2015-08-28T22:18:12","modified_gmt":"2015-08-28T20:18:12","slug":"chopin-multimedia","status":"publish","type":"page","link":"https:\/\/blog-bobika.eu\/?page_id=2635","title":{"rendered":"Chopin-multimedia"},"content":{"rendered":"<p>Zebra\u0142a si\u0119 kiedy\u015b profesor\u00f3w rada:<br \/>\njak ten Frycek pisze, to\u017c to nie wypada,<br \/>\nzamiast jednej wersji, dajmy na to z grudnia,<br \/>\non trzy w roku sadzi i \u017cycie utrudnia,<br \/>\ntutaj co\u015b przegapi, \u00f3wdzie zasmaruje,<br \/>\nprzez co po\u015br\u00f3d znawc\u00f3w dochodzi do b\u00f3jek,<br \/>\nbo ka\u017cdy ma swoje zdanie w tej dziedzinie,<br \/>\nkt\u00f3ra z kilku wersji jest s\u0142uszna jedynie.<br \/>\nZawo\u0142ali zatem Fryca na dywanik,<br \/>\n\u017ceby za ba\u0142agan go solidnie zgani\u0107,<br \/>\na ten zamiast &#8222;pardon&#8221; szepn\u0105\u0107 i przeprosi\u0107,<br \/>\njeszcze im si\u0119 stawia i podnosi g\u0142osik:<br \/>\nnikt mnie tu nie b\u0119dzie wo\u0142a\u0142 do tablicy,<br \/>\nja ju\u017c mam romantyzm, nie \u017caden klasycyzm,<br \/>\nzbyt sztywne zasady mog\u0119 wi\u0119c pinkwoli\u0107<br \/>\ni pisa\u0107 etiudy bez paru bemoli,<br \/>\nbez bemola ka\u017cdy jako\u015b mo\u017ce wy\u017cy\u0107,<br \/>\na jak ma kto\u015b w\u0105ty &#8211; to na drog\u0119 krzy\u017cyk.<br \/>\nZ\u0142apa\u0142o si\u0119 gremium za uczone g\u0142owy:<br \/>\no takim nie\u0142adzie w nutach nie ma mowy!<br \/>\nwieczne b\u0119d\u0105 o to spory i ha\u0142asy,<br \/>\nbo Fryc, cho\u0107 romantyk, jednakowo\u017c klasyk.<br \/>\nTu im swoje zdanie Chopek w oczy walnie:<br \/>\nproblem da rozwi\u0105za\u0107 si\u0119 multimedialnie,<br \/>\njak\u0105\u015b zgrabn\u0105 stron\u0119 wymy\u015blcie z polotem<br \/>\ni niech por\u00f3wnuje ten, kto ma ochot\u0119,<br \/>\nba\u0142agan nie b\u0119dzie mniejszy od tej strony,<br \/>\nlecz chopinolog\u00f3w klan zadowolony.<br \/>\nZaszumia\u0142o gremium niby krzew stulistny:<br \/>\nno patrzcie, ten Frycek&#8230; Geniusz! Geniusz istny!<br \/>\nCzemu\u017c nikt z nas nie wpad\u0142 na to, olaboga,<br \/>\nco najwi\u0119ksz\u0105 gratk\u0105 dla chopinologa?<br \/>\nPolecieli szybko pomys\u0142 w \u017cycie wciela\u0107,<br \/>\na Chopek z rado\u015bci upi\u0142 si\u0119 jak bela,<br \/>\nbowiem przy szacunku ca\u0142ym dla publiki,<br \/>\nnie lubi\u0142, by czepia\u0107 si\u0119 go o krzy\u017cyki.<br \/>\nI poszed\u0142 przez ciemny wieczoru aksamit,<br \/>\nobficie po drodze sypi\u0105c bemolami.<\/p>\n","protected":false},"excerpt":{"rendered":"<p>Zebra\u0142a si\u0119 kiedy\u015b profesor\u00f3w rada: jak ten Frycek pisze, to\u017c to nie wypada, zamiast jednej wersji, dajmy na to z grudnia, on trzy w roku sadzi i \u017cycie utrudnia, tutaj co\u015b przegapi, \u00f3wdzie zasmaruje, przez co po\u015br\u00f3d znawc\u00f3w dochodzi do b\u00f3jek, bo ka\u017cdy ma swoje zdanie w tej dziedzinie, kt\u00f3ra z kilku wersji jest s\u0142uszna jedynie. Zawo\u0142ali zatem Fryca na dywanik, \u017ceby za ba\u0142agan go solidnie zgani\u0107, a ten zamiast &#8222;pardon&#8221; szepn\u0105\u0107 i przeprosi\u0107, jeszcze im si\u0119 stawia i podnosi g\u0142osik: nikt mnie tu nie b\u0119dzie wo\u0142a\u0142 do tablicy, ja ju\u017c mam romantyzm, nie \u017caden klasycyzm, zbyt sztywne zasady mog\u0119 [&hellip;]<\/p>\n","protected":false},"author":274,"featured_media":0,"parent":2571,"menu_order":0,"comment_status":"open","ping_status":"open","template":"wiersze_muzyczne.php","meta":{"footnotes":""},"class_list":["post-2635","page","type-page","status-publish","hentry"],"_links":{"self":[{"href":"https:\/\/blog-bobika.eu\/index.php?rest_route=\/wp\/v2\/pages\/2635","targetHints":{"allow":["GET"]}}],"collection":[{"href":"https:\/\/blog-bobika.eu\/index.php?rest_route=\/wp\/v2\/pages"}],"about":[{"href":"https:\/\/blog-bobika.eu\/index.php?rest_route=\/wp\/v2\/types\/page"}],"author":[{"embeddable":true,"href":"https:\/\/blog-bobika.eu\/index.php?rest_route=\/wp\/v2\/users\/274"}],"replies":[{"embeddable":true,"href":"https:\/\/blog-bobika.eu\/index.php?rest_route=%2Fwp%2Fv2%2Fcomments&post=2635"}],"version-history":[{"count":1,"href":"https:\/\/blog-bobika.eu\/index.php?rest_route=\/wp\/v2\/pages\/2635\/revisions"}],"predecessor-version":[{"id":2636,"href":"https:\/\/blog-bobika.eu\/index.php?rest_route=\/wp\/v2\/pages\/2635\/revisions\/2636"}],"up":[{"embeddable":true,"href":"https:\/\/blog-bobika.eu\/index.php?rest_route=\/wp\/v2\/pages\/2571"}],"wp:attachment":[{"href":"https:\/\/blog-bobika.eu\/index.php?rest_route=%2Fwp%2Fv2%2Fmedia&parent=2635"}],"curies":[{"name":"wp","href":"https:\/\/api.w.org\/{rel}","templated":true}]}}