{"id":2631,"date":"2015-08-28T22:10:02","date_gmt":"2015-08-28T20:10:02","guid":{"rendered":"http:\/\/blog-bobika.eu\/?page_id=2631"},"modified":"2015-08-28T22:10:02","modified_gmt":"2015-08-28T20:10:02","slug":"arie-znane-zebrane","status":"publish","type":"page","link":"https:\/\/blog-bobika.eu\/?page_id=2631","title":{"rendered":"Arie znane zebrane"},"content":{"rendered":"<p>(O mio babbino caro)<br \/>\nO, m\u0105 w\u0119dlin\u0119 star\u0105<br \/>\nniech lepiej zmiel\u0105, zmiel\u0105<br \/>\nbo stare dla mego nossa<br \/>\nbynajmniej nie jest bello.<br \/>\nCi, ci, co wol\u0105 stare,<br \/>\nniech si\u0119 zapasem karmi\u0105,<br \/>\na ja to z Ponte Vecchio<br \/>\nspycham butami w Arno!<br \/>\nI my\u015bl\u0119 w tych momentach:<br \/>\nno co, nie jestem \u015bwir.<\/p>\n<p>&#8212;&#8212;&#8212;&#8212;&#8212;&#8212;&#8211;<\/p>\n<p>(Aria szampa\u0144ska)<br \/>\nTen, kto pi\u0142 wino, sflacza\u0142 i przesta\u0142,<br \/>\nsko\u0144czona fiesta, dogas\u0142 jej czar.<br \/>\nKa\u017cda ragazza do \u0142\u00f3\u017cka wraca,<br \/>\nzimny kominek, przygasa \u017car.<br \/>\nZwolna ochota do ta\u0144ca mija,<br \/>\nju\u017c menuetom pora nie sprzyja,<br \/>\ndopijaj panna, zamkniemy bar.<\/p>\n<p>Dobranoc zrz\u0119dom i muzykantom,<br \/>\norkiestra &#8211; spok\u00f3j, pod gro\u017ab\u0105 kar!<br \/>\nJu\u017c noc si\u0119 mglista, senna zaczyna,<br \/>\n\u015bpi ju\u017c dziewczyna, ucich\u0142 ju\u017c gwar.<\/p>\n<p>&#8212;&#8212;&#8212;&#8212;&#8212;&#8212;<\/p>\n<p>(Voi que sapete)<br \/>\nDajcie skarpet\u0119,<br \/>\nchocia\u017c pilnuje BOR,<br \/>\ntamt\u0105, a nie t\u0119,<br \/>\nbo ma lepszy kolor.<\/p>\n<p>T\u0119 kolorow\u0105,<br \/>\ntak, o t\u0119 sz\u0142o,<br \/>\nno, daj\u017ce, krowo,<br \/>\nczy trudne to?<\/p>\n<p>Czemu m\u0105 skarpet\u0119<br \/>\nwzi\u0105\u0142 jaki\u015b \u015bwir?<br \/>\nJa bym go sztyletem&#8230;<br \/>\nPozna\u0142by mir!<\/p>\n<p>Poszed\u0142 drog\u0105 kr\u0119t\u0105,<br \/>\ntam, gdzie wiejski bar,<br \/>\nz m\u0105 skarpet\u0105 \u015bwi\u0119t\u0105&#8230;<br \/>\nBrak na niego kar!<\/p>\n<p>Przy\u0142o\u017cy\u0142bym w szczen\u0119,<br \/>\nbo trzepie mnie,<br \/>\nlub zrobi\u0142 scen\u0119,<br \/>\nlub itepe.<\/p>\n<p>Wypa\u0107ka\u0142bym d\u017cemem, zamkn\u0105\u0142 do dw\u00f3ch zer,<br \/>\ngryz\u0142by palant ziemi\u0119, odda\u0142 mi sw\u00f3j \u017cer,<br \/>\nzap\u0142aci\u0142by za to, co zrobi\u0142 mi,<br \/>\nlecz nie wiem gdzie on, pewnie gdzie\u015b \u015bpi&#8230;<\/p>\n<p>Dajcie skarpet\u0119,<br \/>\nchocia\u017c pilnuje BOR,<br \/>\ntamt\u0105, a nie t\u0119,<br \/>\nbo ma lepszy kolor.<\/p>\n<p>&#8212;&#8212;&#8212;&#8212;&#8212;&#8211;<\/p>\n<p>(Nessun dorma)<br \/>\nPakuj\u0105cy si\u0119:<br \/>\nGdzie ta torba? Gdzie ta torba!<br \/>\nGdzie mi si\u0119 podzia\u0142 wieszak,<br \/>\nco sta\u0142o si\u0119 z miglancem?<br \/>\nNie widz\u0119 szelek,<br \/>\nno, w co ja si\u0119 ubior\u0119<br \/>\ngdzie m\u00f3j p\u00f3\u0142pancerz?<\/p>\n<p>Za blogosfer\u0105 ckni mi si\u0119,<br \/>\nbo nie wiem czy tam wszystko gra&#8230;<br \/>\nNo, no&#8230; p\u00f3jd\u0119 w podskokach w swe wyro,<br \/>\nnim mi si\u0119 \u0142zami popapr\u00e1,<br \/>\nzanim zobacz\u0105, \u017ce kubek mam z esencj\u0105<br \/>\ni nie wypijam.<\/p>\n<p>Ch\u00f3r:<br \/>\nT\u0119 blogosfer\u0119 to on zna,<br \/>\nju\u017c bardzo dawno wci\u0105gn\u0105\u0142 go jej wir.<\/p>\n<p>Pakuj\u0105cy si\u0119:<br \/>\nGdzie r\u0119cznik frottee,<br \/>\nrety, gdzie kufelek,<br \/>\nrety gdzie kufelek,<br \/>\ni ma\u0142y pinczero,<br \/>\npinczero, pinczero!<\/p>\n<p>&#8212;&#8212;&#8212;&#8212;&#8212;&#8212;<\/p>\n<p>(La donna e mobile)<br \/>\nLa krowa \u00e8 mobile,<br \/>\ncho\u0107 j\u0105 przypi\u0119to,<br \/>\nbryknie i w \u015bwi\u0119to<br \/>\nw jasn\u0105 choler\u0119.<\/p>\n<p>Cho\u0107 r\u00f3\u017cni debile<br \/>\nw szkod\u0119 jej liz\u0105,<br \/>\ni kusz\u0105 wiz\u0105,<br \/>\ni mami\u0105 serem &#8211;<\/p>\n<p>la krowa \u00e8 mobile,<br \/>\nwi\u0119c na zakr\u0119tach<br \/>\nzrzuci swe p\u0119ta<br \/>\ni wyrwie si\u0119!<\/p>\n<p>&#8212;&#8212;&#8212;&#8212;&#8212;&#8212;<\/p>\n<p>(Non piu andrai)<br \/>\nNo, bez jaj, przewalone, wieje groz\u0105,<br \/>\nsk\u0105d ta forma potworna, ten bandzioch?<br \/>\nPysk mam brzydki jak Pawka Morozow,<br \/>\nnarcyzm z letka mi pop\u0142yn\u0105\u0142, o kurrr&#8230;.<\/p>\n<p>No, bez jaj, jam podobny do \u015bwini,<br \/>\njak tu rwa\u0107, ka\u017cda pu\u015bci mnie kantem.<br \/>\nKt\u00f3ra zada si\u0119 z takim palantem?<br \/>\nWielbicielek mych zniknie gdzie\u015b sznur!<\/p>\n<p>No, bez jaj, mam fizys \u015bwini,<br \/>\nc\u00f3\u017c tu wini\u0107<br \/>\np\u0142e\u0107 nadobn\u0105, gdy pu\u015bci mnie kantem?<\/p>\n<p>No, bez jaj, przewalone, wieje groz\u0105,<br \/>\nsk\u0105d ta forma potworna, ten bandzioch?<br \/>\nTak jak ciel\u0119 skrzy\u017cowa\u0107 by z koz\u0105,<br \/>\nnarcyzm z letka mi pop\u0142yn\u0105\u0142, o kurrr&#8230;.<\/p>\n<p>Co mam pocz\u0105\u0107 z mord\u0105 tak\u0105,<br \/>\njak tu dalej by\u0107 hulak\u0105,<br \/>\nz ha\u0144by si\u0119 spalam, w urodzie manko,<br \/>\nuchla\u0142bym si\u0119 &#8222;Kryniczank\u0105&#8221;.<br \/>\nJakie\u017c fiasko niegalante<br \/>\ni co pocz\u0105\u0107 mam z takim fantem,<br \/>\npocz\u0105\u0107 z tym fantem<br \/>\npocz\u0105\u0107 z tym fantem?<\/p>\n<p>Nos mam wielki niczym mango,<br \/>\nnigdy ju\u017c nie p\u00f3jd\u0119 w tango&#8230;<\/p>\n<p>Nie mam jak si\u0119 przed tym broni\u0107,<br \/>\ncho\u0107bym na policj\u0119 dzwoni\u0142,<br \/>\ncho\u0107bym zebra\u0142 stado s\u0142oni,<br \/>\ncho\u0107ym zwa\u0142 si\u0119 Berlusconi,<br \/>\ndo urz\u0119du pos\u0142a\u0142 monit,<br \/>\ncho\u0107bym by\u0142 filmowy star.<\/p>\n<p>Trombo graj, mam fizys \u015bwini,<br \/>\ntrombo graj, c\u00f3\u017c tu wini\u0107<br \/>\ntrombo graj, panienk\u0119 z Kcyni,<br \/>\ntrombo graj, gdy pu\u015bci mnie kantem?<\/p>\n<p>No, bez jaj, przewalone, wieje groz\u0105,<br \/>\nto upiorne, nie gruchn\u0119 ju\u017c z Wand\u0105.<br \/>\nJak swe b\u00f3le opisa\u0107 mam proz\u0105?<br \/>\nNarcyzm z letka mi pop\u0142yn\u0105\u0142, o kurrr&#8230;.<\/p>\n<p>Niemo\u017cliwa ju\u017c wiktoria,<br \/>\ncho\u0107bym pasy z siebie dar\u0142,<br \/>\nniemo\u017cliwa ju\u017c wiktoria,<br \/>\ncho\u0107bym pasy z siebie dar\u0142!<\/p>\n<p>&#8212;&#8212;&#8212;&#8212;&#8212;&#8212;&#8212;<\/p>\n<p>(Nonn piu andrai &#8211; wersja polska)<br \/>\nJu\u017c nie b\u0119dziesz, motylku skrzydlaty,<br \/>\nw militarne odziewa\u0142 si\u0119 szmaty,<br \/>\nteraz b\u0119dziesz odprawia\u0142 roraty,<br \/>\nw pe\u0142en z\u0142oce\u0144 przebierzesz si\u0119 str\u00f3j.<\/p>\n<p>Katechizmem zast\u0105pisz dwururk\u0119<br \/>\ni przekona\u0144 nabierzesz niezdrowych,<br \/>\nwygolon\u0105 mia\u0142 b\u0119dziesz tonsurk\u0119,<br \/>\nale b\u0119dziesz jak w armii bojowy,<br \/>\nale b\u0119dziesz jak w armii bojowy!<\/p>\n<p>Zmienisz si\u0119,<br \/>\nporo\u015bniesz w pi\u00f3rka,<br \/>\ng\u0142upstwa wbij\u0105<br \/>\nci do g\u0142owy,<br \/>\nci wbij\u0105 do g\u0142owy\u2026<\/p>\n<p>Ju\u017c nie b\u0119dziesz, motylku skrzydlaty,<br \/>\nmarnie\u0107 w\u015br\u00f3d poborowych pryszczatych,<br \/>\nbra\u0107 nie b\u0119dziesz ju\u017c fury na raty,<br \/>\nw seminarium wykujesz los tw\u00f3j!<\/p>\n<p>&#8212;&#8212;&#8212;&#8212;&#8212;&#8212;-<\/p>\n<p>(La ci darem la mano)<br \/>\nDon Giovanni:<br \/>\nJa ci stare dam siano,<br \/>\nna nim s\u0105 dobre sny,<br \/>\n\u015bwietn\u0105 lunatyk ma noc,<br \/>\nstu bram nie mija, a \u015bpi<\/p>\n<p>Zerlina:<br \/>\nZ Korei, czy nie z Korei,<br \/>\npo trawie tej spoko na SOR,<br \/>\nFelicj\u0119 te\u017c tam wzi\u0119li,<br \/>\npigu\u0142\u0105 j\u0105 karmi\u0105, o, w mor\u2026<br \/>\nd\u0119,<br \/>\npigu\u0142\u0105 j\u0105 karmi\u0105, o, w mor\u2026<\/p>\n<p>DG:<br \/>\nZ sieni j\u0105 wzi\u0119li, ach, veto!<\/p>\n<p>Z:<br \/>\nMy to zalejmy set\u0105!<\/p>\n<p>DG:<br \/>\nCo\u015b mi to pachnie czortem.<\/p>\n<p>Z:<br \/>\nPrzecie\u017c\u2026 nie chc\u0119 twych portek,<br \/>\nnie chc\u0119 twych portek!<\/p>\n<p>DG:<br \/>\nJa dam!<\/p>\n<p>Z:<br \/>\nDla dam?<\/p>\n<p>W duecie:<br \/>\nJa dam dla dam sw\u0105 wen\u0119,<br \/>\nobni\u017c\u0119 nawet cen\u0119,<br \/>\nwa\u017cniejszy ni\u017c centy amor.<\/p>\n<p>&#8212;&#8212;&#8212;&#8212;&#8212;&#8211;<\/p>\n<p>(Va pensiero)<br \/>\nZ\u0142a cholero, ko\u015b\u0107 skrad\u0142a\u015b mi latem,<br \/>\nnie zwa\u017caj\u0105c jak pieska to zaboli,<br \/>\nniech na rany nasypi\u0105 ci soli,<br \/>\nniech ci\u0119, zo\u0142zo, nabij\u0105 na pal.<\/p>\n<p>Niech nahajki u\u017cyj\u0105 i knuta,<br \/>\nniech na ci\u0119\u017ck\u0105 nara\u017c\u0105 ci\u0119 strat\u0119,<br \/>\nbo bez ko\u015bci to pies umar\u0142 w butach,<br \/>\no, jak straszny wype\u0142nia go \u017cal.<\/p>\n<p>Zas\u0142u\u017cy\u0142a\u015b, ty zo\u0142zo, na baty,<br \/>\nza te pod\u0142e, z\u0142odziejskie zap\u0119dy,<br \/>\nnie uchroni\u0105 ci\u0119 \u017cadne urz\u0119dy,<br \/>\nani to, \u017ce uprawiasz kung fu.<\/p>\n<p>O, jak mile na widok tej szmaty<br \/>\ng\u0142o\u015bno krzykn\u0105\u0107: a bodaj ci\u0119 \u015bci\u0119to!<br \/>\nI kosteczk\u0119 odzyska\u0107 nietkni\u0119t\u0105,<br \/>\nkt\u00f3ra cudem wyrwa\u0142a si\u0119 z\u0142u.<\/p>\n","protected":false},"excerpt":{"rendered":"<p>(O mio babbino caro) O, m\u0105 w\u0119dlin\u0119 star\u0105 niech lepiej zmiel\u0105, zmiel\u0105 bo stare dla mego nossa bynajmniej nie jest bello. Ci, ci, co wol\u0105 stare, niech si\u0119 zapasem karmi\u0105, a ja to z Ponte Vecchio spycham butami w Arno! I my\u015bl\u0119 w tych momentach: no co, nie jestem \u015bwir. &#8212;&#8212;&#8212;&#8212;&#8212;&#8212;&#8211; (Aria szampa\u0144ska) Ten, kto pi\u0142 wino, sflacza\u0142 i przesta\u0142, sko\u0144czona fiesta, dogas\u0142 jej czar. Ka\u017cda ragazza do \u0142\u00f3\u017cka wraca, zimny kominek, przygasa \u017car. Zwolna ochota do ta\u0144ca mija, ju\u017c menuetom pora nie sprzyja, dopijaj panna, zamkniemy bar. Dobranoc zrz\u0119dom i muzykantom, orkiestra &#8211; spok\u00f3j, pod gro\u017ab\u0105 kar! Ju\u017c noc [&hellip;]<\/p>\n","protected":false},"author":274,"featured_media":0,"parent":2571,"menu_order":0,"comment_status":"open","ping_status":"open","template":"wiersze_muzyczne.php","meta":{"footnotes":""},"class_list":["post-2631","page","type-page","status-publish","hentry"],"_links":{"self":[{"href":"https:\/\/blog-bobika.eu\/index.php?rest_route=\/wp\/v2\/pages\/2631","targetHints":{"allow":["GET"]}}],"collection":[{"href":"https:\/\/blog-bobika.eu\/index.php?rest_route=\/wp\/v2\/pages"}],"about":[{"href":"https:\/\/blog-bobika.eu\/index.php?rest_route=\/wp\/v2\/types\/page"}],"author":[{"embeddable":true,"href":"https:\/\/blog-bobika.eu\/index.php?rest_route=\/wp\/v2\/users\/274"}],"replies":[{"embeddable":true,"href":"https:\/\/blog-bobika.eu\/index.php?rest_route=%2Fwp%2Fv2%2Fcomments&post=2631"}],"version-history":[{"count":1,"href":"https:\/\/blog-bobika.eu\/index.php?rest_route=\/wp\/v2\/pages\/2631\/revisions"}],"predecessor-version":[{"id":2632,"href":"https:\/\/blog-bobika.eu\/index.php?rest_route=\/wp\/v2\/pages\/2631\/revisions\/2632"}],"up":[{"embeddable":true,"href":"https:\/\/blog-bobika.eu\/index.php?rest_route=\/wp\/v2\/pages\/2571"}],"wp:attachment":[{"href":"https:\/\/blog-bobika.eu\/index.php?rest_route=%2Fwp%2Fv2%2Fmedia&parent=2631"}],"curies":[{"name":"wp","href":"https:\/\/api.w.org\/{rel}","templated":true}]}}