{"id":2627,"date":"2015-08-28T19:35:57","date_gmt":"2015-08-28T17:35:57","guid":{"rendered":"http:\/\/blog-bobika.eu\/?page_id=2627"},"modified":"2015-08-28T19:35:57","modified_gmt":"2015-08-28T17:35:57","slug":"duszyczka-babilasa","status":"publish","type":"page","link":"https:\/\/blog-bobika.eu\/?page_id=2627","title":{"rendered":"Duszyczka Babilasa"},"content":{"rendered":"<p>Kto tam idzie przez pola z buzi\u0105 jasn\u0105 jak \u015bwiczka,<br \/>\nz r\u0105cz\u0119tami grzecznymi, co pod ko\u0142dr\u0119 nie zb\u0142\u0105dz\u0105?<br \/>\nTo na nowo niewinna Babilasa duszyczka,<br \/>\nniesplamiona ob\u017carstwem, pych\u0105, gniewem lub \u017c\u0105dz\u0105.<\/p>\n<p>Kwitnie chaber niebiesko, a mak za to czerwono,<br \/>\nz niewymownym podziwem ogl\u0105daj\u0105 si\u0119 krowy<br \/>\nza t\u0105 dusz\u0105, co cudem powr\u00f3ci\u0142a na \u0142ono,<br \/>\npo skutecznych zabiegach w spa g\u0142\u0119boko duchowym.<\/p>\n<p>Egzorcyzmem schlastana, okadzona mod\u0142ami,<br \/>\npole\u017ca\u0142a z maseczk\u0105, krzy\u017cem, dniem oraz noc\u0105<br \/>\ni si\u0119 g\u0142adka zrobi\u0142a niby jaki aksamit,<br \/>\n\u017ce grzech \u017caden zahaczy\u0107 \u017cywcem nie ma si\u0119 o co.<\/p>\n<p>Grajcie surmy i tromby, ile p\u0142uco pozwoli,<br \/>\nbo niecz\u0119sto a\u017c tak co\u015b nam \u017cyciorys umila,<br \/>\njak ten widok, gdy po\u015br\u00f3d \u0142an\u00f3w r\u00f3\u017c i k\u0105koli<br \/>\nz wyczyszczon\u0105 duszyczk\u0105 si\u0119 przechadza Babilas.<\/p>\n","protected":false},"excerpt":{"rendered":"<p>Kto tam idzie przez pola z buzi\u0105 jasn\u0105 jak \u015bwiczka, z r\u0105cz\u0119tami grzecznymi, co pod ko\u0142dr\u0119 nie zb\u0142\u0105dz\u0105? To na nowo niewinna Babilasa duszyczka, niesplamiona ob\u017carstwem, pych\u0105, gniewem lub \u017c\u0105dz\u0105. Kwitnie chaber niebiesko, a mak za to czerwono, z niewymownym podziwem ogl\u0105daj\u0105 si\u0119 krowy za t\u0105 dusz\u0105, co cudem powr\u00f3ci\u0142a na \u0142ono, po skutecznych zabiegach w spa g\u0142\u0119boko duchowym. Egzorcyzmem schlastana, okadzona mod\u0142ami, pole\u017ca\u0142a z maseczk\u0105, krzy\u017cem, dniem oraz noc\u0105 i si\u0119 g\u0142adka zrobi\u0142a niby jaki aksamit, \u017ce grzech \u017caden zahaczy\u0107 \u017cywcem nie ma si\u0119 o co. Grajcie surmy i tromby, ile p\u0142uco pozwoli, bo niecz\u0119sto a\u017c tak co\u015b nam [&hellip;]<\/p>\n","protected":false},"author":274,"featured_media":0,"parent":2573,"menu_order":0,"comment_status":"open","ping_status":"open","template":"wiersze_osobowosci.php","meta":{"footnotes":""},"class_list":["post-2627","page","type-page","status-publish","hentry"],"_links":{"self":[{"href":"https:\/\/blog-bobika.eu\/index.php?rest_route=\/wp\/v2\/pages\/2627","targetHints":{"allow":["GET"]}}],"collection":[{"href":"https:\/\/blog-bobika.eu\/index.php?rest_route=\/wp\/v2\/pages"}],"about":[{"href":"https:\/\/blog-bobika.eu\/index.php?rest_route=\/wp\/v2\/types\/page"}],"author":[{"embeddable":true,"href":"https:\/\/blog-bobika.eu\/index.php?rest_route=\/wp\/v2\/users\/274"}],"replies":[{"embeddable":true,"href":"https:\/\/blog-bobika.eu\/index.php?rest_route=%2Fwp%2Fv2%2Fcomments&post=2627"}],"version-history":[{"count":1,"href":"https:\/\/blog-bobika.eu\/index.php?rest_route=\/wp\/v2\/pages\/2627\/revisions"}],"predecessor-version":[{"id":2628,"href":"https:\/\/blog-bobika.eu\/index.php?rest_route=\/wp\/v2\/pages\/2627\/revisions\/2628"}],"up":[{"embeddable":true,"href":"https:\/\/blog-bobika.eu\/index.php?rest_route=\/wp\/v2\/pages\/2573"}],"wp:attachment":[{"href":"https:\/\/blog-bobika.eu\/index.php?rest_route=%2Fwp%2Fv2%2Fmedia&parent=2627"}],"curies":[{"name":"wp","href":"https:\/\/api.w.org\/{rel}","templated":true}]}}