{"id":2625,"date":"2015-08-28T19:33:49","date_gmt":"2015-08-28T17:33:49","guid":{"rendered":"http:\/\/blog-bobika.eu\/?page_id=2625"},"modified":"2015-08-28T19:33:49","modified_gmt":"2015-08-28T17:33:49","slug":"dwa-andsole","status":"publish","type":"page","link":"https:\/\/blog-bobika.eu\/?page_id=2625","title":{"rendered":"Dwa andsole"},"content":{"rendered":"<p>Dwa andsole, a i b,<br \/>\npracuj\u0105 bez przerwy &#8211;<br \/>\ndziwne, \u017ce im si\u0119 tak chce,<br \/>\nwszak to szarpie nerwy.<\/p>\n<p>Lepiej by wypi\u0142y co\u015b,<br \/>\nlub wzi\u0119\u0142y metres\u0119,<br \/>\nbo zamarznie im na ko\u015b\u0107<br \/>\nleur folle jeunesse.<\/p>\n<p>Ech raz, iszczio raz,<br \/>\niszczio mnogo, mnogo raz,<br \/>\nech raz, iszczio raz,<br \/>\niszczio mnogo, mnogo raz,<\/p>\n<p>Niech przynajmniej jeden z nich<br \/>\nle\u017cy na kanapie<br \/>\ni przez pracy lu\u017any spych<br \/>\nuprawia terapi\u0119.<\/p>\n<p>Bo gdy chocia\u017c andsol a<br \/>\n\u017cycia smak docenia,<br \/>\njak\u017ce jest zbawienna ta<br \/>\ndrobna schizofrenia.<\/p>\n","protected":false},"excerpt":{"rendered":"<p>Dwa andsole, a i b, pracuj\u0105 bez przerwy &#8211; dziwne, \u017ce im si\u0119 tak chce, wszak to szarpie nerwy. Lepiej by wypi\u0142y co\u015b, lub wzi\u0119\u0142y metres\u0119, bo zamarznie im na ko\u015b\u0107 leur folle jeunesse. Ech raz, iszczio raz, iszczio mnogo, mnogo raz, ech raz, iszczio raz, iszczio mnogo, mnogo raz, Niech przynajmniej jeden z nich le\u017cy na kanapie i przez pracy lu\u017any spych uprawia terapi\u0119. Bo gdy chocia\u017c andsol a \u017cycia smak docenia, jak\u017ce jest zbawienna ta drobna schizofrenia.<\/p>\n","protected":false},"author":274,"featured_media":0,"parent":2573,"menu_order":0,"comment_status":"open","ping_status":"open","template":"wiersze_osobowosci.php","meta":{"footnotes":""},"class_list":["post-2625","page","type-page","status-publish","hentry"],"_links":{"self":[{"href":"https:\/\/blog-bobika.eu\/index.php?rest_route=\/wp\/v2\/pages\/2625","targetHints":{"allow":["GET"]}}],"collection":[{"href":"https:\/\/blog-bobika.eu\/index.php?rest_route=\/wp\/v2\/pages"}],"about":[{"href":"https:\/\/blog-bobika.eu\/index.php?rest_route=\/wp\/v2\/types\/page"}],"author":[{"embeddable":true,"href":"https:\/\/blog-bobika.eu\/index.php?rest_route=\/wp\/v2\/users\/274"}],"replies":[{"embeddable":true,"href":"https:\/\/blog-bobika.eu\/index.php?rest_route=%2Fwp%2Fv2%2Fcomments&post=2625"}],"version-history":[{"count":1,"href":"https:\/\/blog-bobika.eu\/index.php?rest_route=\/wp\/v2\/pages\/2625\/revisions"}],"predecessor-version":[{"id":2626,"href":"https:\/\/blog-bobika.eu\/index.php?rest_route=\/wp\/v2\/pages\/2625\/revisions\/2626"}],"up":[{"embeddable":true,"href":"https:\/\/blog-bobika.eu\/index.php?rest_route=\/wp\/v2\/pages\/2573"}],"wp:attachment":[{"href":"https:\/\/blog-bobika.eu\/index.php?rest_route=%2Fwp%2Fv2%2Fmedia&parent=2625"}],"curies":[{"name":"wp","href":"https:\/\/api.w.org\/{rel}","templated":true}]}}