{"id":2621,"date":"2015-08-28T19:29:03","date_gmt":"2015-08-28T17:29:03","guid":{"rendered":"http:\/\/blog-bobika.eu\/?page_id=2621"},"modified":"2015-08-28T19:29:03","modified_gmt":"2015-08-28T17:29:03","slug":"zeen-muzy","status":"publish","type":"page","link":"https:\/\/blog-bobika.eu\/?page_id=2621","title":{"rendered":"Zeen-muzy"},"content":{"rendered":"<p>W zamtuzie czy za chatk\u0105,<br \/>\nzeen wsz\u0119dzie muz jest gratk\u0105,<br \/>\nwi\u0119c j\u0119cz\u0105 &#8222;czeka\u0107 hadko!<br \/>\nAch we\u017a nas, zeenie, we\u017a!<\/p>\n<p>Dla ciebie, nasz budrysie,<br \/>\ngotowe\u015bmy s\u0105 \u0142ysie\u0107<br \/>\nmie\u0107 haka w \u017cyciorysie,<br \/>\na nawet p\u00f3j\u015b\u0107 na rze\u017a.<\/p>\n<p>Nie cieszy pierza darcie,<br \/>\ngdy nie ma ci\u0119 w da\u0144 karcie<br \/>\ni \u017cycia sens uparcie<br \/>\nwymyka nam si\u0119 z r\u0105k.<\/p>\n<p>Ach zeenie, nie odk\u0142adaj,<br \/>\nju\u017c dzi\u015b si\u0119 z nami zadaj,<br \/>\nbo \u015bmier\u0107 nas spotka &#8211; biada! &#8211;<br \/>\nw\u015br\u00f3d przera\u017aliwych m\u0105k!<\/p>\n","protected":false},"excerpt":{"rendered":"<p>W zamtuzie czy za chatk\u0105, zeen wsz\u0119dzie muz jest gratk\u0105, wi\u0119c j\u0119cz\u0105 &#8222;czeka\u0107 hadko! Ach we\u017a nas, zeenie, we\u017a! Dla ciebie, nasz budrysie, gotowe\u015bmy s\u0105 \u0142ysie\u0107 mie\u0107 haka w \u017cyciorysie, a nawet p\u00f3j\u015b\u0107 na rze\u017a. Nie cieszy pierza darcie, gdy nie ma ci\u0119 w da\u0144 karcie i \u017cycia sens uparcie wymyka nam si\u0119 z r\u0105k. Ach zeenie, nie odk\u0142adaj, ju\u017c dzi\u015b si\u0119 z nami zadaj, bo \u015bmier\u0107 nas spotka &#8211; biada! &#8211; w\u015br\u00f3d przera\u017aliwych m\u0105k!<\/p>\n","protected":false},"author":274,"featured_media":0,"parent":2573,"menu_order":0,"comment_status":"open","ping_status":"open","template":"wiersze_osobowosci.php","meta":{"footnotes":""},"class_list":["post-2621","page","type-page","status-publish","hentry"],"_links":{"self":[{"href":"https:\/\/blog-bobika.eu\/index.php?rest_route=\/wp\/v2\/pages\/2621","targetHints":{"allow":["GET"]}}],"collection":[{"href":"https:\/\/blog-bobika.eu\/index.php?rest_route=\/wp\/v2\/pages"}],"about":[{"href":"https:\/\/blog-bobika.eu\/index.php?rest_route=\/wp\/v2\/types\/page"}],"author":[{"embeddable":true,"href":"https:\/\/blog-bobika.eu\/index.php?rest_route=\/wp\/v2\/users\/274"}],"replies":[{"embeddable":true,"href":"https:\/\/blog-bobika.eu\/index.php?rest_route=%2Fwp%2Fv2%2Fcomments&post=2621"}],"version-history":[{"count":1,"href":"https:\/\/blog-bobika.eu\/index.php?rest_route=\/wp\/v2\/pages\/2621\/revisions"}],"predecessor-version":[{"id":2622,"href":"https:\/\/blog-bobika.eu\/index.php?rest_route=\/wp\/v2\/pages\/2621\/revisions\/2622"}],"up":[{"embeddable":true,"href":"https:\/\/blog-bobika.eu\/index.php?rest_route=\/wp\/v2\/pages\/2573"}],"wp:attachment":[{"href":"https:\/\/blog-bobika.eu\/index.php?rest_route=%2Fwp%2Fv2%2Fmedia&parent=2621"}],"curies":[{"name":"wp","href":"https:\/\/api.w.org\/{rel}","templated":true}]}}