{"id":262,"date":"2014-11-04T00:10:26","date_gmt":"2014-11-03T23:10:26","guid":{"rendered":"http:\/\/blog-bobika.eu\/?page_id=262"},"modified":"2014-11-04T00:10:26","modified_gmt":"2014-11-03T23:10:26","slug":"sliwka","status":"publish","type":"page","link":"https:\/\/blog-bobika.eu\/?page_id=262","title":{"rendered":"\u015aliwka"},"content":{"rendered":"<p>S\u0142abo\u015bci\u0105 \u015bliwki jest wpadanie,<br \/>\nnie tylko w kompot. Nie przesadzam &#8211;<br \/>\nw dowolnym Ameryki stanie<br \/>\nw cokolwiek ona wpa\u015b\u0107 si\u0119 zgadza.<\/p>\n<p>W odleg\u0142ym k\u0105cie Langwedocji,<br \/>\ngdzie cisza, spok\u00f3j i b\u0142awatki,<br \/>\nzjawia si\u0119 nagle na promocji<br \/>\nprowincjonalnej jakiej\u015b wpadki.<\/p>\n<p>Na targ produkt\u00f3w regionalnych,<br \/>\ngdzie\u015b tam w Torino lub w Milano<br \/>\nwbiega i w spos\u00f3b do\u015b\u0107 nachalny<br \/>\nkrzyczy: &#8222;niech \u017cyje Gran Wpadano!&#8221;<\/p>\n<p>Lecz w wielkim \u015bwiecie te\u017c da rad\u0119<br \/>\ni tak\u017ce niez\u0142e ma zagrywki<br \/>\n(wi\u0119kszo\u015b\u0107 dyplomatycznych wpadek<br \/>\nwszak powoduj\u0105 w\u0142a\u015bnie \u015bliwki).<\/p>\n<p>Jak wida\u0107, kompot wobec tego<br \/>\nto betka oraz piku\u015b drobny,<br \/>\nbo w mn\u00f3stwo wersji wpadanego<br \/>\njest zacny \u015bliwczy r\u00f3d zasobny.<\/p>\n<p>I nie odnosi raczej skutku,<br \/>\ngdy ten czy inny owoc biada:<br \/>\n\u015bliwko, przyhamuj, powolutku,<br \/>\ntak ci\u0105gle wpada\u0107 nie wypada&#8230; <\/p>\n","protected":false},"excerpt":{"rendered":"<p>S\u0142abo\u015bci\u0105 \u015bliwki jest wpadanie, nie tylko w kompot. Nie przesadzam &#8211; w dowolnym Ameryki stanie w cokolwiek ona wpa\u015b\u0107 si\u0119 zgadza. W odleg\u0142ym k\u0105cie Langwedocji, gdzie cisza, spok\u00f3j i b\u0142awatki, zjawia si\u0119 nagle na promocji prowincjonalnej jakiej\u015b wpadki. Na targ produkt\u00f3w regionalnych, gdzie\u015b tam w Torino lub w Milano wbiega i w spos\u00f3b do\u015b\u0107 nachalny krzyczy: &#8222;niech \u017cyje Gran Wpadano!&#8221; Lecz w wielkim \u015bwiecie te\u017c da rad\u0119 i tak\u017ce niez\u0142e ma zagrywki (wi\u0119kszo\u015b\u0107 dyplomatycznych wpadek wszak powoduj\u0105 w\u0142a\u015bnie \u015bliwki). Jak wida\u0107, kompot wobec tego to betka oraz piku\u015b drobny, bo w mn\u00f3stwo wersji wpadanego jest zacny \u015bliwczy r\u00f3d zasobny. I [&hellip;]<\/p>\n","protected":false},"author":274,"featured_media":0,"parent":3,"menu_order":0,"comment_status":"open","ping_status":"open","template":"wiersze1.php","meta":{"footnotes":""},"class_list":["post-262","page","type-page","status-publish","hentry"],"_links":{"self":[{"href":"https:\/\/blog-bobika.eu\/index.php?rest_route=\/wp\/v2\/pages\/262","targetHints":{"allow":["GET"]}}],"collection":[{"href":"https:\/\/blog-bobika.eu\/index.php?rest_route=\/wp\/v2\/pages"}],"about":[{"href":"https:\/\/blog-bobika.eu\/index.php?rest_route=\/wp\/v2\/types\/page"}],"author":[{"embeddable":true,"href":"https:\/\/blog-bobika.eu\/index.php?rest_route=\/wp\/v2\/users\/274"}],"replies":[{"embeddable":true,"href":"https:\/\/blog-bobika.eu\/index.php?rest_route=%2Fwp%2Fv2%2Fcomments&post=262"}],"version-history":[{"count":1,"href":"https:\/\/blog-bobika.eu\/index.php?rest_route=\/wp\/v2\/pages\/262\/revisions"}],"predecessor-version":[{"id":1975,"href":"https:\/\/blog-bobika.eu\/index.php?rest_route=\/wp\/v2\/pages\/262\/revisions\/1975"}],"up":[{"embeddable":true,"href":"https:\/\/blog-bobika.eu\/index.php?rest_route=\/wp\/v2\/pages\/3"}],"wp:attachment":[{"href":"https:\/\/blog-bobika.eu\/index.php?rest_route=%2Fwp%2Fv2%2Fmedia&parent=262"}],"curies":[{"name":"wp","href":"https:\/\/api.w.org\/{rel}","templated":true}]}}