{"id":2582,"date":"2015-08-28T13:46:49","date_gmt":"2015-08-28T11:46:49","guid":{"rendered":"http:\/\/blog-bobika.eu\/?page_id=2582"},"modified":"2015-08-28T13:46:49","modified_gmt":"2015-08-28T11:46:49","slug":"zubr","status":"publish","type":"page","link":"https:\/\/blog-bobika.eu\/?page_id=2582","title":{"rendered":"\u017bubr"},"content":{"rendered":"<p>Nie jest lekka dola \u017cubra,<br \/>\nlos go w ci\u0105g\u0142e \u017cucie ubra\u0142,<br \/>\nwi\u0119c miast w nocy syci\u0107 chucie,<br \/>\n\u017cubr ma z \u017cycia tylko \u017cucie.<\/p>\n","protected":false},"excerpt":{"rendered":"<p>Nie jest lekka dola \u017cubra, los go w ci\u0105g\u0142e \u017cucie ubra\u0142, wi\u0119c miast w nocy syci\u0107 chucie, \u017cubr ma z \u017cycia tylko \u017cucie.<\/p>\n","protected":false},"author":274,"featured_media":0,"parent":2567,"menu_order":0,"comment_status":"open","ping_status":"open","template":"wiersze_animalia.php","meta":{"footnotes":""},"class_list":["post-2582","page","type-page","status-publish","hentry"],"_links":{"self":[{"href":"https:\/\/blog-bobika.eu\/index.php?rest_route=\/wp\/v2\/pages\/2582","targetHints":{"allow":["GET"]}}],"collection":[{"href":"https:\/\/blog-bobika.eu\/index.php?rest_route=\/wp\/v2\/pages"}],"about":[{"href":"https:\/\/blog-bobika.eu\/index.php?rest_route=\/wp\/v2\/types\/page"}],"author":[{"embeddable":true,"href":"https:\/\/blog-bobika.eu\/index.php?rest_route=\/wp\/v2\/users\/274"}],"replies":[{"embeddable":true,"href":"https:\/\/blog-bobika.eu\/index.php?rest_route=%2Fwp%2Fv2%2Fcomments&post=2582"}],"version-history":[{"count":1,"href":"https:\/\/blog-bobika.eu\/index.php?rest_route=\/wp\/v2\/pages\/2582\/revisions"}],"predecessor-version":[{"id":2583,"href":"https:\/\/blog-bobika.eu\/index.php?rest_route=\/wp\/v2\/pages\/2582\/revisions\/2583"}],"up":[{"embeddable":true,"href":"https:\/\/blog-bobika.eu\/index.php?rest_route=\/wp\/v2\/pages\/2567"}],"wp:attachment":[{"href":"https:\/\/blog-bobika.eu\/index.php?rest_route=%2Fwp%2Fv2%2Fmedia&parent=2582"}],"curies":[{"name":"wp","href":"https:\/\/api.w.org\/{rel}","templated":true}]}}