{"id":2580,"date":"2015-08-28T13:45:45","date_gmt":"2015-08-28T11:45:45","guid":{"rendered":"http:\/\/blog-bobika.eu\/?page_id=2580"},"modified":"2015-08-28T13:45:45","modified_gmt":"2015-08-28T11:45:45","slug":"zubrzyk","status":"publish","type":"page","link":"https:\/\/blog-bobika.eu\/?page_id=2580","title":{"rendered":"\u017bubrzyk"},"content":{"rendered":"<p>Jak chodzi o \u017cubrzyka,<br \/>\non bardzo ch\u0119tnie bryka,<br \/>\nlecz nie o wczesnej porze &#8211;<br \/>\nwtedy jako\u015b nie mo\u017ce.<br \/>\nSenne ucho i paszcza,<br \/>\nogon si\u0119 leni w chaszczach,<br \/>\nnie sk\u0142oni do zabawy<br \/>\nni spory cebrzyk kawy,<br \/>\nni dobry szczeni\u0105t przyk\u0142ad.<br \/>\nLecz rzecz to ca\u0142kiem zwyk\u0142a,<br \/>\n\u017ce popo\u0142udniem, noc\u0105,<br \/>\n\u017cubrzyk wyczynia to, co<br \/>\nka\u017cdy zwierz w jego wieku,<br \/>\nczyli bryka \u2013 na przek\u00f3r.<\/p>\n","protected":false},"excerpt":{"rendered":"<p>Jak chodzi o \u017cubrzyka, on bardzo ch\u0119tnie bryka, lecz nie o wczesnej porze &#8211; wtedy jako\u015b nie mo\u017ce. Senne ucho i paszcza, ogon si\u0119 leni w chaszczach, nie sk\u0142oni do zabawy ni spory cebrzyk kawy, ni dobry szczeni\u0105t przyk\u0142ad. Lecz rzecz to ca\u0142kiem zwyk\u0142a, \u017ce popo\u0142udniem, noc\u0105, \u017cubrzyk wyczynia to, co ka\u017cdy zwierz w jego wieku, czyli bryka \u2013 na przek\u00f3r.<\/p>\n","protected":false},"author":274,"featured_media":0,"parent":2567,"menu_order":0,"comment_status":"open","ping_status":"open","template":"wiersze_animalia.php","meta":{"footnotes":""},"class_list":["post-2580","page","type-page","status-publish","hentry"],"_links":{"self":[{"href":"https:\/\/blog-bobika.eu\/index.php?rest_route=\/wp\/v2\/pages\/2580","targetHints":{"allow":["GET"]}}],"collection":[{"href":"https:\/\/blog-bobika.eu\/index.php?rest_route=\/wp\/v2\/pages"}],"about":[{"href":"https:\/\/blog-bobika.eu\/index.php?rest_route=\/wp\/v2\/types\/page"}],"author":[{"embeddable":true,"href":"https:\/\/blog-bobika.eu\/index.php?rest_route=\/wp\/v2\/users\/274"}],"replies":[{"embeddable":true,"href":"https:\/\/blog-bobika.eu\/index.php?rest_route=%2Fwp%2Fv2%2Fcomments&post=2580"}],"version-history":[{"count":1,"href":"https:\/\/blog-bobika.eu\/index.php?rest_route=\/wp\/v2\/pages\/2580\/revisions"}],"predecessor-version":[{"id":2581,"href":"https:\/\/blog-bobika.eu\/index.php?rest_route=\/wp\/v2\/pages\/2580\/revisions\/2581"}],"up":[{"embeddable":true,"href":"https:\/\/blog-bobika.eu\/index.php?rest_route=\/wp\/v2\/pages\/2567"}],"wp:attachment":[{"href":"https:\/\/blog-bobika.eu\/index.php?rest_route=%2Fwp%2Fv2%2Fmedia&parent=2580"}],"curies":[{"name":"wp","href":"https:\/\/api.w.org\/{rel}","templated":true}]}}