{"id":2578,"date":"2015-08-28T13:16:43","date_gmt":"2015-08-28T11:16:43","guid":{"rendered":"http:\/\/blog-bobika.eu\/?page_id=2578"},"modified":"2015-08-28T13:16:43","modified_gmt":"2015-08-28T11:16:43","slug":"wilk","status":"publish","type":"page","link":"https:\/\/blog-bobika.eu\/?page_id=2578","title":{"rendered":"Wilk"},"content":{"rendered":"<p>Przyszed\u0142 do dentysty<br \/>\nwilk. Si\u0119 nie certowa\u0142,<br \/>\nusiad\u0142 na fotelu,<br \/>\nk\u0142y zaprezentowa\u0142.<\/p>\n<p>Lecz &#8211; miast wierci\u0107 w z\u0119bach &#8211;<br \/>\nwierci si\u0119 dentysta<br \/>\ni to, co ma w twarzy,<br \/>\nto udr\u0119ka czysta!<\/p>\n<p>Wi\u0119c &#8222;pan \u017cyczy?&#8221; &#8211; pyta,<br \/>\nby przerwa\u0107 udr\u0119k\u0119.<br \/>\nA wilk: &#8222;pa\u0144ski palec,<br \/>\nalbo ca\u0142\u0105 r\u0119k\u0119!&#8221; <\/p>\n","protected":false},"excerpt":{"rendered":"<p>Przyszed\u0142 do dentysty wilk. Si\u0119 nie certowa\u0142, usiad\u0142 na fotelu, k\u0142y zaprezentowa\u0142. Lecz &#8211; miast wierci\u0107 w z\u0119bach &#8211; wierci si\u0119 dentysta i to, co ma w twarzy, to udr\u0119ka czysta! Wi\u0119c &#8222;pan \u017cyczy?&#8221; &#8211; pyta, by przerwa\u0107 udr\u0119k\u0119. A wilk: &#8222;pa\u0144ski palec, albo ca\u0142\u0105 r\u0119k\u0119!&#8221;<\/p>\n","protected":false},"author":274,"featured_media":0,"parent":2567,"menu_order":0,"comment_status":"open","ping_status":"open","template":"wiersze_animalia.php","meta":{"footnotes":""},"class_list":["post-2578","page","type-page","status-publish","hentry"],"_links":{"self":[{"href":"https:\/\/blog-bobika.eu\/index.php?rest_route=\/wp\/v2\/pages\/2578","targetHints":{"allow":["GET"]}}],"collection":[{"href":"https:\/\/blog-bobika.eu\/index.php?rest_route=\/wp\/v2\/pages"}],"about":[{"href":"https:\/\/blog-bobika.eu\/index.php?rest_route=\/wp\/v2\/types\/page"}],"author":[{"embeddable":true,"href":"https:\/\/blog-bobika.eu\/index.php?rest_route=\/wp\/v2\/users\/274"}],"replies":[{"embeddable":true,"href":"https:\/\/blog-bobika.eu\/index.php?rest_route=%2Fwp%2Fv2%2Fcomments&post=2578"}],"version-history":[{"count":2,"href":"https:\/\/blog-bobika.eu\/index.php?rest_route=\/wp\/v2\/pages\/2578\/revisions"}],"predecessor-version":[{"id":3542,"href":"https:\/\/blog-bobika.eu\/index.php?rest_route=\/wp\/v2\/pages\/2578\/revisions\/3542"}],"up":[{"embeddable":true,"href":"https:\/\/blog-bobika.eu\/index.php?rest_route=\/wp\/v2\/pages\/2567"}],"wp:attachment":[{"href":"https:\/\/blog-bobika.eu\/index.php?rest_route=%2Fwp%2Fv2%2Fmedia&parent=2578"}],"curies":[{"name":"wp","href":"https:\/\/api.w.org\/{rel}","templated":true}]}}