{"id":2561,"date":"2015-08-25T00:10:32","date_gmt":"2015-08-24T22:10:32","guid":{"rendered":"http:\/\/blog-bobika.eu\/?page_id=2561"},"modified":"2015-08-25T00:10:32","modified_gmt":"2015-08-24T22:10:32","slug":"zleppek","status":"publish","type":"page","link":"https:\/\/blog-bobika.eu\/?page_id=2561","title":{"rendered":"Zleppek"},"content":{"rendered":"<p>Zn\u00f3w rzeczywisto\u015b\u0107 zacz\u0119\u0142a skrzecze\u0107,<br \/>\nna nic goryla czyn by\u0142 tak bystry.<br \/>\nChocia\u017c publicznie bredzi\u0142 od rzeczy,<br \/>\nbez trudu poszed\u0142 Zleppek w ministry.<br \/>\nGdy nowy sto\u0142ek sobie obejrza\u0142,<br \/>\nra\u017ano podskoczy\u0142 w wielkiej uciesze,<br \/>\noczami biura wch\u0142aniaj\u0105c pejza\u017c<br \/>\ni szepn\u0105\u0142 cicho: po pierwsze kiesze\u0144!<br \/>\nO jej potrzeby zadbam niezw\u0142ocznie,<br \/>\ncho\u0107bym mia\u0142 nie spa\u0107, nie je\u015b\u0107, nie \u017c\u0142opa\u0107,<br \/>\nbo wiem, \u017ce\u015bmy s\u0105 tu jak kartofle:<br \/>\nmog\u0105 posadzi\u0107, albo wykopa\u0107.<br \/>\nCo trzeba powiem, z kim trzeba zawr\u0119<br \/>\nsojusz (wszak zawsze mo\u017cna go zmieni\u0107)<br \/>\nodwiedz\u0119 nawet Pieczersk\u0105 \u0141awr\u0119,<br \/>\nje\u015bli pomog\u0142oby to kieszeni.<br \/>\nP\u00f3j\u015b\u0107 na kolanach do Cz\u0119stochowy<br \/>\nto b\u0119dzie dla mnie trud nienachalny,<br \/>\nw ko\u0144cu pokryje koszt kolan nowych<br \/>\njaki\u015b tam fundusz ministerialny.<br \/>\nW Toruniu b\u0119d\u0119 bywa\u0142 co czwartek,<br \/>\nlub cz\u0119\u015bciej nawet, a w \u0141agiewnikach<br \/>\notworz\u0119 fili\u0119, to tynfa warte,<br \/>\ngdy polityczny da mi kapita\u0142.<br \/>\nPoprawno\u015b\u0107 zgani\u0119, wolno\u015b\u0107 pochwal\u0119,<br \/>\nje\u015bli akurat b\u0119dzie to trendem,<br \/>\nnajcz\u0119\u015bciej za\u015b nic nie powiem wcale,<br \/>\nby przed mo\u017cliwym ustrzec si\u0119 b\u0142\u0119dem.<br \/>\nI tym, co b\u0119d\u0105 mnie mie\u0107 w kieszeni<br \/>\nb\u0119d\u0119 si\u0119 czule nadstawia\u0142 co dzie\u0144.<br \/>\nA teraz cicho, sza! Przem\u00f3wienie<br \/>\nid\u0119 wyg\u0142osi\u0107 dumne:<br \/>\nNarodzie!\u2026<\/p>\n","protected":false},"excerpt":{"rendered":"<p>Zn\u00f3w rzeczywisto\u015b\u0107 zacz\u0119\u0142a skrzecze\u0107, na nic goryla czyn by\u0142 tak bystry. Chocia\u017c publicznie bredzi\u0142 od rzeczy, bez trudu poszed\u0142 Zleppek w ministry. Gdy nowy sto\u0142ek sobie obejrza\u0142, ra\u017ano podskoczy\u0142 w wielkiej uciesze, oczami biura wch\u0142aniaj\u0105c pejza\u017c i szepn\u0105\u0142 cicho: po pierwsze kiesze\u0144! O jej potrzeby zadbam niezw\u0142ocznie, cho\u0107bym mia\u0142 nie spa\u0107, nie je\u015b\u0107, nie \u017c\u0142opa\u0107, bo wiem, \u017ce\u015bmy s\u0105 tu jak kartofle: mog\u0105 posadzi\u0107, albo wykopa\u0107. Co trzeba powiem, z kim trzeba zawr\u0119 sojusz (wszak zawsze mo\u017cna go zmieni\u0107) odwiedz\u0119 nawet Pieczersk\u0105 \u0141awr\u0119, je\u015bli pomog\u0142oby to kieszeni. P\u00f3j\u015b\u0107 na kolanach do Cz\u0119stochowy to b\u0119dzie dla mnie trud nienachalny, w ko\u0144cu [&hellip;]<\/p>\n","protected":false},"author":274,"featured_media":0,"parent":2143,"menu_order":0,"comment_status":"open","ping_status":"open","template":"wiersze_polit.php","meta":{"footnotes":""},"class_list":["post-2561","page","type-page","status-publish","hentry"],"_links":{"self":[{"href":"https:\/\/blog-bobika.eu\/index.php?rest_route=\/wp\/v2\/pages\/2561","targetHints":{"allow":["GET"]}}],"collection":[{"href":"https:\/\/blog-bobika.eu\/index.php?rest_route=\/wp\/v2\/pages"}],"about":[{"href":"https:\/\/blog-bobika.eu\/index.php?rest_route=\/wp\/v2\/types\/page"}],"author":[{"embeddable":true,"href":"https:\/\/blog-bobika.eu\/index.php?rest_route=\/wp\/v2\/users\/274"}],"replies":[{"embeddable":true,"href":"https:\/\/blog-bobika.eu\/index.php?rest_route=%2Fwp%2Fv2%2Fcomments&post=2561"}],"version-history":[{"count":1,"href":"https:\/\/blog-bobika.eu\/index.php?rest_route=\/wp\/v2\/pages\/2561\/revisions"}],"predecessor-version":[{"id":2562,"href":"https:\/\/blog-bobika.eu\/index.php?rest_route=\/wp\/v2\/pages\/2561\/revisions\/2562"}],"up":[{"embeddable":true,"href":"https:\/\/blog-bobika.eu\/index.php?rest_route=\/wp\/v2\/pages\/2143"}],"wp:attachment":[{"href":"https:\/\/blog-bobika.eu\/index.php?rest_route=%2Fwp%2Fv2%2Fmedia&parent=2561"}],"curies":[{"name":"wp","href":"https:\/\/api.w.org\/{rel}","templated":true}]}}