{"id":256,"date":"2009-09-02T18:38:10","date_gmt":"2009-09-02T16:38:10","guid":{"rendered":"http:\/\/blog-bobika.eu\/?page_id=256"},"modified":"2015-08-28T14:03:17","modified_gmt":"2015-08-28T12:03:17","slug":"jelonek","status":"publish","type":"page","link":"https:\/\/blog-bobika.eu\/?page_id=256","title":{"rendered":"Jelonek"},"content":{"rendered":"<p>Jak szybki jest jelonek?<br \/>\nA jaki ma ogonek<br \/>\ni w kt\u00f3r\u0105 biegnie stron\u0119<br \/>\nprzez tajemniczy las?<\/p>\n<p>Czy kiedy wzejdzie dzionek<br \/>\ntereny on zielone<br \/>\nobjada, a skowronek<br \/>\nczy mu umila czas?<\/p>\n<p>Czy nios\u0105 go kopytka?<br \/>\nCzy czasem dziura brzydka<br \/>\nmu p\u0142ynno\u015b\u0107 biegu przytka<br \/>\ni go pozbawi tchu?<\/p>\n<p>Czy traci si\u0142y w bitkach<br \/>\nlub m\u0119czy si\u0119 na spytkach?<br \/>\nCzy w papilot\u00f3w zwitkach<br \/>\nnie ton\u0105 r\u00f3\u017cki mu?<\/p>\n<p>Czy te\u017c poro\u017cem ho\u017co<br \/>\nzahacza o mi\u0142orz\u0105b?<br \/>\nCzy karmy mu do\u0142o\u017c\u0105,<br \/>\ngdy ma na siano smak?<\/p>\n<p>Pytania wci\u0105\u017c si\u0119 mno\u017c\u0105,<br \/>\nzatorem strasznym gro\u017c\u0105,<br \/>\ni wcale nie jest w porzo,<br \/>\ngdy odpowiedzi brak!<\/p>\n","protected":false},"excerpt":{"rendered":"<p>Jak szybki jest jelonek? A jaki ma ogonek i w kt\u00f3r\u0105 biegnie stron\u0119 przez tajemniczy las? Czy kiedy wzejdzie dzionek tereny on zielone objada, a skowronek czy mu umila czas? Czy nios\u0105 go kopytka? Czy czasem dziura brzydka mu p\u0142ynno\u015b\u0107 biegu przytka i go pozbawi tchu? Czy traci si\u0142y w bitkach lub m\u0119czy si\u0119 na spytkach? Czy w papilot\u00f3w zwitkach nie ton\u0105 r\u00f3\u017cki mu? Czy te\u017c poro\u017cem ho\u017co zahacza o mi\u0142orz\u0105b? Czy karmy mu do\u0142o\u017c\u0105, gdy ma na siano smak? Pytania wci\u0105\u017c si\u0119 mno\u017c\u0105, zatorem strasznym gro\u017c\u0105, i wcale nie jest w porzo, gdy odpowiedzi brak!<\/p>\n","protected":false},"author":274,"featured_media":0,"parent":2567,"menu_order":0,"comment_status":"open","ping_status":"open","template":"wiersze_animalia.php","meta":{"footnotes":""},"class_list":["post-256","page","type-page","status-publish","hentry"],"_links":{"self":[{"href":"https:\/\/blog-bobika.eu\/index.php?rest_route=\/wp\/v2\/pages\/256","targetHints":{"allow":["GET"]}}],"collection":[{"href":"https:\/\/blog-bobika.eu\/index.php?rest_route=\/wp\/v2\/pages"}],"about":[{"href":"https:\/\/blog-bobika.eu\/index.php?rest_route=\/wp\/v2\/types\/page"}],"author":[{"embeddable":true,"href":"https:\/\/blog-bobika.eu\/index.php?rest_route=\/wp\/v2\/users\/274"}],"replies":[{"embeddable":true,"href":"https:\/\/blog-bobika.eu\/index.php?rest_route=%2Fwp%2Fv2%2Fcomments&post=256"}],"version-history":[{"count":1,"href":"https:\/\/blog-bobika.eu\/index.php?rest_route=\/wp\/v2\/pages\/256\/revisions"}],"predecessor-version":[{"id":1976,"href":"https:\/\/blog-bobika.eu\/index.php?rest_route=\/wp\/v2\/pages\/256\/revisions\/1976"}],"up":[{"embeddable":true,"href":"https:\/\/blog-bobika.eu\/index.php?rest_route=\/wp\/v2\/pages\/2567"}],"wp:attachment":[{"href":"https:\/\/blog-bobika.eu\/index.php?rest_route=%2Fwp%2Fv2%2Fmedia&parent=256"}],"curies":[{"name":"wp","href":"https:\/\/api.w.org\/{rel}","templated":true}]}}