{"id":2545,"date":"2015-08-24T23:59:56","date_gmt":"2015-08-24T21:59:56","guid":{"rendered":"http:\/\/blog-bobika.eu\/?page_id=2545"},"modified":"2015-08-24T23:59:57","modified_gmt":"2015-08-24T21:59:57","slug":"wsparcie-mas","status":"publish","type":"page","link":"https:\/\/blog-bobika.eu\/?page_id=2545","title":{"rendered":"Wsparcie mas"},"content":{"rendered":"<p>Dobre mas wsparcie<br \/>\nna samym starcie,<br \/>\na jeszcze lepsze,<br \/>\ngdy ci\u0119 podeprze<br \/>\nmasa w momencie,<br \/>\ngdy\u015b na zakr\u0119cie,<br \/>\nnajwi\u0119kszy zysk<br \/>\nza\u015b gdy na pysk<br \/>\npadasz &#8211; i teraz<br \/>\nmasa ci\u0119 wspiera.<\/p>\n","protected":false},"excerpt":{"rendered":"<p>Dobre mas wsparcie na samym starcie, a jeszcze lepsze, gdy ci\u0119 podeprze masa w momencie, gdy\u015b na zakr\u0119cie, najwi\u0119kszy zysk za\u015b gdy na pysk padasz &#8211; i teraz masa ci\u0119 wspiera.<\/p>\n","protected":false},"author":274,"featured_media":0,"parent":2143,"menu_order":0,"comment_status":"open","ping_status":"open","template":"wiersze_polit.php","meta":{"footnotes":""},"class_list":["post-2545","page","type-page","status-publish","hentry"],"_links":{"self":[{"href":"https:\/\/blog-bobika.eu\/index.php?rest_route=\/wp\/v2\/pages\/2545","targetHints":{"allow":["GET"]}}],"collection":[{"href":"https:\/\/blog-bobika.eu\/index.php?rest_route=\/wp\/v2\/pages"}],"about":[{"href":"https:\/\/blog-bobika.eu\/index.php?rest_route=\/wp\/v2\/types\/page"}],"author":[{"embeddable":true,"href":"https:\/\/blog-bobika.eu\/index.php?rest_route=\/wp\/v2\/users\/274"}],"replies":[{"embeddable":true,"href":"https:\/\/blog-bobika.eu\/index.php?rest_route=%2Fwp%2Fv2%2Fcomments&post=2545"}],"version-history":[{"count":1,"href":"https:\/\/blog-bobika.eu\/index.php?rest_route=\/wp\/v2\/pages\/2545\/revisions"}],"predecessor-version":[{"id":2546,"href":"https:\/\/blog-bobika.eu\/index.php?rest_route=\/wp\/v2\/pages\/2545\/revisions\/2546"}],"up":[{"embeddable":true,"href":"https:\/\/blog-bobika.eu\/index.php?rest_route=\/wp\/v2\/pages\/2143"}],"wp:attachment":[{"href":"https:\/\/blog-bobika.eu\/index.php?rest_route=%2Fwp%2Fv2%2Fmedia&parent=2545"}],"curies":[{"name":"wp","href":"https:\/\/api.w.org\/{rel}","templated":true}]}}