{"id":2541,"date":"2015-08-24T23:57:55","date_gmt":"2015-08-24T21:57:55","guid":{"rendered":"http:\/\/blog-bobika.eu\/?page_id=2541"},"modified":"2015-08-24T23:57:55","modified_gmt":"2015-08-24T21:57:55","slug":"wierszyk-z-wierzba","status":"publish","type":"page","link":"https:\/\/blog-bobika.eu\/?page_id=2541","title":{"rendered":"Wierszyk z wierzb\u0105"},"content":{"rendered":"<p>W Szczebrzeszynie wierzba brzmi,<br \/>\nna jej czole troska,<br \/>\npod ni\u0105 czysto polskiej krwi<br \/>\npos\u0142anka Paw\u0142owska.<\/p>\n<p>Chrz\u0105szcz z patosem w tr\u0105b\u0119 dmie,<br \/>\n\u017ce a\u017c uszy puchn\u0105,<br \/>\nz wn\u0119trza wierzby sypie si\u0119<br \/>\npoetyckie pr\u00f3chno.<\/p>\n<p>A pos\u0142anka szybko je<br \/>\nna pomniku stawia,<br \/>\nbo z coko\u0142u zrzuci\u0107 chce<br \/>\npapug\u0119 i pawia.<\/p>\n<p>Tylko wierzby, tylko chrz\u0105szcz,<br \/>\ntre\u015bci swojskie, zdrowe.<br \/>\nNa c\u00f3\u017c wierszy r\u00f3\u017cnych g\u0105szcz,<br \/>\ngdy nie narodowe?<\/p>\n","protected":false},"excerpt":{"rendered":"<p>W Szczebrzeszynie wierzba brzmi, na jej czole troska, pod ni\u0105 czysto polskiej krwi pos\u0142anka Paw\u0142owska. Chrz\u0105szcz z patosem w tr\u0105b\u0119 dmie, \u017ce a\u017c uszy puchn\u0105, z wn\u0119trza wierzby sypie si\u0119 poetyckie pr\u00f3chno. A pos\u0142anka szybko je na pomniku stawia, bo z coko\u0142u zrzuci\u0107 chce papug\u0119 i pawia. Tylko wierzby, tylko chrz\u0105szcz, tre\u015bci swojskie, zdrowe. Na c\u00f3\u017c wierszy r\u00f3\u017cnych g\u0105szcz, gdy nie narodowe?<\/p>\n","protected":false},"author":274,"featured_media":0,"parent":2143,"menu_order":0,"comment_status":"open","ping_status":"open","template":"wiersze_polit.php","meta":{"footnotes":""},"class_list":["post-2541","page","type-page","status-publish","hentry"],"_links":{"self":[{"href":"https:\/\/blog-bobika.eu\/index.php?rest_route=\/wp\/v2\/pages\/2541","targetHints":{"allow":["GET"]}}],"collection":[{"href":"https:\/\/blog-bobika.eu\/index.php?rest_route=\/wp\/v2\/pages"}],"about":[{"href":"https:\/\/blog-bobika.eu\/index.php?rest_route=\/wp\/v2\/types\/page"}],"author":[{"embeddable":true,"href":"https:\/\/blog-bobika.eu\/index.php?rest_route=\/wp\/v2\/users\/274"}],"replies":[{"embeddable":true,"href":"https:\/\/blog-bobika.eu\/index.php?rest_route=%2Fwp%2Fv2%2Fcomments&post=2541"}],"version-history":[{"count":1,"href":"https:\/\/blog-bobika.eu\/index.php?rest_route=\/wp\/v2\/pages\/2541\/revisions"}],"predecessor-version":[{"id":2542,"href":"https:\/\/blog-bobika.eu\/index.php?rest_route=\/wp\/v2\/pages\/2541\/revisions\/2542"}],"up":[{"embeddable":true,"href":"https:\/\/blog-bobika.eu\/index.php?rest_route=\/wp\/v2\/pages\/2143"}],"wp:attachment":[{"href":"https:\/\/blog-bobika.eu\/index.php?rest_route=%2Fwp%2Fv2%2Fmedia&parent=2541"}],"curies":[{"name":"wp","href":"https:\/\/api.w.org\/{rel}","templated":true}]}}