{"id":2530,"date":"2015-08-24T23:19:13","date_gmt":"2015-08-24T21:19:13","guid":{"rendered":"http:\/\/blog-bobika.eu\/?page_id=2530"},"modified":"2015-08-24T23:19:13","modified_gmt":"2015-08-24T21:19:13","slug":"w-oparach-okizmu","status":"publish","type":"page","link":"https:\/\/blog-bobika.eu\/?page_id=2530","title":{"rendered":"W oparach okizmu"},"content":{"rendered":"<p>\u0179le si\u0119 w Kr\u00f3lestwie My\u015bli dzia\u0107 zacz\u0119\u0142o, kiedy<br \/>\nw granice jego wkrad\u0142y si\u0119 podst\u0119pne wredy,<br \/>\nco prawo naturalne wys\u0142a\u0142y na drzewo,<br \/>\ni popchn\u0119\u0142y Kr\u00f3lestwo w naturalne lewo.<br \/>\nZewsz\u0105d wylaz\u0142y zaraz \u0142ajdactwa sko\u0144czone,<br \/>\nniejaki Sartre si\u0119 jawnie prowadza\u0142 z Simonem,<br \/>\nbandy neomarksist\u00f3w napad\u0142y Jakucj\u0119,<br \/>\n\u017ceby tam seksualn\u0105 robi\u0107 rewolucj\u0119,<br \/>\nw europejskich przedszkolach, metod\u0105 wiadom\u0105,<br \/>\ndo menu wprowadzono cichcem serek homo,<br \/>\na nadobna Adorna, kochanka d\u017cendera,<br \/>\nzosta\u0142a konkubentem Marxa Horkheimera,<br \/>\nco w\u015bciek\u0142o feministki, kt\u00f3re \u017cr\u0105cym p\u0142ynem<br \/>\nobla\u0142y katolick\u0105, normaln\u0105 rodzin\u0119,<br \/>\npo czym, do podr\u0119cznik\u00f3w wsadziwszy golizn\u0119,<br \/>\npolecia\u0142y zara\u017ca\u0107 wszystkich ateizmem.<br \/>\nWniosek z tego: religia i ko\u015bcielne \u0142ono<br \/>\nprzed wrogami nauki jedyn\u0105 obron\u0105.<\/p>\n<p>Prawi\u0142 tak M\u0119drzec Oko, a s\u0142uchaczy zgraja<br \/>\nbi\u0142a brawo, nie widz\u0105c, \u017ce to rzewne jaja<br \/>\nz pomy\u015blunku zdrowego i wszelakiej wiedzy,<br \/>\nprelegenta na r\u0119kach nosili koledzy,<br \/>\npiej\u0105c nad erudycj\u0105 i logik\u0105 czyst\u0105&#8230;<br \/>\nTak robi\u0105 czystk\u0119 w my\u015blach okista z okist\u0105.<\/p>\n","protected":false},"excerpt":{"rendered":"<p>\u0179le si\u0119 w Kr\u00f3lestwie My\u015bli dzia\u0107 zacz\u0119\u0142o, kiedy w granice jego wkrad\u0142y si\u0119 podst\u0119pne wredy, co prawo naturalne wys\u0142a\u0142y na drzewo, i popchn\u0119\u0142y Kr\u00f3lestwo w naturalne lewo. Zewsz\u0105d wylaz\u0142y zaraz \u0142ajdactwa sko\u0144czone, niejaki Sartre si\u0119 jawnie prowadza\u0142 z Simonem, bandy neomarksist\u00f3w napad\u0142y Jakucj\u0119, \u017ceby tam seksualn\u0105 robi\u0107 rewolucj\u0119, w europejskich przedszkolach, metod\u0105 wiadom\u0105, do menu wprowadzono cichcem serek homo, a nadobna Adorna, kochanka d\u017cendera, zosta\u0142a konkubentem Marxa Horkheimera, co w\u015bciek\u0142o feministki, kt\u00f3re \u017cr\u0105cym p\u0142ynem obla\u0142y katolick\u0105, normaln\u0105 rodzin\u0119, po czym, do podr\u0119cznik\u00f3w wsadziwszy golizn\u0119, polecia\u0142y zara\u017ca\u0107 wszystkich ateizmem. Wniosek z tego: religia i ko\u015bcielne \u0142ono przed wrogami nauki jedyn\u0105 obron\u0105. [&hellip;]<\/p>\n","protected":false},"author":274,"featured_media":0,"parent":2143,"menu_order":0,"comment_status":"open","ping_status":"open","template":"wiersze_polit.php","meta":{"footnotes":""},"class_list":["post-2530","page","type-page","status-publish","hentry"],"_links":{"self":[{"href":"https:\/\/blog-bobika.eu\/index.php?rest_route=\/wp\/v2\/pages\/2530","targetHints":{"allow":["GET"]}}],"collection":[{"href":"https:\/\/blog-bobika.eu\/index.php?rest_route=\/wp\/v2\/pages"}],"about":[{"href":"https:\/\/blog-bobika.eu\/index.php?rest_route=\/wp\/v2\/types\/page"}],"author":[{"embeddable":true,"href":"https:\/\/blog-bobika.eu\/index.php?rest_route=\/wp\/v2\/users\/274"}],"replies":[{"embeddable":true,"href":"https:\/\/blog-bobika.eu\/index.php?rest_route=%2Fwp%2Fv2%2Fcomments&post=2530"}],"version-history":[{"count":1,"href":"https:\/\/blog-bobika.eu\/index.php?rest_route=\/wp\/v2\/pages\/2530\/revisions"}],"predecessor-version":[{"id":2531,"href":"https:\/\/blog-bobika.eu\/index.php?rest_route=\/wp\/v2\/pages\/2530\/revisions\/2531"}],"up":[{"embeddable":true,"href":"https:\/\/blog-bobika.eu\/index.php?rest_route=\/wp\/v2\/pages\/2143"}],"wp:attachment":[{"href":"https:\/\/blog-bobika.eu\/index.php?rest_route=%2Fwp%2Fv2%2Fmedia&parent=2530"}],"curies":[{"name":"wp","href":"https:\/\/api.w.org\/{rel}","templated":true}]}}