{"id":2520,"date":"2015-08-24T23:14:22","date_gmt":"2015-08-24T21:14:22","guid":{"rendered":"http:\/\/blog-bobika.eu\/?page_id=2520"},"modified":"2015-08-24T23:14:22","modified_gmt":"2015-08-24T21:14:22","slug":"trup-w-sejfie","status":"publish","type":"page","link":"https:\/\/blog-bobika.eu\/?page_id=2520","title":{"rendered":"Trup w sejfie"},"content":{"rendered":"<p>W finans\u00f3w \u015bwiecie wicher nachalny,<br \/>\nbankowo\u015b\u0107 ju\u017c ledwie \u017cywa.<br \/>\nGdzie\u015b tam si\u0119 w sejfie trup kapitalny<br \/>\nmarnym procentem pokrywa. <\/p>\n<p>Hej, wszystko marno\u015b\u0107 nad marno\u015bciami,<br \/>\npo zb\u00f3ju w sejfie tym nudno!<br \/>\ntak bym z innymi hula\u0142 trupami,,<br \/>\nale kod z\u0142ama\u0107 mi trudno. <\/p>\n<p>Mnie to w zamkni\u0119ciu wiecznym trzymaj\u0105,<br \/>\nchrzani\u0105c o stratach i zyskach,<br \/>\nkryzysa za to wolno puszczaj\u0105 &#8211;<br \/>\nniech si\u0119 wystrasz\u0105 ludziska! <\/p>\n","protected":false},"excerpt":{"rendered":"<p>W finans\u00f3w \u015bwiecie wicher nachalny, bankowo\u015b\u0107 ju\u017c ledwie \u017cywa. Gdzie\u015b tam si\u0119 w sejfie trup kapitalny marnym procentem pokrywa. Hej, wszystko marno\u015b\u0107 nad marno\u015bciami, po zb\u00f3ju w sejfie tym nudno! tak bym z innymi hula\u0142 trupami,, ale kod z\u0142ama\u0107 mi trudno. Mnie to w zamkni\u0119ciu wiecznym trzymaj\u0105, chrzani\u0105c o stratach i zyskach, kryzysa za to wolno puszczaj\u0105 &#8211; niech si\u0119 wystrasz\u0105 ludziska!<\/p>\n","protected":false},"author":274,"featured_media":0,"parent":2143,"menu_order":0,"comment_status":"open","ping_status":"open","template":"wiersze_polit.php","meta":{"footnotes":""},"class_list":["post-2520","page","type-page","status-publish","hentry"],"_links":{"self":[{"href":"https:\/\/blog-bobika.eu\/index.php?rest_route=\/wp\/v2\/pages\/2520","targetHints":{"allow":["GET"]}}],"collection":[{"href":"https:\/\/blog-bobika.eu\/index.php?rest_route=\/wp\/v2\/pages"}],"about":[{"href":"https:\/\/blog-bobika.eu\/index.php?rest_route=\/wp\/v2\/types\/page"}],"author":[{"embeddable":true,"href":"https:\/\/blog-bobika.eu\/index.php?rest_route=\/wp\/v2\/users\/274"}],"replies":[{"embeddable":true,"href":"https:\/\/blog-bobika.eu\/index.php?rest_route=%2Fwp%2Fv2%2Fcomments&post=2520"}],"version-history":[{"count":1,"href":"https:\/\/blog-bobika.eu\/index.php?rest_route=\/wp\/v2\/pages\/2520\/revisions"}],"predecessor-version":[{"id":2521,"href":"https:\/\/blog-bobika.eu\/index.php?rest_route=\/wp\/v2\/pages\/2520\/revisions\/2521"}],"up":[{"embeddable":true,"href":"https:\/\/blog-bobika.eu\/index.php?rest_route=\/wp\/v2\/pages\/2143"}],"wp:attachment":[{"href":"https:\/\/blog-bobika.eu\/index.php?rest_route=%2Fwp%2Fv2%2Fmedia&parent=2520"}],"curies":[{"name":"wp","href":"https:\/\/api.w.org\/{rel}","templated":true}]}}