{"id":2505,"date":"2015-08-24T20:31:21","date_gmt":"2015-08-24T18:31:21","guid":{"rendered":"http:\/\/blog-bobika.eu\/?page_id=2505"},"modified":"2015-08-24T20:31:21","modified_gmt":"2015-08-24T18:31:21","slug":"stworzenie-terlika","status":"publish","type":"page","link":"https:\/\/blog-bobika.eu\/?page_id=2505","title":{"rendered":"Stworzenie Terlika"},"content":{"rendered":"<p>Pan przez pi\u0119\u0107 dni ca\u0142ych kreatywnie bryka\u0142,<br \/>\nrobi\u0105c flor\u0119 z faun\u0105, a\u017c wreszcie w dniu sz\u00f3stym<br \/>\nwyrzek\u0142: stworz\u0119 teraz go\u0142ego Terlika,<br \/>\nbo kt\u00f3\u017c dyskutowa\u0107 \u015bmia\u0142by z moim gustem?<\/p>\n<p>Wzi\u0105\u0142 kawa\u0142ek b\u0142ota (wydajne i tanie),<br \/>\nuformowa\u0142 gniota, machn\u0105\u0142 palcem bo\u017cym<br \/>\ni ju\u017c Terlik lata po rajskiej polanie,<br \/>\ntaki golusie\u0144ki, jakim go Pan stworzy\u0142.<\/p>\n<p>Tu banana zerwie, tam przek\u0105si szczawiem,<br \/>\nale co\u015b mu nie w smak, tak przedtem jak potem,<br \/>\nbo wok\u00f3\u0142 pi\u017cmaki, pawiany i pawie,<br \/>\na on chce zadawa\u0107 si\u0119 z prawnym podmiotem.<\/p>\n<p>Wi\u0119c do Pana leci, bo nim w\u015bciek\u0142o\u015b\u0107 miota<br \/>\ni si\u0119 piekli: Panie, co\u015b Pan, zlecia\u0142 z pandy?<br \/>\nCzemu\u015b mnie, dumnego prawnego podmiota,<br \/>\nstworzy\u0142 w towarzystwie tej bezprawnej bandy?!<\/p>\n<p>Pan, utrudzon wielce, chcia\u0142 odpocz\u0105\u0107 krzyn\u0119,<br \/>\nskorzysta\u0107 z urok\u00f3w swej rajskiej krainy,<br \/>\nzatem na ten jazgot zrobi\u0142 straszn\u0105 min\u0119<br \/>\ni powiedzia\u0142 tylko s\u0142owo jedno: wyny!<\/p>\n<p>Szybciej ni\u017c rakieta spad\u0142 Terlik na Ziemi\u0119,<br \/>\nrajskim obyczajem wci\u0105\u017c golizn\u0105 \u015bwiec\u0105c,<br \/>\na tam populacja drze si\u0119: czy Pan drzemie?<br \/>\nNiech go sobie we\u017amie, bo nas tu mdli nieco!<\/p>\n<p>Widzi Pan, \u017ce znowu z odpoczynku nici,<br \/>\nale przecie\u017c cofn\u0105\u0107 nie mo\u017ce prikazu,<br \/>\nno to za pa\u0142eczk\u0119 magiczn\u0105 pochwyci\u0142 &#8211;<br \/>\ni Terlik w ancugu ju\u017c siedzi od razu.<\/p>\n<p>Ujrza\u0142 Pan swe dzie\u0142o, \u017ce jest dobre zoczy\u0142<br \/>\ni w nast\u0119puj\u0105ce si\u0119 odezwa\u0142 s\u0142owa:<br \/>\nTo jest to! Wyznawc\u00f3w oszcz\u0119dzi\u0142em oczy<br \/>\ni jeszczem Terlika wyewoluowa\u0142.<\/p>\n<p>Rzuci\u0142 si\u0119 lud wdzi\u0119czny korne bi\u0107 pok\u0142ony,<br \/>\nPan za\u015b rzuci\u0142 tonem nie ca\u0142kiem \u0142askawym:<br \/>\ndajta mi ju\u017c spok\u00f3j, bom strasznie zm\u0119czony,<br \/>\nile\u017c, kurna, mo\u017cna dba\u0107 o cudze sprawy?<\/p>\n<p>Niech decyzj\u0119 \u015bwiat\u0142\u0105 m\u0105 obwie\u015bci dobosz,<br \/>\noraz wszyscy \u015bwi\u0119ci razem z anio\u0142ami,<br \/>\n\u017ce to, co najgorsze, mata ju\u017c za sob\u0105,<br \/>\na z reszt\u0105 problem\u00f3w rad\u017ata sobie sami.<\/p>\n<p>Po czym odszed\u0142, z brod\u0105 rozwichrzon\u0105 troch\u0119,<br \/>\nZiemi\u0105 si\u0119 ju\u017c wi\u0119cej nie przejmuj\u0105c wcale<br \/>\ni na rajskich \u0142\u0105kach byczy si\u0119 z radoch\u0105,<br \/>\nr\u017cn\u0105c w karty z nied\u017awiedziem, nutri\u0105 i narwalem.<\/p>\n","protected":false},"excerpt":{"rendered":"<p>Pan przez pi\u0119\u0107 dni ca\u0142ych kreatywnie bryka\u0142, robi\u0105c flor\u0119 z faun\u0105, a\u017c wreszcie w dniu sz\u00f3stym wyrzek\u0142: stworz\u0119 teraz go\u0142ego Terlika, bo kt\u00f3\u017c dyskutowa\u0107 \u015bmia\u0142by z moim gustem? Wzi\u0105\u0142 kawa\u0142ek b\u0142ota (wydajne i tanie), uformowa\u0142 gniota, machn\u0105\u0142 palcem bo\u017cym i ju\u017c Terlik lata po rajskiej polanie, taki golusie\u0144ki, jakim go Pan stworzy\u0142. Tu banana zerwie, tam przek\u0105si szczawiem, ale co\u015b mu nie w smak, tak przedtem jak potem, bo wok\u00f3\u0142 pi\u017cmaki, pawiany i pawie, a on chce zadawa\u0107 si\u0119 z prawnym podmiotem. Wi\u0119c do Pana leci, bo nim w\u015bciek\u0142o\u015b\u0107 miota i si\u0119 piekli: Panie, co\u015b Pan, zlecia\u0142 z pandy? Czemu\u015b [&hellip;]<\/p>\n","protected":false},"author":274,"featured_media":0,"parent":2143,"menu_order":0,"comment_status":"open","ping_status":"open","template":"wiersze_polit.php","meta":{"footnotes":""},"class_list":["post-2505","page","type-page","status-publish","hentry"],"_links":{"self":[{"href":"https:\/\/blog-bobika.eu\/index.php?rest_route=\/wp\/v2\/pages\/2505","targetHints":{"allow":["GET"]}}],"collection":[{"href":"https:\/\/blog-bobika.eu\/index.php?rest_route=\/wp\/v2\/pages"}],"about":[{"href":"https:\/\/blog-bobika.eu\/index.php?rest_route=\/wp\/v2\/types\/page"}],"author":[{"embeddable":true,"href":"https:\/\/blog-bobika.eu\/index.php?rest_route=\/wp\/v2\/users\/274"}],"replies":[{"embeddable":true,"href":"https:\/\/blog-bobika.eu\/index.php?rest_route=%2Fwp%2Fv2%2Fcomments&post=2505"}],"version-history":[{"count":1,"href":"https:\/\/blog-bobika.eu\/index.php?rest_route=\/wp\/v2\/pages\/2505\/revisions"}],"predecessor-version":[{"id":2506,"href":"https:\/\/blog-bobika.eu\/index.php?rest_route=\/wp\/v2\/pages\/2505\/revisions\/2506"}],"up":[{"embeddable":true,"href":"https:\/\/blog-bobika.eu\/index.php?rest_route=\/wp\/v2\/pages\/2143"}],"wp:attachment":[{"href":"https:\/\/blog-bobika.eu\/index.php?rest_route=%2Fwp%2Fv2%2Fmedia&parent=2505"}],"curies":[{"name":"wp","href":"https:\/\/api.w.org\/{rel}","templated":true}]}}